{"id":478,"date":"2018-08-03T09:54:43","date_gmt":"2018-08-03T09:54:43","guid":{"rendered":"http:\/\/www.argetek.com.tr\/?page_id=478"},"modified":"2018-08-03T09:54:43","modified_gmt":"2018-08-03T09:54:43","slug":"destek","status":"publish","type":"page","link":"https:\/\/www.argetek.com.tr\/en\/destek\/","title":{"rendered":"Support"},"content":{"rendered":"<div class=\"wpcf7 no-js\" id=\"wpcf7-f101-o1\" lang=\"tr-TR\" dir=\"ltr\">\n<div class=\"screen-reader-response\"><p role=\"status\" aria-live=\"polite\" aria-atomic=\"true\"><\/p> <ul><\/ul><\/div>\n<form action=\"\/en\/wp-json\/wp\/v2\/pages\/478#wpcf7-f101-o1\" method=\"post\" class=\"wpcf7-form init\" aria-label=\"Contact form\" novalidate=\"novalidate\" data-status=\"init\" data-trp-original-action=\"\/en\/wp-json\/wp\/v2\/pages\/478#wpcf7-f101-o1\">\n<div style=\"display: none;\">\n<input type=\"hidden\" name=\"_wpcf7\" value=\"101\" \/>\n<input type=\"hidden\" name=\"_wpcf7_version\" value=\"5.7.7\" \/>\n<input type=\"hidden\" name=\"_wpcf7_locale\" value=\"tr_TR\" \/>\n<input type=\"hidden\" name=\"_wpcf7_unit_tag\" value=\"wpcf7-f101-o1\" \/>\n<input type=\"hidden\" name=\"_wpcf7_container_post\" value=\"0\" \/>\n<input type=\"hidden\" name=\"_wpcf7_posted_data_hash\" value=\"\" \/>\n<input type=\"hidden\" name=\"_wpcf7cf_hidden_group_fields\" value=\"[]\" \/>\n<input type=\"hidden\" name=\"_wpcf7cf_hidden_groups\" value=\"[]\" \/>\n<input type=\"hidden\" name=\"_wpcf7cf_visible_groups\" value=\"[]\" \/>\n<input type=\"hidden\" name=\"_wpcf7cf_repeaters\" value=\"[]\" \/>\n<input type=\"hidden\" name=\"_wpcf7cf_steps\" value=\"{}\" \/>\n<input type=\"hidden\" name=\"_wpcf7cf_options\" value=\"{&quot;form_id&quot;:101,&quot;conditions&quot;:[{&quot;if_field&quot;:&quot;cihazMarka&quot;,&quot;operator&quot;:&quot;equals&quot;,&quot;if_value&quot;:&quot;Di\\u011fer&quot;,&quot;then_field&quot;:&quot;Diger-fields&quot;},{&quot;if_field&quot;:&quot;cihazMarka&quot;,&quot;operator&quot;:&quot;equals&quot;,&quot;if_value&quot;:&quot;Datacolor&quot;,&quot;then_field&quot;:&quot;Datacolor-fields&quot;},{&quot;if_field&quot;:&quot;cihazMarka&quot;,&quot;operator&quot;:&quot;equals&quot;,&quot;if_value&quot;:&quot;Gretag Macbeth&quot;,&quot;then_field&quot;:&quot;Gretag-fields&quot;},{&quot;if_field&quot;:&quot;cihazMarka&quot;,&quot;operator&quot;:&quot;equals&quot;,&quot;if_value&quot;:&quot;X-rite&quot;,&quot;then_field&quot;:&quot;Xrite-fields&quot;},{&quot;if_field&quot;:&quot;cihazMarka&quot;,&quot;operator&quot;:&quot;equals&quot;,&quot;if_value&quot;:&quot;Argetek&quot;,&quot;then_field&quot;:&quot;Argetek-fields&quot;},{&quot;if_field&quot;:&quot;cihazMarka&quot;,&quot;operator&quot;:&quot;equals&quot;,&quot;if_value&quot;:&quot;Konica Miolta&quot;,&quot;then_field&quot;:&quot;Konica-fields&quot;},{&quot;if_field&quot;:&quot;cihazMarka&quot;,&quot;operator&quot;:&quot;equals&quot;,&quot;if_value&quot;:&quot;Daelim&quot;,&quot;then_field&quot;:&quot;Daelim-fields&quot;}],&quot;settings&quot;:{&quot;animation&quot;:&quot;yes&quot;,&quot;animation_intime&quot;:200,&quot;animation_outtime&quot;:200,&quot;conditions_ui&quot;:&quot;normal&quot;,&quot;notice_dismissed&quot;:false,&quot;notice_dismissed_update-cf7-5.6&quot;:true,&quot;notice_dismissed_update-cf7-5.6.2&quot;:true,&quot;notice_dismissed_update-cf7-5.6.4&quot;:true}}\" \/>\n<\/div>\n<div class=\"sh-cf7-body\"><p><label> Form T\u00fcr\u00fc<br \/>\n<span class=\"wpcf7-form-control-wrap\" data-name=\"tur\"><select class=\"wpcf7-form-control wpcf7-select wpcf7-validates-as-required\" aria-required=\"true\" aria-invalid=\"false\" name=\"tur\"><option value=\"Teklif Talep Formu\">Teklif Talep Formu<\/option><option value=\"Servis Talep Formu\">Servis Talep Formu<\/option><option value=\"Kalibrasyon Talep Formu\">Kalibrasyon Talep Formu<\/option><option value=\"E\u011fitim Talep Formu\">E\u011fitim Talep Formu<\/option><\/select><\/span><\/label><br \/>\n<label> \u00dcr\u00fcn Numaras\u0131<br \/>\n<span class=\"wpcf7-form-control-wrap\" data-name=\"urunNo\"><input size=\"40\" class=\"wpcf7-form-control wpcf7-text\" aria-invalid=\"false\" value=\"\" type=\"text\" name=\"urunNo\" \/><\/span> <\/label>\n<\/p>\n<p><label> Soru T\u00fcr\u00fc<br \/>\n<span class=\"wpcf7-form-control-wrap\" data-name=\"soruTuru\"><select class=\"wpcf7-form-control wpcf7-select\" aria-invalid=\"false\" name=\"soruTuru\"><option value=\"Sat\u0131\u015f \u00d6ncesi\">Sat\u0131\u015f \u00d6ncesi<\/option><option value=\"Sat\u0131\u015f Sonras\u0131\">Sat\u0131\u015f Sonras\u0131<\/option><\/select><\/span> <\/label>\n<\/p>\n<p><label> E-posta Adresiniz<br \/>\n<span class=\"wpcf7-form-control-wrap\" data-name=\"email-939\"><input size=\"40\" class=\"wpcf7-form-control wpcf7-text wpcf7-email wpcf7-validates-as-required wpcf7-validates-as-email\" aria-required=\"true\" aria-invalid=\"false\" value=\"\" type=\"email\" name=\"email-939\" \/><\/span><br \/>\n<\/label>\n<\/p>\n<p><label> Telefon Numaran\u0131z<br \/>\n<span class=\"wpcf7-form-control-wrap\" data-name=\"telefonNo\"><input size=\"40\" class=\"wpcf7-form-control wpcf7-text wpcf7-validates-as-required\" aria-required=\"true\" aria-invalid=\"false\" value=\"\" type=\"text\" name=\"telefonNo\" \/><\/span> <\/label>\n<\/p>\n<p><label> Firman\u0131z\u0131n Ad\u0131<br \/>\n<span class=\"wpcf7-form-control-wrap\" data-name=\"firmaAdi\"><input size=\"40\" class=\"wpcf7-form-control wpcf7-text wpcf7-validates-as-required\" aria-required=\"true\" aria-invalid=\"false\" value=\"\" type=\"text\" name=\"firmaAdi\" \/><\/span> <\/label>\n<\/p>\n<p><label> \u015eehir<br \/>\n<span class=\"wpcf7-form-control-wrap\" data-name=\"sehir\"><select class=\"wpcf7-form-control wpcf7-select wpcf7-validates-as-required\" aria-required=\"true\" aria-invalid=\"false\" name=\"sehir\"><option value=\"Adana\">Adana<\/option><option value=\"Ad\u0131yaman\">Ad\u0131yaman<\/option><option value=\"Afyonkarahisar\">Afyonkarahisar<\/option><option value=\"A\u011fr\u0131\">A\u011fr\u0131<\/option><option value=\"Aksaray\">Aksaray<\/option><option value=\"Amasya\">Amasya<\/option><option value=\"Ankara\">Ankara<\/option><option value=\"Antalya\">Antalya<\/option><option value=\"Ardahan\">Ardahan<\/option><option value=\"Artvin\">Artvin<\/option><option value=\"Ayd\u0131n\">Ayd\u0131n<\/option><option value=\"Bal\u0131kesir\">Bal\u0131kesir<\/option><option value=\"Bart\u0131n\">Bart\u0131n<\/option><option value=\"Batman\">Batman<\/option><option value=\"Bayburt\">Bayburt<\/option><option value=\"Bilecik\">Bilecik<\/option><option value=\"Bing\u00f6l\">Bing\u00f6l<\/option><option value=\"Bitlis\">Bitlis<\/option><option value=\"Bolu\">Bolu<\/option><option value=\"Burdur\">Burdur<\/option><option value=\"Bursa\">Bursa<\/option><option value=\"\u00c7anakkale\">\u00c7anakkale<\/option><option value=\"\u00c7ank\u0131r\u0131\">\u00c7ank\u0131r\u0131<\/option><option value=\"\u00c7orum\">\u00c7orum<\/option><option value=\"Denizli\">Denizli<\/option><option value=\"Diyarbak\u0131r\">Diyarbak\u0131r<\/option><option value=\"D\u00fczce\">D\u00fczce<\/option><option value=\"Edirne\">Edirne<\/option><option value=\"Elaz\u0131\u011f\">Elaz\u0131\u011f<\/option><option value=\"Erzincan\">Erzincan<\/option><option value=\"Erzurum\">Erzurum<\/option><option value=\"Eski\u015fehir\">Eski\u015fehir<\/option><option value=\"Gaziantep\">Gaziantep<\/option><option value=\"Giresun\">Giresun<\/option><option value=\"G\u00fcm\u00fc\u015fhane\">G\u00fcm\u00fc\u015fhane<\/option><option value=\"Hakkari\">Hakkari<\/option><option value=\"Hatay\">Hatay<\/option><option value=\"I\u011fd\u0131r\">I\u011fd\u0131r<\/option><option value=\"Isparta\">Isparta<\/option><option value=\"\u0130stanbul\">\u0130stanbul<\/option><option value=\"\u0130zmir\">\u0130zmir<\/option><option value=\"Kahramanmara\u015f\">Kahramanmara\u015f<\/option><option value=\"Karab\u00fck\">Karab\u00fck<\/option><option value=\"Karaman\">Karaman<\/option><option value=\"Kars\">Kars<\/option><option value=\"Kastamonu\">Kastamonu<\/option><option value=\"Kayseri\">Kayseri<\/option><option value=\"K\u0131r\u0131kkale\">K\u0131r\u0131kkale<\/option><option value=\"K\u0131rklareli\">K\u0131rklareli<\/option><option value=\"K\u0131r\u015fehir\">K\u0131r\u015fehir<\/option><option value=\"Kilis\">Kilis<\/option><option value=\"Kocaeli\">Kocaeli<\/option><option value=\"Konya\">Konya<\/option><option value=\"K\u00fctahya\">K\u00fctahya<\/option><option value=\"Malatya\">Malatya<\/option><option value=\"Manisa\">Manisa<\/option><option value=\"Mardin\">Mardin<\/option><option value=\"Mersin\">Mersin<\/option><option value=\"Mu\u011fla\">Mu\u011fla<\/option><option value=\"Mu\u015f\">Mu\u015f<\/option><option value=\"Nev\u015fehir\">Nev\u015fehir<\/option><option value=\"Ni\u011fde\">Ni\u011fde<\/option><option value=\"Ordu\">Ordu<\/option><option value=\"Osmaniye\">Osmaniye<\/option><option value=\"Rize\">Rize<\/option><option value=\"Sakarya\">Sakarya<\/option><option value=\"Samsun\">Samsun<\/option><option value=\"Siirt\">Siirt<\/option><option value=\"Sinop\">Sinop<\/option><option value=\"Sivas\">Sivas<\/option><option value=\"\u015eanl\u0131urfa\">\u015eanl\u0131urfa<\/option><option value=\"\u015e\u0131rnak\">\u015e\u0131rnak<\/option><option value=\"Tekirda\u011f\">Tekirda\u011f<\/option><option value=\"Tokat\">Tokat<\/option><option value=\"Trabzon\">Trabzon<\/option><option value=\"Tunceli\">Tunceli<\/option><option value=\"U\u015fak\">U\u015fak<\/option><option value=\"Van\">Van<\/option><option value=\"Yalova\">Yalova<\/option><option value=\"Yozgat\">Yozgat<\/option><option value=\"Zonguldak\">Zonguldak<\/option><\/select><\/span><\/label>\n<\/p>\n<p><label> Cihaz Marka<br \/>\n<span class=\"wpcf7-form-control-wrap\" data-name=\"cihazMarka\"><select class=\"wpcf7-form-control wpcf7-select wpcf7-validates-as-required\" aria-required=\"true\" aria-invalid=\"false\" name=\"cihazMarka\"><option value=\"Konica Miolta\">Konica Miolta<\/option><option value=\"Daelim\">Daelim<\/option><option value=\"Argetek\">Argetek<\/option><option value=\"X-rite\">X-rite<\/option><option value=\"Gretag Macbeth\">Gretag Macbeth<\/option><option value=\"Datacolor\">Datacolor<\/option><option value=\"Di\u011fer\">Di\u011fer<\/option><\/select><\/span><\/label>\n<\/p>\n<h6>Cihaz Model\n<\/h6>\n<div data-id=\"Konica-fields\" data-orig_data_id=\"Konica-fields\"  data-class=\"wpcf7cf_group\">\n\t<p><span class=\"wpcf7-form-control-wrap\" data-name=\"cihazKonica\"><select class=\"wpcf7-form-control wpcf7-select wpcf7-validates-as-required\" aria-required=\"true\" aria-invalid=\"false\" name=\"cihazKonica\"><option value=\"Se\u00e7iniz\">Se\u00e7iniz<\/option><option value=\"BC-10\">BC-10<\/option><option value=\"CM-2500c\">CM-2500c<\/option><option value=\"CM-2600d\">CM-2600d<\/option><option value=\"CM-2500d\">CM-2500d<\/option><option value=\"CM-3220d\">CM-3220d<\/option><option value=\"CM-3500d\">CM-3500d<\/option><option value=\"CM-3600d\">CM-3600d<\/option><option value=\"CM-3630d\">CM-3630d<\/option><option value=\"CM-3700d\">CM-3700d<\/option><option value=\"CM-512m3\">CM-512m3<\/option><option value=\"CM-700d\">CM-700d<\/option><option value=\"CM-600d\">CM-600d<\/option><option value=\"CR-10\">CR-10<\/option><option value=\"CR-11\">CR-11<\/option><option value=\"CR-11\">CR-11<\/option><option value=\"CM-5\">CM-5<\/option><\/select><\/span>\n\t<\/p>\n<\/div>\n<div data-id=\"Daelim-fields\" data-orig_data_id=\"Daelim-fields\"  data-class=\"wpcf7cf_group\">\n\t<p><span class=\"wpcf7-form-control-wrap\" data-name=\"cihazDaelim\"><select class=\"wpcf7-form-control wpcf7-select wpcf7-validates-as-required\" aria-required=\"true\" aria-invalid=\"false\" name=\"cihazDaelim\"><option value=\"Se\u00e7iniz\">Se\u00e7iniz<\/option><option value=\"Auto Pipetting System - 124ea Dyestuff bottle \/ 2 robots\">Auto Pipetting System - 124ea Dyestuff bottle \/ 2 robots<\/option><option value=\"Auto Pipetting System - 72ea Dyestuff bottle \/ 1 robot\">Auto Pipetting System - 72ea Dyestuff bottle \/ 1 robot<\/option><option value=\"IR Lab. dyeing Machine - 24 pots \/ 150 ml\">IR Lab. dyeing Machine - 24 pots \/ 150 ml<\/option><option value=\"IR Lab. dyeing Machine - 16pots \/ 300 ml\">IR Lab. dyeing Machine - 16pots \/ 300 ml<\/option><option value=\"Auto dosing System Lab. dyeing Machine\">Auto dosing System Lab. dyeing Machine<\/option><option value=\"Dynamic E\/Spinning Machine\">Dynamic E\/Spinning Machine<\/option><option value=\"Mini Tenter\">Mini Tenter<\/option><option value=\"Mini Jet Dyeing Machine\">Mini Jet Dyeing Machine<\/option><option value=\"Tex Steamer\">Tex Steamer<\/option><\/select><\/span>\n\t<\/p>\n<\/div>\n<div data-id=\"Argetek-fields\" data-orig_data_id=\"Argetek-fields\"  data-class=\"wpcf7cf_group\">\n\t<p><span class=\"wpcf7-form-control-wrap\" data-name=\"cihazArgetek\"><select class=\"wpcf7-form-control wpcf7-select wpcf7-validates-as-required\" aria-required=\"true\" aria-invalid=\"false\" name=\"cihazArgetek\"><option value=\"Se\u00e7iniz\">Se\u00e7iniz<\/option><option value=\"ColorMission\">ColorMission<\/option><option value=\"Dosemi\">Dosemi<\/option><option value=\"Di\u011fer\">Di\u011fer<\/option><\/select><\/span>\n\t<\/p>\n<\/div>\n<div data-id=\"Xrite-fields\" data-orig_data_id=\"Xrite-fields\"  data-class=\"wpcf7cf_group\">\n\t<p><span class=\"wpcf7-form-control-wrap\" data-name=\"cihazXrite\"><select class=\"wpcf7-form-control wpcf7-select wpcf7-validates-as-required\" aria-required=\"true\" aria-invalid=\"false\" name=\"cihazXrite\"><option value=\"Se\u00e7iniz\">Se\u00e7iniz<\/option><option value=\"Di\u011fer\">Di\u011fer<\/option><\/select><\/span>\n\t<\/p>\n<\/div>\n<div data-id=\"Gretag-fields\" data-orig_data_id=\"Gretag-fields\"  data-class=\"wpcf7cf_group\">\n\t<p><span class=\"wpcf7-form-control-wrap\" data-name=\"cihazGretag\"><select class=\"wpcf7-form-control wpcf7-select wpcf7-validates-as-required\" aria-required=\"true\" aria-invalid=\"false\" name=\"cihazGretag\"><option value=\"Se\u00e7iniz\">Se\u00e7iniz<\/option><option value=\"Di\u011fer\">Di\u011fer<\/option><\/select><\/span>\n\t<\/p>\n<\/div>\n<div data-id=\"Datacolor-fields\" data-orig_data_id=\"Datacolor-fields\"  data-class=\"wpcf7cf_group\">\n\t<p><span class=\"wpcf7-form-control-wrap\" data-name=\"cihazDatacolor\"><select class=\"wpcf7-form-control wpcf7-select wpcf7-validates-as-required\" aria-required=\"true\" aria-invalid=\"false\" name=\"cihazDatacolor\"><option value=\"Se\u00e7iniz\">Se\u00e7iniz<\/option><option value=\"Di\u011fer\">Di\u011fer<\/option><\/select><\/span>\n\t<\/p>\n<\/div>\n<div data-id=\"Diger-fields\" data-orig_data_id=\"Diger-fields\"  data-class=\"wpcf7cf_group\">\n\t<p><span class=\"wpcf7-form-control-wrap\" data-name=\"cihazDiger\"><select class=\"wpcf7-form-control wpcf7-select wpcf7-validates-as-required\" aria-required=\"true\" aria-invalid=\"false\" name=\"cihazDiger\"><option value=\"Se\u00e7iniz\">Se\u00e7iniz<\/option><option value=\"Di\u011fer\">Di\u011fer<\/option><\/select><\/span>\n\t<\/p>\n<\/div>\n<p><label> Cihaz Seri No<br \/>\n<span class=\"wpcf7-form-control-wrap\" data-name=\"cihazSeriNo\"><input size=\"40\" class=\"wpcf7-form-control wpcf7-text\" aria-invalid=\"false\" value=\"\" type=\"text\" name=\"cihazSeriNo\" \/><\/span> <\/label>\n<\/p>\n<p><label> Beyaz Kalibrasyon seri no (kullan\u0131l\u0131yor ise)<br \/>\n<span class=\"wpcf7-form-control-wrap\" data-name=\"kalibrasyon\"><input size=\"40\" class=\"wpcf7-form-control wpcf7-text\" aria-invalid=\"false\" value=\"\" type=\"text\" name=\"kalibrasyon\" \/><\/span> <\/label>\n<\/p>\n<p><label> Sorunuzu yaz\u0131n veya yap\u0131\u015ft\u0131r\u0131n (gerekli)<br \/>\n<span class=\"wpcf7-form-control-wrap\" data-name=\"sorunYazi\"><textarea cols=\"40\" rows=\"10\" class=\"wpcf7-form-control wpcf7-textarea wpcf7-validates-as-required\" aria-required=\"true\" aria-invalid=\"false\" name=\"sorunYazi\"><\/textarea><\/span> <\/label>\n<\/p>\n<p><input class=\"wpcf7-form-control has-spinner wpcf7-submit\" type=\"submit\" value=\"Send\" \/>\n<\/p><\/div><div class=\"wpcf7-response-output\" aria-hidden=\"true\"><\/div>\n<input type=\"hidden\" name=\"trp-form-language\" value=\"en\"\/><\/form>\n<\/div>","protected":false},"excerpt":{"rendered":"<p>Form T\u00fcr\u00fc Teklif Talep FormuServis Talep FormuKalibrasyon Talep FormuE\u011fitim Talep Formu \u00dcr\u00fcn Numaras\u0131 Soru T\u00fcr\u00fc Sat\u0131\u015f \u00d6ncesiSat\u0131\u015f Sonras\u0131 E-posta Adresiniz Telefon Numaran\u0131z Firman\u0131z\u0131n Ad\u0131 \u015eehir AdanaAd\u0131yamanAfyonkarahisarA\u011fr\u0131AksarayAmasyaAnkaraAntalyaArdahanArtvinAyd\u0131nBal\u0131kesirBart\u0131nBatmanBayburtBilecikBing\u00f6lBitlisBoluBurdurBursa\u00c7anakkale\u00c7ank\u0131r\u0131\u00c7orumDenizliDiyarbak\u0131rD\u00fczceEdirneElaz\u0131\u011fErzincanErzurumEski\u015fehirGaziantepGiresunG\u00fcm\u00fc\u015fhaneHakkariHatayI\u011fd\u0131rIsparta\u0130stanbul\u0130zmirKahramanmara\u015fKarab\u00fckKaramanKarsKastamonuKayseriK\u0131r\u0131kkaleK\u0131rklareliK\u0131r\u015fehirKilisKocaeliKonyaK\u00fctahyaMalatyaManisaMardinMersinMu\u011flaMu\u015fNev\u015fehirNi\u011fdeOrduOsmaniyeRizeSakaryaSamsunSiirtSinopSivas\u015eanl\u0131urfa\u015e\u0131rnakTekirda\u011fTokatTrabzonTunceliU\u015fakVanYalovaYozgatZonguldak Cihaz Marka Konica MioltaDaelimArgetekX-riteGretag MacbethDatacolorDi\u011fer Cihaz Model Se\u00e7inizBC-10CM-2500cCM-2600dCM-2500dCM-3220dCM-3500dCM-3600dCM-3630dCM-3700dCM-512m3CM-700dCM-600dCR-10CR-11CR-11CM-5 Se\u00e7inizAuto Pipetting System &#8211; 124ea Dyestuff bottle \/ 2 robotsAuto Pipetting&#8230;<\/p>","protected":false},"author":3,"featured_media":0,"parent":0,"menu_order":0,"comment_status":"closed","ping_status":"closed","template":"","meta":[],"yoast_head":"<!-- This site is optimized with the Yoast SEO plugin v20.12 - https:\/\/yoast.com\/wordpress\/plugins\/seo\/ -->\n<title>Destek - Argetek Ara\u015ft\u0131rma Geli\u015ftirme Ltd. \u015eti.<\/title>\n<meta name=\"robots\" content=\"index, follow, max-snippet:-1, max-image-preview:large, max-video-preview:-1\" \/>\n<link rel=\"canonical\" href=\"https:\/\/www.argetek.com.tr\/en\/destek\/\" \/>\n<meta property=\"og:locale\" content=\"en_GB\" \/>\n<meta property=\"og:type\" content=\"article\" \/>\n<meta property=\"og:title\" content=\"Destek - Argetek Ara\u015ft\u0131rma Geli\u015ftirme Ltd. \u015eti.\" \/>\n<meta property=\"og:description\" content=\"Form T\u00fcr\u00fc Teklif Talep FormuServis Talep FormuKalibrasyon Talep FormuE\u011fitim Talep Formu \u00dcr\u00fcn Numaras\u0131 Soru T\u00fcr\u00fc Sat\u0131\u015f \u00d6ncesiSat\u0131\u015f Sonras\u0131 E-posta Adresiniz Telefon Numaran\u0131z Firman\u0131z\u0131n Ad\u0131 \u015eehir AdanaAd\u0131yamanAfyonkarahisarA\u011fr\u0131AksarayAmasyaAnkaraAntalyaArdahanArtvinAyd\u0131nBal\u0131kesirBart\u0131nBatmanBayburtBilecikBing\u00f6lBitlisBoluBurdurBursa\u00c7anakkale\u00c7ank\u0131r\u0131\u00c7orumDenizliDiyarbak\u0131rD\u00fczceEdirneElaz\u0131\u011fErzincanErzurumEski\u015fehirGaziantepGiresunG\u00fcm\u00fc\u015fhaneHakkariHatayI\u011fd\u0131rIsparta\u0130stanbul\u0130zmirKahramanmara\u015fKarab\u00fckKaramanKarsKastamonuKayseriK\u0131r\u0131kkaleK\u0131rklareliK\u0131r\u015fehirKilisKocaeliKonyaK\u00fctahyaMalatyaManisaMardinMersinMu\u011flaMu\u015fNev\u015fehirNi\u011fdeOrduOsmaniyeRizeSakaryaSamsunSiirtSinopSivas\u015eanl\u0131urfa\u015e\u0131rnakTekirda\u011fTokatTrabzonTunceliU\u015fakVanYalovaYozgatZonguldak Cihaz Marka Konica MioltaDaelimArgetekX-riteGretag MacbethDatacolorDi\u011fer Cihaz Model Se\u00e7inizBC-10CM-2500cCM-2600dCM-2500dCM-3220dCM-3500dCM-3600dCM-3630dCM-3700dCM-512m3CM-700dCM-600dCR-10CR-11CR-11CM-5 Se\u00e7inizAuto Pipetting System - 124ea Dyestuff bottle \/ 2 robotsAuto Pipetting...\" \/>\n<meta property=\"og:url\" content=\"https:\/\/www.argetek.com.tr\/en\/destek\/\" \/>\n<meta property=\"og:site_name\" content=\"Argetek Ara\u015ft\u0131rma Geli\u015ftirme Ltd. \u015eti.\" \/>\n<meta property=\"article:publisher\" content=\"https:\/\/www.facebook.com\/argeteklimited\" \/>\n<meta name=\"twitter:card\" content=\"summary_large_image\" \/>\n<script type=\"application\/ld+json\" class=\"yoast-schema-graph\">{\"@context\":\"https:\/\/schema.org\",\"@graph\":[{\"@type\":\"WebPage\",\"@id\":\"https:\/\/www.argetek.com.tr\/destek\/\",\"url\":\"https:\/\/www.argetek.com.tr\/destek\/\",\"name\":\"Destek - Argetek Ara\u015ft\u0131rma Geli\u015ftirme Ltd. \u015eti.\",\"isPartOf\":{\"@id\":\"https:\/\/www.argetek.com.tr\/#website\"},\"datePublished\":\"2018-08-03T09:54:43+00:00\",\"dateModified\":\"2018-08-03T09:54:43+00:00\",\"breadcrumb\":{\"@id\":\"https:\/\/www.argetek.com.tr\/destek\/#breadcrumb\"},\"inLanguage\":\"en-GB\",\"potentialAction\":[{\"@type\":\"ReadAction\",\"target\":[\"https:\/\/www.argetek.com.tr\/destek\/\"]}]},{\"@type\":\"BreadcrumbList\",\"@id\":\"https:\/\/www.argetek.com.tr\/destek\/#breadcrumb\",\"itemListElement\":[{\"@type\":\"ListItem\",\"position\":1,\"name\":\"Anasayfa\",\"item\":\"https:\/\/www.argetek.com.tr\/\"},{\"@type\":\"ListItem\",\"position\":2,\"name\":\"Destek\"}]},{\"@type\":\"WebSite\",\"@id\":\"https:\/\/www.argetek.com.tr\/#website\",\"url\":\"https:\/\/www.argetek.com.tr\/\",\"name\":\"ARGETEK\",\"description\":\"Renk Fizi\u011fi Dal\u0131nda \u00c7\u00f6z\u00fcm Orta\u011f\u0131n\u0131z..\",\"publisher\":{\"@id\":\"https:\/\/www.argetek.com.tr\/#organization\"},\"potentialAction\":[{\"@type\":\"SearchAction\",\"target\":{\"@type\":\"EntryPoint\",\"urlTemplate\":\"https:\/\/www.argetek.com.tr\/?s={search_term_string}\"},\"query-input\":\"required name=search_term_string\"}],\"inLanguage\":\"en-GB\"},{\"@type\":\"Organization\",\"@id\":\"https:\/\/www.argetek.com.tr\/#organization\",\"name\":\"ARGETEK\",\"url\":\"https:\/\/www.argetek.com.tr\/\",\"logo\":{\"@type\":\"ImageObject\",\"inLanguage\":\"en-GB\",\"@id\":\"https:\/\/www.argetek.com.tr\/#\/schema\/logo\/image\/\",\"url\":\"https:\/\/www.argetek.com.tr\/wp-content\/uploads\/2021\/04\/Argetek-Logo.ico\",\"contentUrl\":\"https:\/\/www.argetek.com.tr\/wp-content\/uploads\/2021\/04\/Argetek-Logo.ico\",\"width\":1,\"height\":68,\"caption\":\"ARGETEK\"},\"image\":{\"@id\":\"https:\/\/www.argetek.com.tr\/#\/schema\/logo\/image\/\"},\"sameAs\":[\"https:\/\/www.facebook.com\/argeteklimited\",\"https:\/\/www.instagram.com\/argeteklimited\/\",\"https:\/\/tr.linkedin.com\/company\/argetek-ltd\"]}]}<\/script>\n<!-- \/ Yoast SEO plugin. -->","yoast_head_json":{"title":"Destek - Argetek Ara\u015ft\u0131rma Geli\u015ftirme Ltd. \u015eti.","robots":{"index":"index","follow":"follow","max-snippet":"max-snippet:-1","max-image-preview":"max-image-preview:large","max-video-preview":"max-video-preview:-1"},"canonical":"https:\/\/www.argetek.com.tr\/en\/destek\/","og_locale":"en_GB","og_type":"article","og_title":"Destek - Argetek Ara\u015ft\u0131rma Geli\u015ftirme Ltd. \u015eti.","og_description":"Form T\u00fcr\u00fc Teklif Talep FormuServis Talep FormuKalibrasyon Talep FormuE\u011fitim Talep Formu \u00dcr\u00fcn Numaras\u0131 Soru T\u00fcr\u00fc Sat\u0131\u015f \u00d6ncesiSat\u0131\u015f Sonras\u0131 E-posta Adresiniz Telefon Numaran\u0131z Firman\u0131z\u0131n Ad\u0131 \u015eehir AdanaAd\u0131yamanAfyonkarahisarA\u011fr\u0131AksarayAmasyaAnkaraAntalyaArdahanArtvinAyd\u0131nBal\u0131kesirBart\u0131nBatmanBayburtBilecikBing\u00f6lBitlisBoluBurdurBursa\u00c7anakkale\u00c7ank\u0131r\u0131\u00c7orumDenizliDiyarbak\u0131rD\u00fczceEdirneElaz\u0131\u011fErzincanErzurumEski\u015fehirGaziantepGiresunG\u00fcm\u00fc\u015fhaneHakkariHatayI\u011fd\u0131rIsparta\u0130stanbul\u0130zmirKahramanmara\u015fKarab\u00fckKaramanKarsKastamonuKayseriK\u0131r\u0131kkaleK\u0131rklareliK\u0131r\u015fehirKilisKocaeliKonyaK\u00fctahyaMalatyaManisaMardinMersinMu\u011flaMu\u015fNev\u015fehirNi\u011fdeOrduOsmaniyeRizeSakaryaSamsunSiirtSinopSivas\u015eanl\u0131urfa\u015e\u0131rnakTekirda\u011fTokatTrabzonTunceliU\u015fakVanYalovaYozgatZonguldak Cihaz Marka Konica MioltaDaelimArgetekX-riteGretag MacbethDatacolorDi\u011fer Cihaz Model Se\u00e7inizBC-10CM-2500cCM-2600dCM-2500dCM-3220dCM-3500dCM-3600dCM-3630dCM-3700dCM-512m3CM-700dCM-600dCR-10CR-11CR-11CM-5 Se\u00e7inizAuto Pipetting System - 124ea Dyestuff bottle \/ 2 robotsAuto Pipetting...","og_url":"https:\/\/www.argetek.com.tr\/en\/destek\/","og_site_name":"Argetek Ara\u015ft\u0131rma Geli\u015ftirme Ltd. \u015eti.","article_publisher":"https:\/\/www.facebook.com\/argeteklimited","twitter_card":"summary_large_image","schema":{"@context":"https:\/\/schema.org","@graph":[{"@type":"WebPage","@id":"https:\/\/www.argetek.com.tr\/destek\/","url":"https:\/\/www.argetek.com.tr\/destek\/","name":"Destek - Argetek Ara\u015ft\u0131rma Geli\u015ftirme Ltd. \u015eti.","isPartOf":{"@id":"https:\/\/www.argetek.com.tr\/#website"},"datePublished":"2018-08-03T09:54:43+00:00","dateModified":"2018-08-03T09:54:43+00:00","breadcrumb":{"@id":"https:\/\/www.argetek.com.tr\/destek\/#breadcrumb"},"inLanguage":"en-GB","potentialAction":[{"@type":"ReadAction","target":["https:\/\/www.argetek.com.tr\/destek\/"]}]},{"@type":"BreadcrumbList","@id":"https:\/\/www.argetek.com.tr\/destek\/#breadcrumb","itemListElement":[{"@type":"ListItem","position":1,"name":"Anasayfa","item":"https:\/\/www.argetek.com.tr\/"},{"@type":"ListItem","position":2,"name":"Destek"}]},{"@type":"WebSite","@id":"https:\/\/www.argetek.com.tr\/#website","url":"https:\/\/www.argetek.com.tr\/","name":"ARGETEK","description":"Renk Fizi\u011fi Dal\u0131nda \u00c7\u00f6z\u00fcm Orta\u011f\u0131n\u0131z..","publisher":{"@id":"https:\/\/www.argetek.com.tr\/#organization"},"potentialAction":[{"@type":"SearchAction","target":{"@type":"EntryPoint","urlTemplate":"https:\/\/www.argetek.com.tr\/?s={search_term_string}"},"query-input":"required name=search_term_string"}],"inLanguage":"en-GB"},{"@type":"Organization","@id":"https:\/\/www.argetek.com.tr\/#organization","name":"ARGETEK","url":"https:\/\/www.argetek.com.tr\/","logo":{"@type":"ImageObject","inLanguage":"en-GB","@id":"https:\/\/www.argetek.com.tr\/#\/schema\/logo\/image\/","url":"https:\/\/www.argetek.com.tr\/wp-content\/uploads\/2021\/04\/Argetek-Logo.ico","contentUrl":"https:\/\/www.argetek.com.tr\/wp-content\/uploads\/2021\/04\/Argetek-Logo.ico","width":1,"height":68,"caption":"ARGETEK"},"image":{"@id":"https:\/\/www.argetek.com.tr\/#\/schema\/logo\/image\/"},"sameAs":["https:\/\/www.facebook.com\/argeteklimited","https:\/\/www.instagram.com\/argeteklimited\/","https:\/\/tr.linkedin.com\/company\/argetek-ltd"]}]}},"amp_enabled":true,"_links":{"self":[{"href":"https:\/\/www.argetek.com.tr\/en\/wp-json\/wp\/v2\/pages\/478"}],"collection":[{"href":"https:\/\/www.argetek.com.tr\/en\/wp-json\/wp\/v2\/pages"}],"about":[{"href":"https:\/\/www.argetek.com.tr\/en\/wp-json\/wp\/v2\/types\/page"}],"author":[{"embeddable":true,"href":"https:\/\/www.argetek.com.tr\/en\/wp-json\/wp\/v2\/users\/3"}],"replies":[{"embeddable":true,"href":"https:\/\/www.argetek.com.tr\/en\/wp-json\/wp\/v2\/comments?post=478"}],"version-history":[{"count":1,"href":"https:\/\/www.argetek.com.tr\/en\/wp-json\/wp\/v2\/pages\/478\/revisions"}],"predecessor-version":[{"id":479,"href":"https:\/\/www.argetek.com.tr\/en\/wp-json\/wp\/v2\/pages\/478\/revisions\/479"}],"wp:attachment":[{"href":"https:\/\/www.argetek.com.tr\/en\/wp-json\/wp\/v2\/media?parent=478"}],"curies":[{"name":"wp","href":"https:\/\/api.w.org\/{rel}","templated":true}]}}