{"id":46,"date":"2018-03-29T09:34:31","date_gmt":"2018-03-29T09:34:31","guid":{"rendered":"http:\/\/www.argetek.com.tr\/?page_id=46"},"modified":"2021-05-27T07:46:26","modified_gmt":"2021-05-27T07:46:26","slug":"insan-kaynaklari","status":"publish","type":"page","link":"https:\/\/www.argetek.com.tr\/en\/insan-kaynaklari\/","title":{"rendered":"Human Resources"},"content":{"rendered":"<p><strong>\u0130\u015f Ba\u015fvuru Formu<\/strong><\/p>\n\n<div class=\"wpcf7 no-js\" id=\"wpcf7-f91-o1\" lang=\"tr-TR\" dir=\"ltr\">\n<div class=\"screen-reader-response\"><p role=\"status\" aria-live=\"polite\" aria-atomic=\"true\"><\/p> <ul><\/ul><\/div>\n<form action=\"\/en\/wp-json\/wp\/v2\/pages\/46#wpcf7-f91-o1\" method=\"post\" class=\"wpcf7-form init\" aria-label=\"Contact form\" novalidate=\"novalidate\" data-status=\"init\" data-trp-original-action=\"\/en\/wp-json\/wp\/v2\/pages\/46#wpcf7-f91-o1\">\n<div style=\"display: none;\">\n<input type=\"hidden\" name=\"_wpcf7\" value=\"91\" \/>\n<input type=\"hidden\" name=\"_wpcf7_version\" value=\"5.7.7\" \/>\n<input type=\"hidden\" name=\"_wpcf7_locale\" value=\"tr_TR\" \/>\n<input type=\"hidden\" name=\"_wpcf7_unit_tag\" value=\"wpcf7-f91-o1\" \/>\n<input type=\"hidden\" name=\"_wpcf7_container_post\" value=\"0\" \/>\n<input type=\"hidden\" name=\"_wpcf7_posted_data_hash\" value=\"\" \/>\n<input type=\"hidden\" name=\"_wpcf7cf_hidden_group_fields\" value=\"[]\" \/>\n<input type=\"hidden\" name=\"_wpcf7cf_hidden_groups\" value=\"[]\" \/>\n<input type=\"hidden\" name=\"_wpcf7cf_visible_groups\" value=\"[]\" \/>\n<input type=\"hidden\" name=\"_wpcf7cf_repeaters\" value=\"[]\" \/>\n<input type=\"hidden\" name=\"_wpcf7cf_steps\" value=\"{}\" \/>\n<input type=\"hidden\" name=\"_wpcf7cf_options\" value=\"{&quot;form_id&quot;:91,&quot;conditions&quot;:[],&quot;settings&quot;:{&quot;animation&quot;:&quot;yes&quot;,&quot;animation_intime&quot;:200,&quot;animation_outtime&quot;:200,&quot;conditions_ui&quot;:&quot;normal&quot;,&quot;notice_dismissed&quot;:false,&quot;notice_dismissed_update-cf7-5.6&quot;:true,&quot;notice_dismissed_update-cf7-5.6.2&quot;:true,&quot;notice_dismissed_update-cf7-5.6.4&quot;:true}}\" \/>\n<\/div>\n<div class=\"sh-cf7-body\"><p><label> Ad\u0131n\u0131z (gerekli)<br \/>\n<span class=\"wpcf7-form-control-wrap\" data-name=\"your-name\"><input size=\"40\" class=\"wpcf7-form-control wpcf7-text wpcf7-validates-as-required\" aria-required=\"true\" aria-invalid=\"false\" value=\"\" type=\"text\" name=\"your-name\" \/><\/span> <\/label>\n<\/p>\n<p><label> Soyad\u0131n\u0131z (gerekli)<br \/>\n<span class=\"wpcf7-form-control-wrap\" data-name=\"your-surname\"><input size=\"40\" class=\"wpcf7-form-control wpcf7-text wpcf7-validates-as-required\" aria-required=\"true\" aria-invalid=\"false\" value=\"\" type=\"text\" name=\"your-surname\" \/><\/span> <\/label>\n<\/p>\n<p><label> Cinsiyet (gerekli)<br \/>\n<span class=\"wpcf7-form-control-wrap\" data-name=\"cinsiyet\"><select class=\"wpcf7-form-control wpcf7-select wpcf7-validates-as-required\" aria-required=\"true\" aria-invalid=\"false\" name=\"cinsiyet\"><option value=\"Bay\">Bay<\/option><option value=\"Bayan\">Bayan<\/option><\/select><\/span> <\/label>\n<\/p>\n<p><label> Do\u011fum Tarihi (gerekli)<br \/>\n<span class=\"wpcf7-form-control-wrap\" data-name=\"your-birth\"><input size=\"40\" class=\"wpcf7-form-control wpcf7-text wpcf7-validates-as-required\" aria-required=\"true\" aria-invalid=\"false\" value=\"\" type=\"text\" name=\"your-birth\" \/><\/span> <\/label>\n<\/p>\n<p><label> Uyruk (gerekli)<br \/>\n<span class=\"wpcf7-form-control-wrap\" data-name=\"uyruk\"><select class=\"wpcf7-form-control wpcf7-select wpcf7-validates-as-required\" aria-required=\"true\" aria-invalid=\"false\" name=\"uyruk\"><option value=\"T\u00fcrkiye\">T\u00fcrkiye<\/option><option value=\"Bulgaristan\">Bulgaristan<\/option><option value=\"Di\u011fer\">Di\u011fer<\/option><\/select><\/span><\/label>\n<\/p>\n<p><label> Medeni Durum (gerekli)<br \/>\n<span class=\"wpcf7-form-control-wrap\" data-name=\"medenidurum\"><select class=\"wpcf7-form-control wpcf7-select wpcf7-validates-as-required\" aria-required=\"true\" aria-invalid=\"false\" name=\"medenidurum\"><option value=\"Bekar\">Bekar<\/option><option value=\"Evli\">Evli<\/option><option value=\"Bo\u015fanm\u0131\u015f\">Bo\u015fanm\u0131\u015f<\/option><\/select><\/span><\/label>\n<\/p>\n<p><label> Adres (gerekli)<br \/>\n<span class=\"wpcf7-form-control-wrap\" data-name=\"adres\"><textarea cols=\"40\" rows=\"10\" class=\"wpcf7-form-control wpcf7-textarea wpcf7-validates-as-required\" aria-required=\"true\" aria-invalid=\"false\" name=\"adres\"><\/textarea><\/span><\/label>\n<\/p>\n<p><label> Ev Telefonu<br \/>\n<span class=\"wpcf7-form-control-wrap\" data-name=\"evtelefon\"><input size=\"40\" class=\"wpcf7-form-control wpcf7-text\" aria-invalid=\"false\" value=\"\" type=\"text\" name=\"evtelefon\" \/><\/span><\/label>\n<\/p>\n<p><label> \u0130\u015f Telefonu<br \/>\n<span class=\"wpcf7-form-control-wrap\" data-name=\"istelefon\"><input size=\"40\" class=\"wpcf7-form-control wpcf7-text\" aria-invalid=\"false\" value=\"\" type=\"text\" name=\"istelefon\" \/><\/span><\/label>\n<\/p>\n<p><label> Cep Telefonu (gerekli)<br \/>\n<span class=\"wpcf7-form-control-wrap\" data-name=\"ceptelefon\"><input size=\"40\" class=\"wpcf7-form-control wpcf7-text wpcf7-validates-as-required\" aria-required=\"true\" aria-invalid=\"false\" value=\"\" type=\"text\" name=\"ceptelefon\" \/><\/span><\/label>\n<\/p>\n<p><label> E-posta adresiniz (gerekli)<br \/>\n<span class=\"wpcf7-form-control-wrap\" data-name=\"your-email\"><input size=\"40\" class=\"wpcf7-form-control wpcf7-text wpcf7-email wpcf7-validates-as-required wpcf7-validates-as-email\" aria-required=\"true\" aria-invalid=\"false\" value=\"\" type=\"email\" name=\"your-email\" \/><\/span> <\/label>\n<\/p>\n<h2><b>\u0130\u015f Deneyimi<\/b>\n<\/h2>\n<p><label> Firma Ad\u0131<br \/>\n<span class=\"wpcf7-form-control-wrap\" data-name=\"firmadi\"><input size=\"40\" class=\"wpcf7-form-control wpcf7-text\" aria-invalid=\"false\" value=\"\" type=\"text\" name=\"firmadi\" \/><\/span><\/label>\n<\/p>\n<p><label> G\u00f6revi<br \/>\n<span class=\"wpcf7-form-control-wrap\" data-name=\"gorev\"><input size=\"40\" class=\"wpcf7-form-control wpcf7-text\" aria-invalid=\"false\" value=\"\" type=\"text\" name=\"gorev\" \/><\/span><\/label>\n<\/p>\n<p><label> Giri\u015f Tarihi<br \/>\n<span class=\"wpcf7-form-control-wrap\" data-name=\"girisTarihi\"><input size=\"40\" class=\"wpcf7-form-control wpcf7-text\" aria-invalid=\"false\" value=\"\" type=\"text\" name=\"girisTarihi\" \/><\/span><\/label>\n<\/p>\n<p><label> \u00c7\u0131k\u0131\u015f Ad\u0131<br \/>\n<span class=\"wpcf7-form-control-wrap\" data-name=\"cikisTarihi\"><input size=\"40\" class=\"wpcf7-form-control wpcf7-text\" aria-invalid=\"false\" value=\"\" type=\"text\" name=\"cikisTarihi\" \/><\/span><\/label>\n<\/p>\n<p><label> Maa\u015f<br \/>\n<span class=\"wpcf7-form-control-wrap\" data-name=\"maas\"><input size=\"40\" class=\"wpcf7-form-control wpcf7-text\" aria-invalid=\"false\" value=\"\" type=\"text\" name=\"maas\" \/><\/span><\/label>\n<\/p>\n<p><label> Ayr\u0131l\u0131\u015f Nedeni<br \/>\n<span class=\"wpcf7-form-control-wrap\" data-name=\"ayrilisNedeni\"><input size=\"40\" class=\"wpcf7-form-control wpcf7-text\" aria-invalid=\"false\" value=\"\" type=\"text\" name=\"ayrilisNedeni\" \/><\/span><\/label>\n<\/p>\n<h2><b>Okul Bilgisi<\/b>\n<\/h2>\n<p><label> Mezun Oldu\u011fu En Son Okul<br \/>\n<span class=\"wpcf7-form-control-wrap\" data-name=\"okulDurumu\"><select class=\"wpcf7-form-control wpcf7-select\" aria-invalid=\"false\" name=\"okulDurumu\"><option value=\"Lise\">Lise<\/option><option value=\"Meslek Lisesi\">Meslek Lisesi<\/option><option value=\"\u00dcniversite\">\u00dcniversite<\/option><option value=\"Doktora\">Doktora<\/option><\/select><\/span><\/label>\n<\/p>\n<h2><b>Lise<\/b>\n<\/h2>\n<p><label> Okul Ad\u0131<br \/>\n<span class=\"wpcf7-form-control-wrap\" data-name=\"liseAdi\"><input size=\"40\" class=\"wpcf7-form-control wpcf7-text\" aria-invalid=\"false\" value=\"\" type=\"text\" name=\"liseAdi\" \/><\/span><\/label>\n<\/p>\n<p><label> B\u00f6l\u00fcm<br \/>\n<span class=\"wpcf7-form-control-wrap\" data-name=\"bolum\"><input size=\"40\" class=\"wpcf7-form-control wpcf7-text\" aria-invalid=\"false\" value=\"\" type=\"text\" name=\"bolum\" \/><\/span><\/label>\n<\/p>\n<p><label> Giri\u015f Tarihi<br \/>\n<span class=\"wpcf7-form-control-wrap\" data-name=\"girisLise\"><input size=\"40\" class=\"wpcf7-form-control wpcf7-text\" aria-invalid=\"false\" value=\"\" type=\"text\" name=\"girisLise\" \/><\/span><\/label>\n<\/p>\n<p><label> Mezuniyet Y\u0131l\u0131<br \/>\n<span class=\"wpcf7-form-control-wrap\" data-name=\"mezuniyetLise\"><input size=\"40\" class=\"wpcf7-form-control wpcf7-text\" aria-invalid=\"false\" value=\"\" type=\"text\" name=\"mezuniyetLise\" \/><\/span><\/label>\n<\/p>\n<h2><b>\u00dcniversite<\/b>\n<\/h2>\n<p><label> Okul Ad\u0131<br \/>\n<span class=\"wpcf7-form-control-wrap\" data-name=\"uniAdi\"><input size=\"40\" class=\"wpcf7-form-control wpcf7-text\" aria-invalid=\"false\" value=\"\" type=\"text\" name=\"uniAdi\" \/><\/span><\/label>\n<\/p>\n<p><label> B\u00f6l\u00fcm<br \/>\n<span class=\"wpcf7-form-control-wrap\" data-name=\"bolumUni\"><input size=\"40\" class=\"wpcf7-form-control wpcf7-text\" aria-invalid=\"false\" value=\"\" type=\"text\" name=\"bolumUni\" \/><\/span><\/label>\n<\/p>\n<p><label> Giri\u015f Tarihi<br \/>\n<span class=\"wpcf7-form-control-wrap\" data-name=\"girisUni\"><input size=\"40\" class=\"wpcf7-form-control wpcf7-text\" aria-invalid=\"false\" value=\"\" type=\"text\" name=\"girisUni\" \/><\/span><\/label>\n<\/p>\n<p><label> Mezuniyet Y\u0131l\u0131<br \/>\n<span class=\"wpcf7-form-control-wrap\" data-name=\"mezuniyetUni\"><input size=\"40\" class=\"wpcf7-form-control wpcf7-text\" aria-invalid=\"false\" value=\"\" type=\"text\" name=\"mezuniyetUni\" \/><\/span><\/label>\n<\/p>\n<h2><b>Di\u011fer Diller<\/b>\n<\/h2>\n<p><label> \u0130ngilizce<br \/>\n<span class=\"wpcf7-form-control-wrap\" data-name=\"ing\"><select class=\"wpcf7-form-control wpcf7-select\" aria-invalid=\"false\" name=\"ing\"><option value=\"Ba\u015flang\u0131\u00e7\">Ba\u015flang\u0131\u00e7<\/option><option value=\"Orta\">Orta<\/option><option value=\"\u0130yi\">\u0130yi<\/option><option value=\"\u00c7ok \u0130yi\">\u00c7ok \u0130yi<\/option><\/select><\/span><\/label>\n<\/p>\n<p><label> T\u00fcrk\u00e7e<br \/>\n<span class=\"wpcf7-form-control-wrap\" data-name=\"turkce\"><select class=\"wpcf7-form-control wpcf7-select\" aria-invalid=\"false\" name=\"turkce\"><option value=\"Ba\u015flang\u0131\u00e7\">Ba\u015flang\u0131\u00e7<\/option><option value=\"Orta\">Orta<\/option><option value=\"\u0130yi\">\u0130yi<\/option><option value=\"\u00c7ok \u0130yi\">\u00c7ok \u0130yi<\/option><\/select><\/span><\/label>\n<\/p>\n<p><label> Almanca<br \/>\n<span class=\"wpcf7-form-control-wrap\" data-name=\"almanca\"><select class=\"wpcf7-form-control wpcf7-select\" aria-invalid=\"false\" name=\"almanca\"><option value=\"Ba\u015flang\u0131\u00e7\">Ba\u015flang\u0131\u00e7<\/option><option value=\"Orta\">Orta<\/option><option value=\"\u0130yi\">\u0130yi<\/option><option value=\"\u00c7ok \u0130yi\">\u00c7ok \u0130yi<\/option><\/select><\/span><\/label>\n<\/p>\n<p><label> \u0130spanyolca<br \/>\n<span class=\"wpcf7-form-control-wrap\" data-name=\"ispanyolca\"><select class=\"wpcf7-form-control wpcf7-select\" aria-invalid=\"false\" name=\"ispanyolca\"><option value=\"Ba\u015flang\u0131\u00e7\">Ba\u015flang\u0131\u00e7<\/option><option value=\"Orta\">Orta<\/option><option value=\"\u0130yi\">\u0130yi<\/option><option value=\"\u00c7ok \u0130yi\">\u00c7ok \u0130yi<\/option><\/select><\/span><\/label>\n<\/p>\n<p><label> Portekizce<br \/>\n<span class=\"wpcf7-form-control-wrap\" data-name=\"portekizce\"><select class=\"wpcf7-form-control wpcf7-select\" aria-invalid=\"false\" name=\"portekizce\"><option value=\"Ba\u015flang\u0131\u00e7\">Ba\u015flang\u0131\u00e7<\/option><option value=\"Orta\">Orta<\/option><option value=\"\u0130yi\">\u0130yi<\/option><option value=\"\u00c7ok \u0130yi\">\u00c7ok \u0130yi<\/option><\/select><\/span><\/label>\n<\/p>\n<h2><b>Kat\u0131ld\u0131\u011f\u0131n\u0131z Seminer ve Kurslar<\/b>\n<\/h2>\n<p><label> Kat\u0131ld\u0131\u011f\u0131n\u0131z Seminer ve Kurslar<br \/>\n<span class=\"wpcf7-form-control-wrap\" data-name=\"kursVeSem\"><textarea cols=\"40\" rows=\"10\" class=\"wpcf7-form-control wpcf7-textarea\" aria-invalid=\"false\" name=\"kursVeSem\"><\/textarea><\/span><\/label>\n<\/p>\n<h2><b>Bilgisayar Bilgisi<\/b>\n<\/h2>\n<p><label> Programlar<br \/>\n<span class=\"wpcf7-form-control-wrap\" data-name=\"programlar\"><textarea cols=\"40\" rows=\"10\" class=\"wpcf7-form-control wpcf7-textarea\" aria-invalid=\"false\" name=\"programlar\"><\/textarea><\/span><\/label>\n<\/p>\n<h2><b>Referanslar<\/b>\n<\/h2>\n<p><label><br \/>\n<span class=\"wpcf7-form-control-wrap\" data-name=\"programlar\"><textarea cols=\"40\" rows=\"10\" class=\"wpcf7-form-control wpcf7-textarea\" aria-invalid=\"false\" name=\"programlar\"><\/textarea><\/span><\/label>\n<\/p>\n<h2><b>Di\u011fer<\/b>\n<\/h2>\n<p><label><br \/>\n<span class=\"wpcf7-form-control-wrap\" data-name=\"programlar\"><textarea cols=\"40\" rows=\"10\" class=\"wpcf7-form-control wpcf7-textarea\" aria-invalid=\"false\" name=\"programlar\"><\/textarea><\/span><\/label>\n<\/p>\n<p><input class=\"wpcf7-form-control has-spinner wpcf7-submit\" type=\"submit\" value=\"Send\" \/>\n<\/p><\/div><div class=\"wpcf7-response-output\" aria-hidden=\"true\"><\/div>\n<input type=\"hidden\" name=\"trp-form-language\" value=\"en\"\/><\/form>\n<\/div>\n\n<p>&nbsp;<\/p>\n<p><!-- 53f81d543c4baa24544d058cb1fd63bb --><\/p>","protected":false},"excerpt":{"rendered":"<p>\u0130\u015f Ba\u015fvuru Formu Ad\u0131n\u0131z (gerekli) Soyad\u0131n\u0131z (gerekli) Cinsiyet (gerekli) BayBayan Do\u011fum Tarihi (gerekli) Uyruk (gerekli) T\u00fcrkiyeBulgaristanDi\u011fer Medeni Durum (gerekli) BekarEvliBo\u015fanm\u0131\u015f Adres (gerekli) Ev Telefonu \u0130\u015f Telefonu Cep Telefonu (gerekli) E-posta adresiniz (gerekli) \u0130\u015f Deneyimi Firma Ad\u0131 G\u00f6revi Giri\u015f Tarihi \u00c7\u0131k\u0131\u015f Ad\u0131 Maa\u015f Ayr\u0131l\u0131\u015f Nedeni Okul&#8230;<\/p>","protected":false},"author":1,"featured_media":0,"parent":0,"menu_order":0,"comment_status":"closed","ping_status":"closed","template":"","meta":[],"yoast_head":"<!-- This site is optimized with the Yoast SEO plugin v20.12 - https:\/\/yoast.com\/wordpress\/plugins\/seo\/ -->\n<title>\u0130nsan Kaynaklar\u0131 - Argetek Ara\u015ft\u0131rma Geli\u015ftirme Ltd. \u015eti.<\/title>\n<meta name=\"robots\" content=\"index, follow, max-snippet:-1, max-image-preview:large, max-video-preview:-1\" \/>\n<link rel=\"canonical\" href=\"https:\/\/www.argetek.com.tr\/en\/insan-kaynaklari\/\" \/>\n<meta property=\"og:locale\" content=\"en_GB\" \/>\n<meta property=\"og:type\" content=\"article\" \/>\n<meta property=\"og:title\" content=\"\u0130nsan Kaynaklar\u0131 - Argetek Ara\u015ft\u0131rma Geli\u015ftirme Ltd. \u015eti.\" \/>\n<meta property=\"og:description\" content=\"\u0130\u015f Ba\u015fvuru Formu Ad\u0131n\u0131z (gerekli) Soyad\u0131n\u0131z (gerekli) Cinsiyet (gerekli) BayBayan Do\u011fum Tarihi (gerekli) Uyruk (gerekli) T\u00fcrkiyeBulgaristanDi\u011fer Medeni Durum (gerekli) BekarEvliBo\u015fanm\u0131\u015f Adres (gerekli) Ev Telefonu \u0130\u015f Telefonu Cep Telefonu (gerekli) E-posta adresiniz (gerekli) \u0130\u015f Deneyimi Firma Ad\u0131 G\u00f6revi Giri\u015f Tarihi \u00c7\u0131k\u0131\u015f Ad\u0131 Maa\u015f Ayr\u0131l\u0131\u015f Nedeni Okul...\" \/>\n<meta property=\"og:url\" content=\"https:\/\/www.argetek.com.tr\/en\/insan-kaynaklari\/\" \/>\n<meta property=\"og:site_name\" content=\"Argetek Ara\u015ft\u0131rma Geli\u015ftirme Ltd. \u015eti.\" \/>\n<meta property=\"article:publisher\" content=\"https:\/\/www.facebook.com\/argeteklimited\" \/>\n<meta property=\"article:modified_time\" content=\"2021-05-27T07:46:26+00:00\" \/>\n<meta name=\"twitter:card\" content=\"summary_large_image\" \/>\n<meta name=\"twitter:label1\" content=\"Estimated reading time\" \/>\n\t<meta name=\"twitter:data1\" content=\"1 minute\" \/>\n<script type=\"application\/ld+json\" class=\"yoast-schema-graph\">{\"@context\":\"https:\/\/schema.org\",\"@graph\":[{\"@type\":\"WebPage\",\"@id\":\"https:\/\/www.argetek.com.tr\/insan-kaynaklari\/\",\"url\":\"https:\/\/www.argetek.com.tr\/insan-kaynaklari\/\",\"name\":\"\u0130nsan Kaynaklar\u0131 - Argetek Ara\u015ft\u0131rma Geli\u015ftirme Ltd. \u015eti.\",\"isPartOf\":{\"@id\":\"https:\/\/www.argetek.com.tr\/#website\"},\"datePublished\":\"2018-03-29T09:34:31+00:00\",\"dateModified\":\"2021-05-27T07:46:26+00:00\",\"breadcrumb\":{\"@id\":\"https:\/\/www.argetek.com.tr\/insan-kaynaklari\/#breadcrumb\"},\"inLanguage\":\"en-GB\",\"potentialAction\":[{\"@type\":\"ReadAction\",\"target\":[\"https:\/\/www.argetek.com.tr\/insan-kaynaklari\/\"]}]},{\"@type\":\"BreadcrumbList\",\"@id\":\"https:\/\/www.argetek.com.tr\/insan-kaynaklari\/#breadcrumb\",\"itemListElement\":[{\"@type\":\"ListItem\",\"position\":1,\"name\":\"Anasayfa\",\"item\":\"https:\/\/www.argetek.com.tr\/\"},{\"@type\":\"ListItem\",\"position\":2,\"name\":\"\u0130nsan Kaynaklar\u0131\"}]},{\"@type\":\"WebSite\",\"@id\":\"https:\/\/www.argetek.com.tr\/#website\",\"url\":\"https:\/\/www.argetek.com.tr\/\",\"name\":\"ARGETEK\",\"description\":\"Renk Fizi\u011fi Dal\u0131nda \u00c7\u00f6z\u00fcm Orta\u011f\u0131n\u0131z..\",\"publisher\":{\"@id\":\"https:\/\/www.argetek.com.tr\/#organization\"},\"potentialAction\":[{\"@type\":\"SearchAction\",\"target\":{\"@type\":\"EntryPoint\",\"urlTemplate\":\"https:\/\/www.argetek.com.tr\/?s={search_term_string}\"},\"query-input\":\"required name=search_term_string\"}],\"inLanguage\":\"en-GB\"},{\"@type\":\"Organization\",\"@id\":\"https:\/\/www.argetek.com.tr\/#organization\",\"name\":\"ARGETEK\",\"url\":\"https:\/\/www.argetek.com.tr\/\",\"logo\":{\"@type\":\"ImageObject\",\"inLanguage\":\"en-GB\",\"@id\":\"https:\/\/www.argetek.com.tr\/#\/schema\/logo\/image\/\",\"url\":\"https:\/\/www.argetek.com.tr\/wp-content\/uploads\/2021\/04\/Argetek-Logo.ico\",\"contentUrl\":\"https:\/\/www.argetek.com.tr\/wp-content\/uploads\/2021\/04\/Argetek-Logo.ico\",\"width\":1,\"height\":68,\"caption\":\"ARGETEK\"},\"image\":{\"@id\":\"https:\/\/www.argetek.com.tr\/#\/schema\/logo\/image\/\"},\"sameAs\":[\"https:\/\/www.facebook.com\/argeteklimited\",\"https:\/\/www.instagram.com\/argeteklimited\/\",\"https:\/\/tr.linkedin.com\/company\/argetek-ltd\"]}]}<\/script>\n<!-- \/ Yoast SEO plugin. -->","yoast_head_json":{"title":"\u0130nsan Kaynaklar\u0131 - Argetek Ara\u015ft\u0131rma Geli\u015ftirme Ltd. \u015eti.","robots":{"index":"index","follow":"follow","max-snippet":"max-snippet:-1","max-image-preview":"max-image-preview:large","max-video-preview":"max-video-preview:-1"},"canonical":"https:\/\/www.argetek.com.tr\/en\/insan-kaynaklari\/","og_locale":"en_GB","og_type":"article","og_title":"\u0130nsan Kaynaklar\u0131 - Argetek Ara\u015ft\u0131rma Geli\u015ftirme Ltd. \u015eti.","og_description":"\u0130\u015f Ba\u015fvuru Formu Ad\u0131n\u0131z (gerekli) Soyad\u0131n\u0131z (gerekli) Cinsiyet (gerekli) BayBayan Do\u011fum Tarihi (gerekli) Uyruk (gerekli) T\u00fcrkiyeBulgaristanDi\u011fer Medeni Durum (gerekli) BekarEvliBo\u015fanm\u0131\u015f Adres (gerekli) Ev Telefonu \u0130\u015f Telefonu Cep Telefonu (gerekli) E-posta adresiniz (gerekli) \u0130\u015f Deneyimi Firma Ad\u0131 G\u00f6revi Giri\u015f Tarihi \u00c7\u0131k\u0131\u015f Ad\u0131 Maa\u015f Ayr\u0131l\u0131\u015f Nedeni Okul...","og_url":"https:\/\/www.argetek.com.tr\/en\/insan-kaynaklari\/","og_site_name":"Argetek Ara\u015ft\u0131rma Geli\u015ftirme Ltd. \u015eti.","article_publisher":"https:\/\/www.facebook.com\/argeteklimited","article_modified_time":"2021-05-27T07:46:26+00:00","twitter_card":"summary_large_image","twitter_misc":{"Estimated reading time":"1 minute"},"schema":{"@context":"https:\/\/schema.org","@graph":[{"@type":"WebPage","@id":"https:\/\/www.argetek.com.tr\/insan-kaynaklari\/","url":"https:\/\/www.argetek.com.tr\/insan-kaynaklari\/","name":"\u0130nsan Kaynaklar\u0131 - Argetek Ara\u015ft\u0131rma Geli\u015ftirme Ltd. \u015eti.","isPartOf":{"@id":"https:\/\/www.argetek.com.tr\/#website"},"datePublished":"2018-03-29T09:34:31+00:00","dateModified":"2021-05-27T07:46:26+00:00","breadcrumb":{"@id":"https:\/\/www.argetek.com.tr\/insan-kaynaklari\/#breadcrumb"},"inLanguage":"en-GB","potentialAction":[{"@type":"ReadAction","target":["https:\/\/www.argetek.com.tr\/insan-kaynaklari\/"]}]},{"@type":"BreadcrumbList","@id":"https:\/\/www.argetek.com.tr\/insan-kaynaklari\/#breadcrumb","itemListElement":[{"@type":"ListItem","position":1,"name":"Anasayfa","item":"https:\/\/www.argetek.com.tr\/"},{"@type":"ListItem","position":2,"name":"\u0130nsan Kaynaklar\u0131"}]},{"@type":"WebSite","@id":"https:\/\/www.argetek.com.tr\/#website","url":"https:\/\/www.argetek.com.tr\/","name":"ARGETEK","description":"Renk Fizi\u011fi Dal\u0131nda \u00c7\u00f6z\u00fcm Orta\u011f\u0131n\u0131z..","publisher":{"@id":"https:\/\/www.argetek.com.tr\/#organization"},"potentialAction":[{"@type":"SearchAction","target":{"@type":"EntryPoint","urlTemplate":"https:\/\/www.argetek.com.tr\/?s={search_term_string}"},"query-input":"required name=search_term_string"}],"inLanguage":"en-GB"},{"@type":"Organization","@id":"https:\/\/www.argetek.com.tr\/#organization","name":"ARGETEK","url":"https:\/\/www.argetek.com.tr\/","logo":{"@type":"ImageObject","inLanguage":"en-GB","@id":"https:\/\/www.argetek.com.tr\/#\/schema\/logo\/image\/","url":"https:\/\/www.argetek.com.tr\/wp-content\/uploads\/2021\/04\/Argetek-Logo.ico","contentUrl":"https:\/\/www.argetek.com.tr\/wp-content\/uploads\/2021\/04\/Argetek-Logo.ico","width":1,"height":68,"caption":"ARGETEK"},"image":{"@id":"https:\/\/www.argetek.com.tr\/#\/schema\/logo\/image\/"},"sameAs":["https:\/\/www.facebook.com\/argeteklimited","https:\/\/www.instagram.com\/argeteklimited\/","https:\/\/tr.linkedin.com\/company\/argetek-ltd"]}]}},"amp_enabled":true,"_links":{"self":[{"href":"https:\/\/www.argetek.com.tr\/en\/wp-json\/wp\/v2\/pages\/46"}],"collection":[{"href":"https:\/\/www.argetek.com.tr\/en\/wp-json\/wp\/v2\/pages"}],"about":[{"href":"https:\/\/www.argetek.com.tr\/en\/wp-json\/wp\/v2\/types\/page"}],"author":[{"embeddable":true,"href":"https:\/\/www.argetek.com.tr\/en\/wp-json\/wp\/v2\/users\/1"}],"replies":[{"embeddable":true,"href":"https:\/\/www.argetek.com.tr\/en\/wp-json\/wp\/v2\/comments?post=46"}],"version-history":[{"count":7,"href":"https:\/\/www.argetek.com.tr\/en\/wp-json\/wp\/v2\/pages\/46\/revisions"}],"predecessor-version":[{"id":1319,"href":"https:\/\/www.argetek.com.tr\/en\/wp-json\/wp\/v2\/pages\/46\/revisions\/1319"}],"wp:attachment":[{"href":"https:\/\/www.argetek.com.tr\/en\/wp-json\/wp\/v2\/media?parent=46"}],"curies":[{"name":"wp","href":"https:\/\/api.w.org\/{rel}","templated":true}]}}