{"id":282,"date":"2018-04-12T17:23:01","date_gmt":"2018-04-12T17:23:01","guid":{"rendered":"http:\/\/www.argetek.com.tr\/?page_id=282"},"modified":"2021-04-22T02:30:00","modified_gmt":"2021-04-22T02:30:00","slug":"colormission-plus","status":"publish","type":"page","link":"https:\/\/www.argetek.com.tr\/en\/colormission-plus\/","title":{"rendered":"ColorMission Plus"},"content":{"rendered":"<div data-elementor-type=\"wp-page\" data-elementor-id=\"282\" class=\"elementor elementor-282\">\n\t\t\t\t\t\t\t\t\t<section class=\"elementor-section elementor-top-section elementor-element elementor-element-7f0de553 elementor-section-boxed elementor-section-height-default elementor-section-height-default\" data-id=\"7f0de553\" data-element_type=\"section\">\n\t\t\t\t\t\t<div class=\"elementor-container elementor-column-gap-default\">\n\t\t\t\t\t<div class=\"elementor-column elementor-col-100 elementor-top-column elementor-element elementor-element-76aefa42\" data-id=\"76aefa42\" data-element_type=\"column\">\n\t\t\t<div class=\"elementor-widget-wrap elementor-element-populated\">\n\t\t\t\t\t\t\t\t<div class=\"elementor-element elementor-element-4b38fe12 elementor-widget elementor-widget-text-editor\" data-id=\"4b38fe12\" data-element_type=\"widget\" data-widget_type=\"text-editor.default\">\n\t\t\t\t<div class=\"elementor-widget-container\">\n\t\t\t\t\t\t\t<p><a href=\"\/\/www.argetek.com.tr\/wp-content\/uploads\/2018\/04\/ColorMission.png\" rel=\"lightbox\"><br \/><img decoding=\"async\" class=\"sh-image-url\" src=\"http:\/\/www.argetek.com.tr\/wp-content\/uploads\/2018\/04\/ColorMission.png\" alt=\"ColorMission\" \/><br \/><\/a><\/p><p style=\"text-align: center;\">ColorMission, Argetek taraf\u0131ndan \u00fcretilen bir yaz\u0131l\u0131mlar grubunun genel ad\u0131d\u0131r.\u00a0<\/p><h1 class=\"sh-heading-content size-default\">\u00a0<\/h1><h3 style=\"text-align: center;\">Argetek \/ ColorMission Plus<\/h3><h4 style=\"text-align: center;\">Recipe and Formulation Software<\/h4><p>* ColorMission Basic i\u00e7erir.* \u0130\u00e7erik tam Versiyondur.<\/p><p>\u00a0T\u00fcrk\u00e7e ve \u0130ngilizce kullan\u0131m olana\u011f\u0131,<\/p><p>\u00a0Lisans sahibi firma\/kurum logosu ile antetli rapor formu basabilme \u00f6zelli\u011fi,<\/p><p>Otomatik yedek alma \u00f6zelli\u011fi,<\/p><p>S\u0131n\u0131rs\u0131z say\u0131da kullan\u0131c\u0131 tan\u0131mlayarak, kullan\u0131c\u0131 dosyalar\u0131n\u0131 \u015fifrelendirebilme \u00f6zelli\u011fi ve dosyalar ve t\u00fcm fonksiyonlar \u00fczerinde kullan\u0131m s\u0131n\u0131rland\u0131rmalar\u0131 getirebilme \u00f6zelli\u011fi,<\/p><p>I\u015f\u0131k Kaynaklar\u0131 : A, A_M&amp;S, C, CWF, D50, D55, D65, D65_M&amp;S, D65_SPL, D75, D75_SPL, F02, F07, F11, Hor_SPL, TL83, TL84, TL84_M&amp;S, TL85, U30<\/p><p>Renk Uzaylar\u0131 : CIELab, CIELch, CIE94 (1:1:1), CIE94 (2:1:1), CIE2000, CMC(1:1), CMC(2:1), HunterLab<\/p><p>T\u00fcm renk uzaylar\u0131na ayr\u0131 ayr\u0131 DL-DA-DB ve DE i\u00e7in ge\u00e7er\/kal\u0131r limitleri girme \u00f6zelli\u011fi,<\/p><p>Cihaz otomatik kalibrasyon tekrar\u0131 saati belirleyebilme \u00f6zelli\u011fi,<\/p><p>\u00a0Transmisyon(Likid) \u00f6l\u00e7\u00fcm\u00fc ekran\u0131<\/p><p>\u00a02\u00c2\u00b0\u00c2\u00a0ve 10\u00c2\u00b0\u00c2\u00a0g\u00f6zlem a\u00e7\u0131s\u0131,<\/p><p>\u00a0Ar\u015fivde bulunan t\u00fcm renkler \u00fczerinde yeni girilen renge DE taramas\u0131 yapabilme \u00f6zelli\u011fi,<\/p><p>\u00a0XYZ, Lab, LCh ve Reflektans (yans\u0131ma) de\u011ferlerini el ile girerek renk tan\u0131mlayabilme olana\u011f\u0131,<\/p><p>\u00a0.exp,*.qtx, *.dat, *.mdb dosyalar\u0131n\u0131 programa transfer ederek ba\u015fka programlarda yap\u0131lm\u0131\u015f \u00f6l\u00e7\u00fcmleri ekran\u0131n\u0131zda g\u00f6rebilme \u00f6zelli\u011fi,<\/p><p>L,a,b,C,h,X,Y,Z,x,y de\u011ferlerini standart ve numune i\u00e7in ayr\u0131 ayr\u0131 raporlayabilme \u00f6zelli\u011fi,<\/p><p>1 Standart ile 1 Numune aras\u0131nda renk mukayesesi yapabilme olana\u011f\u0131,<\/p><p>1 Standart ile 30 taneye kadar Numuneyi tek ekran \u00fczerinde renk mukayesesi yapabilme olana\u011f\u0131<\/p><p>T\u00fcm \u0131\u015f\u0131k kaynaklar\u0131 alt\u0131nda Metamerizm kontrol\u00fc<\/p><p>\u00a0Maksimum Absorbansta Kuvvet, Relatif Ortalama Kuvvet ve Relatif A\u011f\u0131rl\u0131kl\u0131 kuvvet de renk Kuvveti farkl\u0131lar\u0131n\u0131 raporlayabilir; b\u00f6ylelikle 2 farkl\u0131 boya firmas\u0131n\u0131n ayn\u0131 boyalar\u0131n\u0131n \u00e7ekim ve kuvvet farklar\u0131n\u0131 g\u00f6rebilme \u00f6zelli\u011fi,<\/p><p>\u00a0CIE W.I. , ASTM E313 W.I. , GANZ W.I. , Berger W.I. , HARRISSON W.I. , STENSBY W.I. , STEPHANSES W.I. , TAUBE W.I. indisleri alt\u0131nda Beyazl\u0131k \/ Optiklik bakabilme \u00f6zelli\u011fi,<\/p><p>\u00a0ASTM D1925-70 ve ASTM E313-73 \u00c2\u00a0indisleri alt\u0131nda Sar\u0131l\u0131k bakabilme \u00f6zelli\u011fi,<\/p><p>\u00a0ISO Parlakl\u0131 R457 {4f41dafb441653bc01d5a5f77771681af348716bac706b69e401f3a7a2194a0d}Y ve {4f41dafb441653bc01d5a5f77771681af348716bac706b69e401f3a7a2194a0d}Z indisleri alt\u0131nda Parlakl\u0131k bakabilme \u00f6zelli\u011fi,<\/p><p>\u00a0EN 471 indisi alt\u0131nda\u00c2\u00a0\u00ce\u00b2\u00c2\u00a0ayd\u0131nlatma fakt\u00f6r\u00fcne bakabilme \u00f6zelli\u011fi,<\/p><p>\u00a0555 standart\u0131na g\u00f6re s\u0131ralama \u00f6zelli\u011fi,<\/p><p>Siyah ve Beyaz zeminde ayr\u0131 ayr\u0131 Opasite bakabilme \u00f6zelli\u011fi,<\/p><p>\u00a0XYZ kar\u015f\u0131la\u015ft\u0131rma ekran\u0131,<\/p><p>Gri \u00c2\u00a0skala ISO105-A04 Lekelenme ve ISO105-A05 Renk De\u011fi\u015fimi<\/p><p>\u00a0 S\u00fcrtme ve Y\u0131kama hasl\u0131\u011f\u0131 sonras\u0131 testleri yapabilme olana\u011f\u0131<\/p><p>\u00a0Dalgaboyu K\/S grafi\u011fi, Dalgaboyu {4f41dafb441653bc01d5a5f77771681af348716bac706b69e401f3a7a2194a0d}R grafi\u011fi, CIELab Renk Uzay\u0131 grafi\u011fi<\/p><p>\u00a0T\u00fcm ekranlar \u00fczerinde ayr\u0131 ayr\u0131 T\u00fcrk\u00e7e ve ingilizce kalite kontrol raporu \u00e7\u0131kartabilme \u00f6zelli\u011fi mevcuttur.<\/p><p>\u00a0 Otomatik Re\u00e7ete hesaplama \u00f6zelli\u011fi<\/p><p>\u00a0 Laboratuvar i\u00e7in d\u00fczeltme re\u00e7etesi hesaplama \u00f6zelli\u011fi<\/p><p>\u00a0 \u0130\u015fletme i\u00e7in ilave \/ tamir re\u00e7etesi hesaplama \u00f6zelli\u011fi<\/p><p>\u00a0 El ile re\u00e7ete d\u00fczenleme ekran\u0131<\/p><p>\u00a0 &#8220;Smart Recipe&#8221; \u00f6zelli\u011fi<\/p><p>\u00a0S\u0131n\u0131rs\u0131z Ar\u015fivleme, ar\u015fivden renk yada re\u00e7ete taramas\u0131 yapabilme, el ile ile ar\u015five re\u00e7ete kayd\u0131 yapabilme \u00f6zelli\u011fi<br \/><a href=\"\/\/www.argetek.com.tr\/wp-content\/uploads\/2018\/04\/40-Re\u00e7ete-Alma.jpg\" rel=\"lightbox\"><br \/><img decoding=\"async\" class=\"sh-image-url\" src=\"http:\/\/www.argetek.com.tr\/wp-content\/uploads\/2018\/04\/40-Re\u00e7ete-Alma-1024x600.jpg\" alt=\"40-Re\u00e7ete Alma\" \/><br \/><\/a><br \/><a href=\"\/\/www.argetek.com.tr\/wp-content\/uploads\/2018\/04\/42-D\u00fczeltme-Re\u00e7etesi.jpg\" rel=\"lightbox\"><br \/><img decoding=\"async\" class=\"sh-image-url\" src=\"http:\/\/www.argetek.com.tr\/wp-content\/uploads\/2018\/04\/42-D\u00fczeltme-Re\u00e7etesi-1024x600.jpg\" alt=\"42-D\u00fczeltme Re\u00e7etesi\" \/><br \/><\/a><br \/><a href=\"\/\/www.argetek.com.tr\/wp-content\/uploads\/2018\/04\/48-Boyalar-Dosyas\u0131-1.jpg\" rel=\"lightbox\"><br \/><img decoding=\"async\" class=\"sh-image-url\" src=\"http:\/\/www.argetek.com.tr\/wp-content\/uploads\/2018\/04\/48-Boyalar-Dosyas\u0131-1-1024x600.jpg\" alt=\"48-Boyalar Dosyas\u0131\" \/><br \/><\/a><br \/><a href=\"\/\/www.argetek.com.tr\/wp-content\/uploads\/2018\/04\/49-Boya-D\u00fczenleme.jpg\" rel=\"lightbox\"><br \/><img decoding=\"async\" class=\"sh-image-url\" src=\"http:\/\/www.argetek.com.tr\/wp-content\/uploads\/2018\/04\/49-Boya-D\u00fczenleme-1024x600.jpg\" alt=\"49-Boya D\u00fczenleme\" \/><br \/><\/a><\/p><p><!-- 5ec327e70ffbcdf46552fcad2408126c --><\/p>\t\t\t\t\t\t<\/div>\n\t\t\t\t<\/div>\n\t\t\t\t\t<\/div>\n\t\t<\/div>\n\t\t\t\t\t\t\t<\/div>\n\t\t<\/section>\n\t\t\t\t\t\t\t<\/div>","protected":false},"excerpt":{"rendered":"<p>ColorMission, Argetek taraf\u0131ndan \u00fcretilen bir yaz\u0131l\u0131mlar grubunun genel ad\u0131d\u0131r.\u00a0 Argetek \/ ColorMission PlusRe\u00e7ete Alma ve Form\u00fclasyon Yaz\u0131l\u0131m\u0131* ColorMission Basic i\u00e7erir.* \u0130\u00e7erik tam Versiyondur. \u00b7\u00a0\u00a0\u00a0\u00a0\u00a0\u00a0T\u00fcrk\u00e7e ve \u0130ngilizce kullan\u0131m olana\u011f\u0131,\u00b7\u00a0\u00a0\u00a0\u00a0\u00a0\u00a0Lisans sahibi firma\/kurum logosu ile antetli rapor formu basabilme \u00f6zelli\u011fi,\u00b7\u00a0\u00a0\u00a0\u00a0\u00a0\u00a0Otomatik yedek alma \u00f6zelli\u011fi,\u00b7\u00a0\u00a0\u00a0\u00a0\u00a0\u00a0S\u0131n\u0131rs\u0131z say\u0131da kullan\u0131c\u0131 tan\u0131mlayarak, kullan\u0131c\u0131 dosyalar\u0131n\u0131&#8230;<\/p>","protected":false},"author":3,"featured_media":0,"parent":0,"menu_order":0,"comment_status":"closed","ping_status":"closed","template":"","meta":[],"yoast_head":"<!-- This site is optimized with the Yoast SEO plugin v20.12 - https:\/\/yoast.com\/wordpress\/plugins\/seo\/ -->\n<title>ColorMission Plus - Argetek Ara\u015ft\u0131rma Geli\u015ftirme Ltd. \u015eti.<\/title>\n<meta name=\"robots\" content=\"index, follow, max-snippet:-1, max-image-preview:large, max-video-preview:-1\" \/>\n<link rel=\"canonical\" href=\"https:\/\/www.argetek.com.tr\/en\/colormission-plus\/\" \/>\n<meta property=\"og:locale\" content=\"en_GB\" \/>\n<meta property=\"og:type\" content=\"article\" \/>\n<meta property=\"og:title\" content=\"ColorMission Plus - Argetek Ara\u015ft\u0131rma Geli\u015ftirme Ltd. \u015eti.\" \/>\n<meta property=\"og:description\" content=\"ColorMission, Argetek taraf\u0131ndan \u00fcretilen bir yaz\u0131l\u0131mlar grubunun genel ad\u0131d\u0131r.\u00a0 Argetek \/ ColorMission PlusRe\u00e7ete Alma ve Form\u00fclasyon Yaz\u0131l\u0131m\u0131* ColorMission Basic i\u00e7erir.* \u0130\u00e7erik tam Versiyondur. \u00b7\u00a0\u00a0\u00a0\u00a0\u00a0\u00a0T\u00fcrk\u00e7e ve \u0130ngilizce kullan\u0131m olana\u011f\u0131,\u00b7\u00a0\u00a0\u00a0\u00a0\u00a0\u00a0Lisans sahibi firma\/kurum logosu ile antetli rapor formu basabilme \u00f6zelli\u011fi,\u00b7\u00a0\u00a0\u00a0\u00a0\u00a0\u00a0Otomatik yedek alma \u00f6zelli\u011fi,\u00b7\u00a0\u00a0\u00a0\u00a0\u00a0\u00a0S\u0131n\u0131rs\u0131z say\u0131da kullan\u0131c\u0131 tan\u0131mlayarak, kullan\u0131c\u0131 dosyalar\u0131n\u0131...\" \/>\n<meta property=\"og:url\" content=\"https:\/\/www.argetek.com.tr\/en\/colormission-plus\/\" \/>\n<meta property=\"og:site_name\" content=\"Argetek Ara\u015ft\u0131rma Geli\u015ftirme Ltd. \u015eti.\" \/>\n<meta property=\"article:publisher\" content=\"https:\/\/www.facebook.com\/argeteklimited\" \/>\n<meta property=\"article:modified_time\" content=\"2021-04-22T02:30:00+00:00\" \/>\n<meta property=\"og:image\" content=\"http:\/\/www.argetek.com.tr\/wp-content\/uploads\/2018\/04\/ColorMission.png\" \/>\n<meta name=\"twitter:card\" content=\"summary_large_image\" \/>\n<meta name=\"twitter:label1\" content=\"Estimated reading time\" \/>\n\t<meta name=\"twitter:data1\" content=\"3 minutes\" \/>\n<script type=\"application\/ld+json\" class=\"yoast-schema-graph\">{\"@context\":\"https:\/\/schema.org\",\"@graph\":[{\"@type\":\"WebPage\",\"@id\":\"https:\/\/www.argetek.com.tr\/colormission-plus\/\",\"url\":\"https:\/\/www.argetek.com.tr\/colormission-plus\/\",\"name\":\"ColorMission Plus - Argetek Ara\u015ft\u0131rma Geli\u015ftirme Ltd. \u015eti.\",\"isPartOf\":{\"@id\":\"https:\/\/www.argetek.com.tr\/#website\"},\"datePublished\":\"2018-04-12T17:23:01+00:00\",\"dateModified\":\"2021-04-22T02:30:00+00:00\",\"breadcrumb\":{\"@id\":\"https:\/\/www.argetek.com.tr\/colormission-plus\/#breadcrumb\"},\"inLanguage\":\"en-GB\",\"potentialAction\":[{\"@type\":\"ReadAction\",\"target\":[\"https:\/\/www.argetek.com.tr\/colormission-plus\/\"]}]},{\"@type\":\"BreadcrumbList\",\"@id\":\"https:\/\/www.argetek.com.tr\/colormission-plus\/#breadcrumb\",\"itemListElement\":[{\"@type\":\"ListItem\",\"position\":1,\"name\":\"Anasayfa\",\"item\":\"https:\/\/www.argetek.com.tr\/\"},{\"@type\":\"ListItem\",\"position\":2,\"name\":\"ColorMission Plus\"}]},{\"@type\":\"WebSite\",\"@id\":\"https:\/\/www.argetek.com.tr\/#website\",\"url\":\"https:\/\/www.argetek.com.tr\/\",\"name\":\"ARGETEK\",\"description\":\"Renk Fizi\u011fi Dal\u0131nda \u00c7\u00f6z\u00fcm Orta\u011f\u0131n\u0131z..\",\"publisher\":{\"@id\":\"https:\/\/www.argetek.com.tr\/#organization\"},\"potentialAction\":[{\"@type\":\"SearchAction\",\"target\":{\"@type\":\"EntryPoint\",\"urlTemplate\":\"https:\/\/www.argetek.com.tr\/?s={search_term_string}\"},\"query-input\":\"required name=search_term_string\"}],\"inLanguage\":\"en-GB\"},{\"@type\":\"Organization\",\"@id\":\"https:\/\/www.argetek.com.tr\/#organization\",\"name\":\"ARGETEK\",\"url\":\"https:\/\/www.argetek.com.tr\/\",\"logo\":{\"@type\":\"ImageObject\",\"inLanguage\":\"en-GB\",\"@id\":\"https:\/\/www.argetek.com.tr\/#\/schema\/logo\/image\/\",\"url\":\"https:\/\/www.argetek.com.tr\/wp-content\/uploads\/2021\/04\/Argetek-Logo.ico\",\"contentUrl\":\"https:\/\/www.argetek.com.tr\/wp-content\/uploads\/2021\/04\/Argetek-Logo.ico\",\"width\":1,\"height\":68,\"caption\":\"ARGETEK\"},\"image\":{\"@id\":\"https:\/\/www.argetek.com.tr\/#\/schema\/logo\/image\/\"},\"sameAs\":[\"https:\/\/www.facebook.com\/argeteklimited\",\"https:\/\/www.instagram.com\/argeteklimited\/\",\"https:\/\/tr.linkedin.com\/company\/argetek-ltd\"]}]}<\/script>\n<!-- \/ Yoast SEO plugin. -->","yoast_head_json":{"title":"ColorMission Plus - Argetek Ara\u015ft\u0131rma Geli\u015ftirme Ltd. \u015eti.","robots":{"index":"index","follow":"follow","max-snippet":"max-snippet:-1","max-image-preview":"max-image-preview:large","max-video-preview":"max-video-preview:-1"},"canonical":"https:\/\/www.argetek.com.tr\/en\/colormission-plus\/","og_locale":"en_GB","og_type":"article","og_title":"ColorMission Plus - Argetek Ara\u015ft\u0131rma Geli\u015ftirme Ltd. \u015eti.","og_description":"ColorMission, Argetek taraf\u0131ndan \u00fcretilen bir yaz\u0131l\u0131mlar grubunun genel ad\u0131d\u0131r.\u00a0 Argetek \/ ColorMission PlusRe\u00e7ete Alma ve Form\u00fclasyon Yaz\u0131l\u0131m\u0131* ColorMission Basic i\u00e7erir.* \u0130\u00e7erik tam Versiyondur. \u00b7\u00a0\u00a0\u00a0\u00a0\u00a0\u00a0T\u00fcrk\u00e7e ve \u0130ngilizce kullan\u0131m olana\u011f\u0131,\u00b7\u00a0\u00a0\u00a0\u00a0\u00a0\u00a0Lisans sahibi firma\/kurum logosu ile antetli rapor formu basabilme \u00f6zelli\u011fi,\u00b7\u00a0\u00a0\u00a0\u00a0\u00a0\u00a0Otomatik yedek alma \u00f6zelli\u011fi,\u00b7\u00a0\u00a0\u00a0\u00a0\u00a0\u00a0S\u0131n\u0131rs\u0131z say\u0131da kullan\u0131c\u0131 tan\u0131mlayarak, kullan\u0131c\u0131 dosyalar\u0131n\u0131...","og_url":"https:\/\/www.argetek.com.tr\/en\/colormission-plus\/","og_site_name":"Argetek Ara\u015ft\u0131rma Geli\u015ftirme Ltd. \u015eti.","article_publisher":"https:\/\/www.facebook.com\/argeteklimited","article_modified_time":"2021-04-22T02:30:00+00:00","og_image":[{"url":"http:\/\/www.argetek.com.tr\/wp-content\/uploads\/2018\/04\/ColorMission.png"}],"twitter_card":"summary_large_image","twitter_misc":{"Estimated reading time":"3 minutes"},"schema":{"@context":"https:\/\/schema.org","@graph":[{"@type":"WebPage","@id":"https:\/\/www.argetek.com.tr\/colormission-plus\/","url":"https:\/\/www.argetek.com.tr\/colormission-plus\/","name":"ColorMission Plus - Argetek Ara\u015ft\u0131rma Geli\u015ftirme Ltd. \u015eti.","isPartOf":{"@id":"https:\/\/www.argetek.com.tr\/#website"},"datePublished":"2018-04-12T17:23:01+00:00","dateModified":"2021-04-22T02:30:00+00:00","breadcrumb":{"@id":"https:\/\/www.argetek.com.tr\/colormission-plus\/#breadcrumb"},"inLanguage":"en-GB","potentialAction":[{"@type":"ReadAction","target":["https:\/\/www.argetek.com.tr\/colormission-plus\/"]}]},{"@type":"BreadcrumbList","@id":"https:\/\/www.argetek.com.tr\/colormission-plus\/#breadcrumb","itemListElement":[{"@type":"ListItem","position":1,"name":"Anasayfa","item":"https:\/\/www.argetek.com.tr\/"},{"@type":"ListItem","position":2,"name":"ColorMission Plus"}]},{"@type":"WebSite","@id":"https:\/\/www.argetek.com.tr\/#website","url":"https:\/\/www.argetek.com.tr\/","name":"ARGETEK","description":"Renk Fizi\u011fi Dal\u0131nda \u00c7\u00f6z\u00fcm Orta\u011f\u0131n\u0131z..","publisher":{"@id":"https:\/\/www.argetek.com.tr\/#organization"},"potentialAction":[{"@type":"SearchAction","target":{"@type":"EntryPoint","urlTemplate":"https:\/\/www.argetek.com.tr\/?s={search_term_string}"},"query-input":"required name=search_term_string"}],"inLanguage":"en-GB"},{"@type":"Organization","@id":"https:\/\/www.argetek.com.tr\/#organization","name":"ARGETEK","url":"https:\/\/www.argetek.com.tr\/","logo":{"@type":"ImageObject","inLanguage":"en-GB","@id":"https:\/\/www.argetek.com.tr\/#\/schema\/logo\/image\/","url":"https:\/\/www.argetek.com.tr\/wp-content\/uploads\/2021\/04\/Argetek-Logo.ico","contentUrl":"https:\/\/www.argetek.com.tr\/wp-content\/uploads\/2021\/04\/Argetek-Logo.ico","width":1,"height":68,"caption":"ARGETEK"},"image":{"@id":"https:\/\/www.argetek.com.tr\/#\/schema\/logo\/image\/"},"sameAs":["https:\/\/www.facebook.com\/argeteklimited","https:\/\/www.instagram.com\/argeteklimited\/","https:\/\/tr.linkedin.com\/company\/argetek-ltd"]}]}},"amp_enabled":true,"_links":{"self":[{"href":"https:\/\/www.argetek.com.tr\/en\/wp-json\/wp\/v2\/pages\/282"}],"collection":[{"href":"https:\/\/www.argetek.com.tr\/en\/wp-json\/wp\/v2\/pages"}],"about":[{"href":"https:\/\/www.argetek.com.tr\/en\/wp-json\/wp\/v2\/types\/page"}],"author":[{"embeddable":true,"href":"https:\/\/www.argetek.com.tr\/en\/wp-json\/wp\/v2\/users\/3"}],"replies":[{"embeddable":true,"href":"https:\/\/www.argetek.com.tr\/en\/wp-json\/wp\/v2\/comments?post=282"}],"version-history":[{"count":10,"href":"https:\/\/www.argetek.com.tr\/en\/wp-json\/wp\/v2\/pages\/282\/revisions"}],"predecessor-version":[{"id":1220,"href":"https:\/\/www.argetek.com.tr\/en\/wp-json\/wp\/v2\/pages\/282\/revisions\/1220"}],"wp:attachment":[{"href":"https:\/\/www.argetek.com.tr\/en\/wp-json\/wp\/v2\/media?parent=282"}],"curies":[{"name":"wp","href":"https:\/\/api.w.org\/{rel}","templated":true}]}}