{"id":263,"date":"2018-04-12T17:01:04","date_gmt":"2018-04-12T17:01:04","guid":{"rendered":"http:\/\/www.argetek.com.tr\/?page_id=263"},"modified":"2021-04-22T02:32:02","modified_gmt":"2021-04-22T02:32:02","slug":"colormission-basic","status":"publish","type":"page","link":"https:\/\/www.argetek.com.tr\/en\/colormission-basic\/","title":{"rendered":"ColorMission Basic"},"content":{"rendered":"<p><a href=\"\/\/www.argetek.com.tr\/wp-content\/uploads\/2018\/04\/ColorMission.png\" rel=\"lightbox\"><br \/>\n<img decoding=\"async\" class=\"sh-image-url\" src=\"http:\/\/www.argetek.com.tr\/wp-content\/uploads\/2018\/04\/ColorMission.png\" alt=\"ColorMission\" \/><br \/>\n<\/a><\/p>\n<p style=\"text-align: center;\">ColorMission, Argetek taraf\u0131ndan \u00fcretilen bir yaz\u0131l\u0131mlar grubunun genel ad\u0131d\u0131r.<\/p>\n<h3 style=\"text-align: center;\">Argetek \/ ColorMission Basic<\/h3>\n<h4 style=\"text-align: center;\">Kalite Kontrol ve Ar\u015fivleme Yaz\u0131l\u0131m\u0131<\/h4>\n<p>T\u00fcrk\u00e7e ve \u0130ngilizce kullan\u0131m olana\u011f\u0131,<\/p>\n<p>Lisans sahibi firma\/kurum logosu ile antetli rapor formu basabilme \u00f6zelli\u011fi,<\/p>\n<p>Otomatik yedek alma \u00f6zelli\u011fi,<\/p>\n<p>S\u0131n\u0131rs\u0131z say\u0131da kullan\u0131c\u0131 tan\u0131mlayarak, kullan\u0131c\u0131 dosyalar\u0131n\u0131 \u015fifrelendirebilme \u00f6zelli\u011fi ve dosyalar ve t\u00fcm fonksiyonlar \u00fczerinde kullan\u0131m s\u0131n\u0131rland\u0131rmalar\u0131 getirebilme \u00f6zelli\u011fi,<\/p>\n<p>I\u015f\u0131k Kaynaklar\u0131 : A, A_M&amp;S, C, CWF, D50, D55, D65, D65_M&amp;S, D65_SPL, D75, D75_SPL, F02, F07, F11, Hor_SPL, TL83, TL84, TL84_M&amp;S, TL85, U30<\/p>\n<p>Renk Uzaylar\u0131 : CIELab, CIELch, CIE94 (1:1:1), CIE94 (2:1:1), CIE2000, CMC(1:1), CMC(2:1), HunterLab<\/p>\n<p>T\u00fcm renk uzaylar\u0131na ayr\u0131 ayr\u0131 DL-DA-DB ve DE i\u00e7in ge\u00e7er\/kal\u0131r limitleri girme \u00f6zelli\u011fi,<\/p>\n<p>Cihaz otomatik kalibrasyon tekrar\u0131 saati belirleyebilme \u00f6zelli\u011fi,<\/p>\n<p>Transmisyon(Likid) \u00f6l\u00e7\u00fcm\u00fc ekran\u0131<\/p>\n<p>2\u00c2\u00b0\u00c2 ve 10\u00c2\u00b0\u00c2 g\u00f6zlem a\u00e7\u0131s\u0131,<\/p>\n<p>Ar\u015fivde bulunan t\u00fcm renkler \u00fczerinde yeni girilen renge DE taramas\u0131 yapabilme \u00f6zelli\u011fi,<\/p>\n<p>XYZ, Lab, LCh ve Reflektans (yans\u0131ma) de\u011ferlerini el ile girerek renk tan\u0131mlayabilme olana\u011f\u0131,<\/p>\n<p>.exp,*.qtx, *.dat, *.mdb dosyalar\u0131n\u0131 programa transfer ederek ba\u015fka programlarda yap\u0131lm\u0131\u015f \u00f6l\u00e7\u00fcmleri ekran\u0131n\u0131zda g\u00f6rebilme \u00f6zelli\u011fi,<\/p>\n<p>L,a,b,C,h,X,Y,Z,x,y de\u011ferlerini standart ve numune i\u00e7in ayr\u0131 ayr\u0131 raporlayabilme \u00f6zelli\u011fi,<\/p>\n<p>1 Standart ile 1 Numune aras\u0131nda renk mukayesesi yapabilme olana\u011f\u0131,<\/p>\n<p>1 Standart ile 30 taneye kadar Numuneyi tek ekran \u00fczerinde renk mukayesesi yapabilme olana\u011f\u0131<\/p>\n<p>T\u00fcm \u0131\u015f\u0131k kaynaklar\u0131 alt\u0131nda Metamerizm kontrol\u00fc<\/p>\n<p>Maksimum Absorbansta Kuvvet, Relatif Ortalama Kuvvet ve Relatif A\u011f\u0131rl\u0131kl\u0131 kuvvet de renk Kuvveti farkl\u0131lar\u0131n\u0131 raporlayabilir; b\u00f6ylelikle 2 farkl\u0131 boya firmas\u0131n\u0131n ayn\u0131 boyalar\u0131n\u0131n \u00e7ekim ve kuvvet farklar\u0131n\u0131 g\u00f6rebilme \u00f6zelli\u011fi,<\/p>\n<p>CIE W.I. , ASTM E313 W.I. , GANZ W.I. , Berger W.I. , HARRISSON W.I. , STENSBY W.I. , STEPHANSES W.I. , TAUBE W.I. indisleri alt\u0131nda Beyazl\u0131k \/ Optiklik bakabilme \u00f6zelli\u011fi,<\/p>\n<p>ASTM D1925-70 ve ASTM E313-73 \u00c2 indisleri alt\u0131nda Sar\u0131l\u0131k bakabilme \u00f6zelli\u011fi,<\/p>\n<p>ISO Parlakl\u0131 R457 {4f41dafb441653bc01d5a5f77771681af348716bac706b69e401f3a7a2194a0d}Y ve {4f41dafb441653bc01d5a5f77771681af348716bac706b69e401f3a7a2194a0d}Z indisleri alt\u0131nda Parlakl\u0131k bakabilme \u00f6zelli\u011fi,<\/p>\n<p>EN 471 indisi alt\u0131nda\u00c2 \u00ce\u00b2\u00c2 ayd\u0131nlatma fakt\u00f6r\u00fcne bakabilme \u00f6zelli\u011fi,<\/p>\n<p>555 standart\u0131na g\u00f6re s\u0131ralama \u00f6zelli\u011fi,<\/p>\n<p>Siyah ve Beyaz zeminde ayr\u0131 ayr\u0131 Opasite bakabilme \u00f6zelli\u011fi,<\/p>\n<p>XYZ kar\u015f\u0131la\u015ft\u0131rma ekran\u0131,<\/p>\n<p>Gri \u00c2 skala ISO105-A04 Lekelenme ve ISO105-A05 Renk De\u011fi\u015fimi<\/p>\n<p>S\u00fcrtme ve Y\u0131kama hasl\u0131\u011f\u0131 sonras\u0131 testleri yapabilme olana\u011f\u0131<\/p>\n<p>Dalgaboyu K\/S grafi\u011fi, Dalgaboyu {4f41dafb441653bc01d5a5f77771681af348716bac706b69e401f3a7a2194a0d}R grafi\u011fi, CIELab Renk Uzay\u0131 grafi\u011fi<\/p>\n<p>T\u00fcm ekranlar \u00fczerinde ayr\u0131 ayr\u0131 T\u00fcrk\u00e7e ve ingilizce kalite kontrol raporu \u00e7\u0131kartabilme \u00f6zelli\u011fi mevcuttur.<\/p>\n<p>S\u0131n\u0131rs\u0131z Ar\u015fivleme, ar\u015fivden renk yada re\u00e7ete taramas\u0131 yapabilme, el ile ile ar\u015five re\u00e7ete kayd\u0131 yapabilme \u00f6zelli\u011fi<br \/>\n<a href=\"\/\/www.argetek.com.tr\/wp-content\/uploads\/2018\/04\/21-K.K-1.jpg\" rel=\"lightbox\"><br \/>\n<img decoding=\"async\" class=\"sh-image-url\" src=\"http:\/\/www.argetek.com.tr\/wp-content\/uploads\/2018\/04\/21-K.K-1-1024x600.jpg\" alt=\"21-K.K\" \/><br \/>\n<\/a><br \/>\n<a href=\"\/\/www.argetek.com.tr\/wp-content\/uploads\/2018\/04\/28-\u00c7oklu-K.K-Lotlama.jpg\" rel=\"lightbox\"><br \/>\n<img decoding=\"async\" class=\"sh-image-url\" src=\"http:\/\/www.argetek.com.tr\/wp-content\/uploads\/2018\/04\/28-\u00c7oklu-K.K-Lotlama-1024x600.jpg\" alt=\"28-\u00c7oklu K.K-Lotlama\" \/><br \/>\n<\/a><br \/>\n<a href=\"\/\/www.argetek.com.tr\/wp-content\/uploads\/2018\/04\/16-\u00d6l\u00e7\u00fcm-Kart\u0131.jpg\" rel=\"lightbox\"><br \/>\n<img decoding=\"async\" class=\"sh-image-url\" src=\"http:\/\/www.argetek.com.tr\/wp-content\/uploads\/2018\/04\/16-\u00d6l\u00e7\u00fcm-Kart\u0131.jpg\" alt=\"16-\u00d6l\u00e7\u00fcm Kart\u0131\" \/><br \/>\n<\/a><br \/>\n<a href=\"\/\/www.argetek.com.tr\/wp-content\/uploads\/2018\/04\/25-CIELab-Uzay\u0131.jpg\" rel=\"lightbox\"><br \/>\n<img decoding=\"async\" class=\"sh-image-url\" src=\"http:\/\/www.argetek.com.tr\/wp-content\/uploads\/2018\/04\/25-CIELab-Uzay\u0131-1024x600.jpg\" alt=\"25-CIELab Uzay\u0131\" \/><br \/>\n<\/a><\/p>\n<p><!-- eeebf58f7456bb01355f5a7e16c23144 --><\/p>","protected":false},"excerpt":{"rendered":"<p>ColorMission, Argetek taraf\u0131ndan \u00fcretilen bir yaz\u0131l\u0131mlar grubunun genel ad\u0131d\u0131r. Argetek \/ ColorMission Basic Kalite Kontrol ve Ar\u015fivleme Yaz\u0131l\u0131m\u0131 T\u00fcrk\u00e7e ve \u0130ngilizce kullan\u0131m olana\u011f\u0131, Lisans sahibi firma\/kurum logosu ile antetli rapor formu basabilme \u00f6zelli\u011fi, Otomatik yedek alma \u00f6zelli\u011fi, S\u0131n\u0131rs\u0131z say\u0131da kullan\u0131c\u0131 tan\u0131mlayarak, kullan\u0131c\u0131 dosyalar\u0131n\u0131 \u015fifrelendirebilme \u00f6zelli\u011fi&#8230;<\/p>","protected":false},"author":3,"featured_media":0,"parent":0,"menu_order":0,"comment_status":"closed","ping_status":"closed","template":"","meta":[],"yoast_head":"<!-- This site is optimized with the Yoast SEO plugin v20.12 - https:\/\/yoast.com\/wordpress\/plugins\/seo\/ -->\n<title>ColorMission Basic - Argetek Ara\u015ft\u0131rma Geli\u015ftirme Ltd. \u015eti.<\/title>\n<meta name=\"robots\" content=\"index, follow, max-snippet:-1, max-image-preview:large, max-video-preview:-1\" \/>\n<link rel=\"canonical\" href=\"https:\/\/www.argetek.com.tr\/en\/colormission-basic\/\" \/>\n<meta property=\"og:locale\" content=\"en_GB\" \/>\n<meta property=\"og:type\" content=\"article\" \/>\n<meta property=\"og:title\" content=\"ColorMission Basic - Argetek Ara\u015ft\u0131rma Geli\u015ftirme Ltd. \u015eti.\" \/>\n<meta property=\"og:description\" content=\"ColorMission, Argetek taraf\u0131ndan \u00fcretilen bir yaz\u0131l\u0131mlar grubunun genel ad\u0131d\u0131r. Argetek \/ ColorMission Basic Kalite Kontrol ve Ar\u015fivleme Yaz\u0131l\u0131m\u0131 T\u00fcrk\u00e7e ve \u0130ngilizce kullan\u0131m olana\u011f\u0131, Lisans sahibi firma\/kurum logosu ile antetli rapor formu basabilme \u00f6zelli\u011fi, Otomatik yedek alma \u00f6zelli\u011fi, S\u0131n\u0131rs\u0131z say\u0131da kullan\u0131c\u0131 tan\u0131mlayarak, kullan\u0131c\u0131 dosyalar\u0131n\u0131 \u015fifrelendirebilme \u00f6zelli\u011fi...\" \/>\n<meta property=\"og:url\" content=\"https:\/\/www.argetek.com.tr\/en\/colormission-basic\/\" \/>\n<meta property=\"og:site_name\" content=\"Argetek Ara\u015ft\u0131rma Geli\u015ftirme Ltd. \u015eti.\" \/>\n<meta property=\"article:publisher\" content=\"https:\/\/www.facebook.com\/argeteklimited\" \/>\n<meta property=\"article:modified_time\" content=\"2021-04-22T02:32:02+00:00\" \/>\n<meta property=\"og:image\" content=\"http:\/\/www.argetek.com.tr\/wp-content\/uploads\/2018\/04\/ColorMission.png\" \/>\n<meta name=\"twitter:card\" content=\"summary_large_image\" \/>\n<meta name=\"twitter:label1\" content=\"Estimated reading time\" \/>\n\t<meta name=\"twitter:data1\" content=\"3 minutes\" \/>\n<script type=\"application\/ld+json\" class=\"yoast-schema-graph\">{\"@context\":\"https:\/\/schema.org\",\"@graph\":[{\"@type\":\"WebPage\",\"@id\":\"https:\/\/www.argetek.com.tr\/colormission-basic\/\",\"url\":\"https:\/\/www.argetek.com.tr\/colormission-basic\/\",\"name\":\"ColorMission Basic - Argetek Ara\u015ft\u0131rma Geli\u015ftirme Ltd. \u015eti.\",\"isPartOf\":{\"@id\":\"https:\/\/www.argetek.com.tr\/#website\"},\"datePublished\":\"2018-04-12T17:01:04+00:00\",\"dateModified\":\"2021-04-22T02:32:02+00:00\",\"breadcrumb\":{\"@id\":\"https:\/\/www.argetek.com.tr\/colormission-basic\/#breadcrumb\"},\"inLanguage\":\"en-GB\",\"potentialAction\":[{\"@type\":\"ReadAction\",\"target\":[\"https:\/\/www.argetek.com.tr\/colormission-basic\/\"]}]},{\"@type\":\"BreadcrumbList\",\"@id\":\"https:\/\/www.argetek.com.tr\/colormission-basic\/#breadcrumb\",\"itemListElement\":[{\"@type\":\"ListItem\",\"position\":1,\"name\":\"Anasayfa\",\"item\":\"https:\/\/www.argetek.com.tr\/\"},{\"@type\":\"ListItem\",\"position\":2,\"name\":\"ColorMission Basic\"}]},{\"@type\":\"WebSite\",\"@id\":\"https:\/\/www.argetek.com.tr\/#website\",\"url\":\"https:\/\/www.argetek.com.tr\/\",\"name\":\"ARGETEK\",\"description\":\"Renk Fizi\u011fi Dal\u0131nda \u00c7\u00f6z\u00fcm Orta\u011f\u0131n\u0131z..\",\"publisher\":{\"@id\":\"https:\/\/www.argetek.com.tr\/#organization\"},\"potentialAction\":[{\"@type\":\"SearchAction\",\"target\":{\"@type\":\"EntryPoint\",\"urlTemplate\":\"https:\/\/www.argetek.com.tr\/?s={search_term_string}\"},\"query-input\":\"required name=search_term_string\"}],\"inLanguage\":\"en-GB\"},{\"@type\":\"Organization\",\"@id\":\"https:\/\/www.argetek.com.tr\/#organization\",\"name\":\"ARGETEK\",\"url\":\"https:\/\/www.argetek.com.tr\/\",\"logo\":{\"@type\":\"ImageObject\",\"inLanguage\":\"en-GB\",\"@id\":\"https:\/\/www.argetek.com.tr\/#\/schema\/logo\/image\/\",\"url\":\"https:\/\/www.argetek.com.tr\/wp-content\/uploads\/2021\/04\/Argetek-Logo.ico\",\"contentUrl\":\"https:\/\/www.argetek.com.tr\/wp-content\/uploads\/2021\/04\/Argetek-Logo.ico\",\"width\":1,\"height\":68,\"caption\":\"ARGETEK\"},\"image\":{\"@id\":\"https:\/\/www.argetek.com.tr\/#\/schema\/logo\/image\/\"},\"sameAs\":[\"https:\/\/www.facebook.com\/argeteklimited\",\"https:\/\/www.instagram.com\/argeteklimited\/\",\"https:\/\/tr.linkedin.com\/company\/argetek-ltd\"]}]}<\/script>\n<!-- \/ Yoast SEO plugin. -->","yoast_head_json":{"title":"ColorMission Basic - Argetek Ara\u015ft\u0131rma Geli\u015ftirme Ltd. \u015eti.","robots":{"index":"index","follow":"follow","max-snippet":"max-snippet:-1","max-image-preview":"max-image-preview:large","max-video-preview":"max-video-preview:-1"},"canonical":"https:\/\/www.argetek.com.tr\/en\/colormission-basic\/","og_locale":"en_GB","og_type":"article","og_title":"ColorMission Basic - Argetek Ara\u015ft\u0131rma Geli\u015ftirme Ltd. \u015eti.","og_description":"ColorMission, Argetek taraf\u0131ndan \u00fcretilen bir yaz\u0131l\u0131mlar grubunun genel ad\u0131d\u0131r. Argetek \/ ColorMission Basic Kalite Kontrol ve Ar\u015fivleme Yaz\u0131l\u0131m\u0131 T\u00fcrk\u00e7e ve \u0130ngilizce kullan\u0131m olana\u011f\u0131, Lisans sahibi firma\/kurum logosu ile antetli rapor formu basabilme \u00f6zelli\u011fi, Otomatik yedek alma \u00f6zelli\u011fi, S\u0131n\u0131rs\u0131z say\u0131da kullan\u0131c\u0131 tan\u0131mlayarak, kullan\u0131c\u0131 dosyalar\u0131n\u0131 \u015fifrelendirebilme \u00f6zelli\u011fi...","og_url":"https:\/\/www.argetek.com.tr\/en\/colormission-basic\/","og_site_name":"Argetek Ara\u015ft\u0131rma Geli\u015ftirme Ltd. \u015eti.","article_publisher":"https:\/\/www.facebook.com\/argeteklimited","article_modified_time":"2021-04-22T02:32:02+00:00","og_image":[{"url":"http:\/\/www.argetek.com.tr\/wp-content\/uploads\/2018\/04\/ColorMission.png"}],"twitter_card":"summary_large_image","twitter_misc":{"Estimated reading time":"3 minutes"},"schema":{"@context":"https:\/\/schema.org","@graph":[{"@type":"WebPage","@id":"https:\/\/www.argetek.com.tr\/colormission-basic\/","url":"https:\/\/www.argetek.com.tr\/colormission-basic\/","name":"ColorMission Basic - Argetek Ara\u015ft\u0131rma Geli\u015ftirme Ltd. \u015eti.","isPartOf":{"@id":"https:\/\/www.argetek.com.tr\/#website"},"datePublished":"2018-04-12T17:01:04+00:00","dateModified":"2021-04-22T02:32:02+00:00","breadcrumb":{"@id":"https:\/\/www.argetek.com.tr\/colormission-basic\/#breadcrumb"},"inLanguage":"en-GB","potentialAction":[{"@type":"ReadAction","target":["https:\/\/www.argetek.com.tr\/colormission-basic\/"]}]},{"@type":"BreadcrumbList","@id":"https:\/\/www.argetek.com.tr\/colormission-basic\/#breadcrumb","itemListElement":[{"@type":"ListItem","position":1,"name":"Anasayfa","item":"https:\/\/www.argetek.com.tr\/"},{"@type":"ListItem","position":2,"name":"ColorMission Basic"}]},{"@type":"WebSite","@id":"https:\/\/www.argetek.com.tr\/#website","url":"https:\/\/www.argetek.com.tr\/","name":"ARGETEK","description":"Renk Fizi\u011fi Dal\u0131nda \u00c7\u00f6z\u00fcm Orta\u011f\u0131n\u0131z..","publisher":{"@id":"https:\/\/www.argetek.com.tr\/#organization"},"potentialAction":[{"@type":"SearchAction","target":{"@type":"EntryPoint","urlTemplate":"https:\/\/www.argetek.com.tr\/?s={search_term_string}"},"query-input":"required name=search_term_string"}],"inLanguage":"en-GB"},{"@type":"Organization","@id":"https:\/\/www.argetek.com.tr\/#organization","name":"ARGETEK","url":"https:\/\/www.argetek.com.tr\/","logo":{"@type":"ImageObject","inLanguage":"en-GB","@id":"https:\/\/www.argetek.com.tr\/#\/schema\/logo\/image\/","url":"https:\/\/www.argetek.com.tr\/wp-content\/uploads\/2021\/04\/Argetek-Logo.ico","contentUrl":"https:\/\/www.argetek.com.tr\/wp-content\/uploads\/2021\/04\/Argetek-Logo.ico","width":1,"height":68,"caption":"ARGETEK"},"image":{"@id":"https:\/\/www.argetek.com.tr\/#\/schema\/logo\/image\/"},"sameAs":["https:\/\/www.facebook.com\/argeteklimited","https:\/\/www.instagram.com\/argeteklimited\/","https:\/\/tr.linkedin.com\/company\/argetek-ltd"]}]}},"amp_enabled":true,"_links":{"self":[{"href":"https:\/\/www.argetek.com.tr\/en\/wp-json\/wp\/v2\/pages\/263"}],"collection":[{"href":"https:\/\/www.argetek.com.tr\/en\/wp-json\/wp\/v2\/pages"}],"about":[{"href":"https:\/\/www.argetek.com.tr\/en\/wp-json\/wp\/v2\/types\/page"}],"author":[{"embeddable":true,"href":"https:\/\/www.argetek.com.tr\/en\/wp-json\/wp\/v2\/users\/3"}],"replies":[{"embeddable":true,"href":"https:\/\/www.argetek.com.tr\/en\/wp-json\/wp\/v2\/comments?post=263"}],"version-history":[{"count":15,"href":"https:\/\/www.argetek.com.tr\/en\/wp-json\/wp\/v2\/pages\/263\/revisions"}],"predecessor-version":[{"id":1222,"href":"https:\/\/www.argetek.com.tr\/en\/wp-json\/wp\/v2\/pages\/263\/revisions\/1222"}],"wp:attachment":[{"href":"https:\/\/www.argetek.com.tr\/en\/wp-json\/wp\/v2\/media?parent=263"}],"curies":[{"name":"wp","href":"https:\/\/api.w.org\/{rel}","templated":true}]}}