{"id":24,"date":"2018-03-23T11:52:58","date_gmt":"2018-03-23T11:52:58","guid":{"rendered":"http:\/\/www.argetek.com.tr\/?page_id=24"},"modified":"2024-11-26T08:06:40","modified_gmt":"2024-11-26T08:06:40","slug":"iletisim","status":"publish","type":"page","link":"https:\/\/www.argetek.com.tr\/en\/iletisim\/","title":{"rendered":"Contact"},"content":{"rendered":"<div data-elementor-type=\"wp-page\" data-elementor-id=\"24\" class=\"elementor elementor-24\">\n\t\t\t\t\t\t\t\t\t<section class=\"elementor-section elementor-top-section elementor-element elementor-element-fb4cab1 elementor-section-boxed elementor-section-height-default elementor-section-height-default\" data-id=\"fb4cab1\" data-element_type=\"section\">\n\t\t\t\t\t\t<div class=\"elementor-container elementor-column-gap-default\">\n\t\t\t\t\t<div class=\"elementor-column elementor-col-50 elementor-top-column elementor-element elementor-element-61ae785\" data-id=\"61ae785\" data-element_type=\"column\">\n\t\t\t<div class=\"elementor-widget-wrap elementor-element-populated\">\n\t\t\t\t\t\t\t\t<div class=\"elementor-element elementor-element-c4fc4b6 elementor-widget elementor-widget-google_maps\" data-id=\"c4fc4b6\" data-element_type=\"widget\" data-widget_type=\"google_maps.default\">\n\t\t\t\t<div class=\"elementor-widget-container\">\n\t\t\t\t\t<div class=\"elementor-custom-embed\">\n\t\t\t<iframe loading=\"lazy\"\n\t\t\t\t\tsrc=\"https:\/\/maps.google.com\/maps?q=Argetek%20Ltd&#038;t=m&#038;z=10&#038;output=embed&#038;iwloc=near\"\n\t\t\t\t\ttitle=\"Argetek Ltd\"\n\t\t\t\t\taria-label=\"Argetek Ltd\"\n\t\t\t><\/iframe>\n\t\t<\/div>\n\t\t\t\t<\/div>\n\t\t\t\t<\/div>\n\t\t\t\t<div class=\"elementor-element elementor-element-9732605 elementor-widget elementor-widget-text-editor\" data-id=\"9732605\" data-element_type=\"widget\" data-widget_type=\"text-editor.default\">\n\t\t\t\t<div class=\"elementor-widget-container\">\n\t\t\t\t\t\t\t<section>\n<h6><strong>&nbsp;<\/strong><\/h6>\n<h1><strong>Yurtd\u0131\u015f\u0131 Temsilciliklerimiz :<\/strong><\/h1>\n<p><\/p>\n<\/section>\n<section>\n<h3>America Agent,<\/h3>\n<p style=\"margin-bottom: 10px; color: #7a7a7a; font-family: Roboto, sans-serif; font-size: 14px; font-weight: 400;\">Mr. Vedat Mutlu<\/p>\n<p style=\"margin-bottom: 10px; color: #7a7a7a; font-family: Roboto, sans-serif; font-size: 14px; font-weight: 400;\">Tel : +55 63 981111-8627<\/p>\n<p style=\"margin-bottom: 10px; color: #7a7a7a; font-family: Roboto, sans-serif; font-size: 14px; font-weight: 400;\">E-Mail : vedat@argetek.com<\/p>\n<h3>India Agent,<\/h3>\n<p style=\"margin-bottom: 10px; color: #7a7a7a; font-family: Roboto, sans-serif; font-size: 14px; font-weight: 400;\">Jay Instruments&nbsp;&amp;&nbsp;Pvt. Ltd.<\/p>\n<p style=\"margin-bottom: 10px; color: #7a7a7a; font-family: Roboto, sans-serif; font-size: 14px; font-weight: 400;\">Mr. Sunil Malvankar<\/p>\n<p style=\"margin-bottom: 10px; color: #7a7a7a; font-family: Roboto, sans-serif; font-size: 14px; font-weight: 400;\">Tel : +91 986 738 1734<\/p>\n<p style=\"margin-bottom: 10px; color: #7a7a7a; font-family: Roboto, sans-serif; font-size: 14px; font-weight: 400;\">E-Mail : sunil.malvankar@jayinst.com<\/p>\n<h3>Pakistan Agent,<\/h3>\n<p>Mr.Qamar Zia ,&nbsp; Tex Vanguard Pakistan<\/p><p>+92 321 5181918<\/p>\n<h3>Bangladesh Agent,<\/h3>\n<p>Mr.Sultan<\/p>\n<p>Tel: +88 018 17 15 23 85<\/p>\n<\/section>\t\t\t\t\t\t<\/div>\n\t\t\t\t<\/div>\n\t\t\t\t\t<\/div>\n\t\t<\/div>\n\t\t\t\t<div class=\"elementor-column elementor-col-50 elementor-top-column elementor-element elementor-element-d913ee8\" data-id=\"d913ee8\" data-element_type=\"column\">\n\t\t\t<div class=\"elementor-widget-wrap elementor-element-populated\">\n\t\t\t\t\t\t\t\t<div class=\"elementor-element elementor-element-253684d elementor-widget elementor-widget-text-editor\" data-id=\"253684d\" data-element_type=\"widget\" data-widget_type=\"text-editor.default\">\n\t\t\t\t<div class=\"elementor-widget-container\">\n\t\t\t\t\t\t\t<h3>ADRES<\/h3><p>Merkez Efendi Mh. Mevlevihane Cd. Yenikap\u0131 Mevlevihanesi No:25<\/p><p>Zeytinburnu\/ \u0130STANBUL<\/p><p>\u00a0<\/p><h3>TELEFON<\/h3><div>0 553 257 29 27<\/div><div>0 551 90721 56<\/div><p><span style=\"color: #282828; font-family: Montserrat; font-size: 21px; font-weight: bold;\">E-MAIL<\/span><\/p><p>info@argetek.com<\/p><p>\u00a0<\/p><h3>\u00c7ALI\u015eMA SAATLER\u0130M\u0130Z<\/h3><p>09:00 \u2013 18:00<\/p>\t\t\t\t\t\t<\/div>\n\t\t\t\t<\/div>\n\t\t\t\t\t<\/div>\n\t\t<\/div>\n\t\t\t\t\t\t\t<\/div>\n\t\t<\/section>\n\t\t\t\t\t\t\t<\/div>","protected":false},"excerpt":{"rendered":"<p>&nbsp; Yurtd\u0131\u015f\u0131 Temsilciliklerimiz : America Agent, Mr. Vedat Mutlu Tel : +55 63 981111-8627 E-Mail : vedat@argetek.com India Agent, Jay Instruments&nbsp;&amp;&nbsp;Pvt. Ltd. Mr. Sunil Malvankar Tel : +91 986 738 1734 E-Mail : sunil.malvankar@jayinst.com Pakistan Agent, Mr.Qamar Zia ,&nbsp; Tex Vanguard Pakistan +92 321 5181918&#8230;<\/p>","protected":false},"author":1,"featured_media":0,"parent":0,"menu_order":0,"comment_status":"closed","ping_status":"closed","template":"","meta":[],"yoast_head":"<!-- This site is optimized with the Yoast SEO plugin v20.12 - https:\/\/yoast.com\/wordpress\/plugins\/seo\/ -->\n<title>\u0130leti\u015fim - Argetek Ara\u015ft\u0131rma Geli\u015ftirme Ltd. \u015eti.<\/title>\n<meta name=\"robots\" content=\"index, follow, max-snippet:-1, max-image-preview:large, max-video-preview:-1\" \/>\n<link rel=\"canonical\" href=\"https:\/\/www.argetek.com.tr\/en\/iletisim\/\" \/>\n<meta property=\"og:locale\" content=\"en_GB\" \/>\n<meta property=\"og:type\" content=\"article\" \/>\n<meta property=\"og:title\" content=\"\u0130leti\u015fim - Argetek Ara\u015ft\u0131rma Geli\u015ftirme Ltd. \u015eti.\" \/>\n<meta property=\"og:description\" content=\"&nbsp; Yurtd\u0131\u015f\u0131 Temsilciliklerimiz : America Agent, Mr. Vedat Mutlu Tel : +55 63 981111-8627 E-Mail : vedat@argetek.com India Agent, Jay Instruments&nbsp;&amp;&nbsp;Pvt. Ltd. Mr. Sunil Malvankar Tel : +91 986 738 1734 E-Mail : sunil.malvankar@jayinst.com Pakistan Agent, Mr.Qamar Zia ,&nbsp; Tex Vanguard Pakistan +92 321 5181918...\" \/>\n<meta property=\"og:url\" content=\"https:\/\/www.argetek.com.tr\/en\/iletisim\/\" \/>\n<meta property=\"og:site_name\" content=\"Argetek Ara\u015ft\u0131rma Geli\u015ftirme Ltd. \u015eti.\" \/>\n<meta property=\"article:publisher\" content=\"https:\/\/www.facebook.com\/argeteklimited\" \/>\n<meta property=\"article:modified_time\" content=\"2024-11-26T08:06:40+00:00\" \/>\n<meta name=\"twitter:card\" content=\"summary_large_image\" \/>\n<meta name=\"twitter:label1\" content=\"Estimated reading time\" \/>\n\t<meta name=\"twitter:data1\" content=\"1 minute\" \/>\n<script type=\"application\/ld+json\" class=\"yoast-schema-graph\">{\"@context\":\"https:\/\/schema.org\",\"@graph\":[{\"@type\":\"WebPage\",\"@id\":\"https:\/\/www.argetek.com.tr\/iletisim\/\",\"url\":\"https:\/\/www.argetek.com.tr\/iletisim\/\",\"name\":\"\u0130leti\u015fim - Argetek Ara\u015ft\u0131rma Geli\u015ftirme Ltd. \u015eti.\",\"isPartOf\":{\"@id\":\"https:\/\/www.argetek.com.tr\/#website\"},\"datePublished\":\"2018-03-23T11:52:58+00:00\",\"dateModified\":\"2024-11-26T08:06:40+00:00\",\"breadcrumb\":{\"@id\":\"https:\/\/www.argetek.com.tr\/iletisim\/#breadcrumb\"},\"inLanguage\":\"en-GB\",\"potentialAction\":[{\"@type\":\"ReadAction\",\"target\":[\"https:\/\/www.argetek.com.tr\/iletisim\/\"]}]},{\"@type\":\"BreadcrumbList\",\"@id\":\"https:\/\/www.argetek.com.tr\/iletisim\/#breadcrumb\",\"itemListElement\":[{\"@type\":\"ListItem\",\"position\":1,\"name\":\"Anasayfa\",\"item\":\"https:\/\/www.argetek.com.tr\/\"},{\"@type\":\"ListItem\",\"position\":2,\"name\":\"\u0130leti\u015fim\"}]},{\"@type\":\"WebSite\",\"@id\":\"https:\/\/www.argetek.com.tr\/#website\",\"url\":\"https:\/\/www.argetek.com.tr\/\",\"name\":\"ARGETEK\",\"description\":\"Renk Fizi\u011fi Dal\u0131nda \u00c7\u00f6z\u00fcm Orta\u011f\u0131n\u0131z..\",\"publisher\":{\"@id\":\"https:\/\/www.argetek.com.tr\/#organization\"},\"potentialAction\":[{\"@type\":\"SearchAction\",\"target\":{\"@type\":\"EntryPoint\",\"urlTemplate\":\"https:\/\/www.argetek.com.tr\/?s={search_term_string}\"},\"query-input\":\"required name=search_term_string\"}],\"inLanguage\":\"en-GB\"},{\"@type\":\"Organization\",\"@id\":\"https:\/\/www.argetek.com.tr\/#organization\",\"name\":\"ARGETEK\",\"url\":\"https:\/\/www.argetek.com.tr\/\",\"logo\":{\"@type\":\"ImageObject\",\"inLanguage\":\"en-GB\",\"@id\":\"https:\/\/www.argetek.com.tr\/#\/schema\/logo\/image\/\",\"url\":\"https:\/\/www.argetek.com.tr\/wp-content\/uploads\/2021\/04\/Argetek-Logo.ico\",\"contentUrl\":\"https:\/\/www.argetek.com.tr\/wp-content\/uploads\/2021\/04\/Argetek-Logo.ico\",\"width\":1,\"height\":68,\"caption\":\"ARGETEK\"},\"image\":{\"@id\":\"https:\/\/www.argetek.com.tr\/#\/schema\/logo\/image\/\"},\"sameAs\":[\"https:\/\/www.facebook.com\/argeteklimited\",\"https:\/\/www.instagram.com\/argeteklimited\/\",\"https:\/\/tr.linkedin.com\/company\/argetek-ltd\"]}]}<\/script>\n<!-- \/ Yoast SEO plugin. -->","yoast_head_json":{"title":"\u0130leti\u015fim - Argetek Ara\u015ft\u0131rma Geli\u015ftirme Ltd. \u015eti.","robots":{"index":"index","follow":"follow","max-snippet":"max-snippet:-1","max-image-preview":"max-image-preview:large","max-video-preview":"max-video-preview:-1"},"canonical":"https:\/\/www.argetek.com.tr\/en\/iletisim\/","og_locale":"en_GB","og_type":"article","og_title":"\u0130leti\u015fim - Argetek Ara\u015ft\u0131rma Geli\u015ftirme Ltd. \u015eti.","og_description":"&nbsp; Yurtd\u0131\u015f\u0131 Temsilciliklerimiz : America Agent, Mr. Vedat Mutlu Tel : +55 63 981111-8627 E-Mail : vedat@argetek.com India Agent, Jay Instruments&nbsp;&amp;&nbsp;Pvt. Ltd. Mr. Sunil Malvankar Tel : +91 986 738 1734 E-Mail : sunil.malvankar@jayinst.com Pakistan Agent, Mr.Qamar Zia ,&nbsp; Tex Vanguard Pakistan +92 321 5181918...","og_url":"https:\/\/www.argetek.com.tr\/en\/iletisim\/","og_site_name":"Argetek Ara\u015ft\u0131rma Geli\u015ftirme Ltd. \u015eti.","article_publisher":"https:\/\/www.facebook.com\/argeteklimited","article_modified_time":"2024-11-26T08:06:40+00:00","twitter_card":"summary_large_image","twitter_misc":{"Estimated reading time":"1 minute"},"schema":{"@context":"https:\/\/schema.org","@graph":[{"@type":"WebPage","@id":"https:\/\/www.argetek.com.tr\/iletisim\/","url":"https:\/\/www.argetek.com.tr\/iletisim\/","name":"\u0130leti\u015fim - Argetek Ara\u015ft\u0131rma Geli\u015ftirme Ltd. \u015eti.","isPartOf":{"@id":"https:\/\/www.argetek.com.tr\/#website"},"datePublished":"2018-03-23T11:52:58+00:00","dateModified":"2024-11-26T08:06:40+00:00","breadcrumb":{"@id":"https:\/\/www.argetek.com.tr\/iletisim\/#breadcrumb"},"inLanguage":"en-GB","potentialAction":[{"@type":"ReadAction","target":["https:\/\/www.argetek.com.tr\/iletisim\/"]}]},{"@type":"BreadcrumbList","@id":"https:\/\/www.argetek.com.tr\/iletisim\/#breadcrumb","itemListElement":[{"@type":"ListItem","position":1,"name":"Anasayfa","item":"https:\/\/www.argetek.com.tr\/"},{"@type":"ListItem","position":2,"name":"\u0130leti\u015fim"}]},{"@type":"WebSite","@id":"https:\/\/www.argetek.com.tr\/#website","url":"https:\/\/www.argetek.com.tr\/","name":"ARGETEK","description":"Renk Fizi\u011fi Dal\u0131nda \u00c7\u00f6z\u00fcm Orta\u011f\u0131n\u0131z..","publisher":{"@id":"https:\/\/www.argetek.com.tr\/#organization"},"potentialAction":[{"@type":"SearchAction","target":{"@type":"EntryPoint","urlTemplate":"https:\/\/www.argetek.com.tr\/?s={search_term_string}"},"query-input":"required name=search_term_string"}],"inLanguage":"en-GB"},{"@type":"Organization","@id":"https:\/\/www.argetek.com.tr\/#organization","name":"ARGETEK","url":"https:\/\/www.argetek.com.tr\/","logo":{"@type":"ImageObject","inLanguage":"en-GB","@id":"https:\/\/www.argetek.com.tr\/#\/schema\/logo\/image\/","url":"https:\/\/www.argetek.com.tr\/wp-content\/uploads\/2021\/04\/Argetek-Logo.ico","contentUrl":"https:\/\/www.argetek.com.tr\/wp-content\/uploads\/2021\/04\/Argetek-Logo.ico","width":1,"height":68,"caption":"ARGETEK"},"image":{"@id":"https:\/\/www.argetek.com.tr\/#\/schema\/logo\/image\/"},"sameAs":["https:\/\/www.facebook.com\/argeteklimited","https:\/\/www.instagram.com\/argeteklimited\/","https:\/\/tr.linkedin.com\/company\/argetek-ltd"]}]}},"amp_enabled":true,"_links":{"self":[{"href":"https:\/\/www.argetek.com.tr\/en\/wp-json\/wp\/v2\/pages\/24"}],"collection":[{"href":"https:\/\/www.argetek.com.tr\/en\/wp-json\/wp\/v2\/pages"}],"about":[{"href":"https:\/\/www.argetek.com.tr\/en\/wp-json\/wp\/v2\/types\/page"}],"author":[{"embeddable":true,"href":"https:\/\/www.argetek.com.tr\/en\/wp-json\/wp\/v2\/users\/1"}],"replies":[{"embeddable":true,"href":"https:\/\/www.argetek.com.tr\/en\/wp-json\/wp\/v2\/comments?post=24"}],"version-history":[{"count":75,"href":"https:\/\/www.argetek.com.tr\/en\/wp-json\/wp\/v2\/pages\/24\/revisions"}],"predecessor-version":[{"id":1966,"href":"https:\/\/www.argetek.com.tr\/en\/wp-json\/wp\/v2\/pages\/24\/revisions\/1966"}],"wp:attachment":[{"href":"https:\/\/www.argetek.com.tr\/en\/wp-json\/wp\/v2\/media?parent=24"}],"curies":[{"name":"wp","href":"https:\/\/api.w.org\/{rel}","templated":true}]}}