{"id":22,"date":"2018-03-23T11:52:37","date_gmt":"2018-03-23T11:52:37","guid":{"rendered":"http:\/\/www.argetek.com.tr\/?page_id=22"},"modified":"2018-03-23T12:09:44","modified_gmt":"2018-03-23T12:09:44","slug":"hizmetlerimiz","status":"publish","type":"page","link":"https:\/\/www.argetek.com.tr\/en\/hizmetlerimiz\/","title":{"rendered":"Hizmetlerimiz"},"content":{"rendered":"<section class=\"sh-section sh-section-902cc2c82eff98033f4fa09556d2846f fw-main-row sh-section-visibility-everywhere\">\r\n\t\r\n\t\r\n\t<div class=\"sh-section-container container\">\r\n\t\t<div class=\"fw-row\">\n\t\r\n<div class=\"sh-column sh-column-47b55bb4eff5f54f762949f4b11b4621 fw-col-xs-12\" >\r\n\r\n\t\r\n\t<div class=\"sh-column-wrapper\">\r\n\t\t\r\n<div id=\"divider-6248a889336d7a83747e9a90f500bc71\" class=\"sh-divider sh-divider-center sh-divider-content-title_option\">\r\n\t\t\t<div class=\"sh-divider-content\">\r\n\t\t\t<span class=\"sh-divider-title\">\r\n\t\t\t\t<strong>Hizmetlerimiz<\/strong>\t\t\t<\/span>\r\n\t\t<\/div>\r\n\t<\/div>\r\n\r\n<div id=\"text-block-f463e3024b8642e292d952450162824e\" class=\"sh-text-block\">\r\n\t<p style=\"text-align: center;\">Renk \u00d6l\u00e7\u00fcm Sistemleri (Kalite kontrol ve Renk Re\u00e7etesi hesaplama), otomatik boyarmadde ve kimyasal tart\u0131m ve hac\u0131msal da\u011f\u0131t\u0131m sistemleri, laboratuar boya test (IR boya makineleri, pipetleme, y\u0131kama hasl\u0131k test, fular) sistemleri, \u00f6zel tasar\u0131m pompa ve vanalar, Uluslar aras\u0131 renk kartelalar\u0131 baz\u0131nda geli\u015ftirilmi\u015f \u00fcreticiye \u00f6zel renk re\u00e7etesi ar\u015fivleme programlar\u0131 \u00fcretim, sat\u0131\u015f ve sat\u0131\u015f sonras\u0131 destek hizmetleri.<\/p><\/div>\r\n\t<\/div>\r\n\r\n\r\n\t\t\r\n\r\n<\/div>\r\n<\/div>\n\n\t<\/div>\r\n<\/section>","protected":false},"excerpt":{"rendered":"<p>Hizmetlerimiz Renk \u00d6l\u00e7\u00fcm Sistemleri (Kalite kontrol ve Renk Re\u00e7etesi hesaplama), otomatik boyarmadde ve kimyasal tart\u0131m ve hac\u0131msal da\u011f\u0131t\u0131m sistemleri, laboratuar boya test (IR boya makineleri, pipetleme, y\u0131kama hasl\u0131k test, fular) sistemleri, \u00f6zel tasar\u0131m pompa ve vanalar, Uluslar aras\u0131 renk kartelalar\u0131 baz\u0131nda geli\u015ftirilmi\u015f \u00fcreticiye \u00f6zel renk&#8230;<\/p>","protected":false},"author":1,"featured_media":0,"parent":0,"menu_order":0,"comment_status":"closed","ping_status":"closed","template":"","meta":[],"yoast_head":"<!-- This site is optimized with the Yoast SEO plugin v20.12 - https:\/\/yoast.com\/wordpress\/plugins\/seo\/ -->\n<title>Hizmetlerimiz - Argetek Ara\u015ft\u0131rma Geli\u015ftirme Ltd. \u015eti.<\/title>\n<meta name=\"robots\" content=\"index, follow, max-snippet:-1, max-image-preview:large, max-video-preview:-1\" \/>\n<link rel=\"canonical\" href=\"https:\/\/www.argetek.com.tr\/en\/hizmetlerimiz\/\" \/>\n<meta property=\"og:locale\" content=\"en_GB\" \/>\n<meta property=\"og:type\" content=\"article\" \/>\n<meta property=\"og:title\" content=\"Hizmetlerimiz - Argetek Ara\u015ft\u0131rma Geli\u015ftirme Ltd. \u015eti.\" \/>\n<meta property=\"og:description\" content=\"Hizmetlerimiz Renk \u00d6l\u00e7\u00fcm Sistemleri (Kalite kontrol ve Renk Re\u00e7etesi hesaplama), otomatik boyarmadde ve kimyasal tart\u0131m ve hac\u0131msal da\u011f\u0131t\u0131m sistemleri, laboratuar boya test (IR boya makineleri, pipetleme, y\u0131kama hasl\u0131k test, fular) sistemleri, \u00f6zel tasar\u0131m pompa ve vanalar, Uluslar aras\u0131 renk kartelalar\u0131 baz\u0131nda geli\u015ftirilmi\u015f \u00fcreticiye \u00f6zel renk...\" \/>\n<meta property=\"og:url\" content=\"https:\/\/www.argetek.com.tr\/en\/hizmetlerimiz\/\" \/>\n<meta property=\"og:site_name\" content=\"Argetek Ara\u015ft\u0131rma Geli\u015ftirme Ltd. \u015eti.\" \/>\n<meta property=\"article:publisher\" content=\"https:\/\/www.facebook.com\/argeteklimited\" \/>\n<meta property=\"article:modified_time\" content=\"2018-03-23T12:09:44+00:00\" \/>\n<meta name=\"twitter:card\" content=\"summary_large_image\" \/>\n<script type=\"application\/ld+json\" class=\"yoast-schema-graph\">{\"@context\":\"https:\/\/schema.org\",\"@graph\":[{\"@type\":\"WebPage\",\"@id\":\"https:\/\/www.argetek.com.tr\/en\/hizmetlerimiz\/\",\"url\":\"https:\/\/www.argetek.com.tr\/en\/hizmetlerimiz\/\",\"name\":\"Hizmetlerimiz - Argetek Ara\u015ft\u0131rma Geli\u015ftirme Ltd. \u015eti.\",\"isPartOf\":{\"@id\":\"https:\/\/www.argetek.com.tr\/#website\"},\"datePublished\":\"2018-03-23T11:52:37+00:00\",\"dateModified\":\"2018-03-23T12:09:44+00:00\",\"breadcrumb\":{\"@id\":\"https:\/\/www.argetek.com.tr\/en\/hizmetlerimiz\/#breadcrumb\"},\"inLanguage\":\"en-GB\",\"potentialAction\":[{\"@type\":\"ReadAction\",\"target\":[\"https:\/\/www.argetek.com.tr\/en\/hizmetlerimiz\/\"]}]},{\"@type\":\"BreadcrumbList\",\"@id\":\"https:\/\/www.argetek.com.tr\/en\/hizmetlerimiz\/#breadcrumb\",\"itemListElement\":[{\"@type\":\"ListItem\",\"position\":1,\"name\":\"Anasayfa\",\"item\":\"https:\/\/www.argetek.com.tr\/\"},{\"@type\":\"ListItem\",\"position\":2,\"name\":\"Hizmetlerimiz\"}]},{\"@type\":\"WebSite\",\"@id\":\"https:\/\/www.argetek.com.tr\/#website\",\"url\":\"https:\/\/www.argetek.com.tr\/\",\"name\":\"ARGETEK\",\"description\":\"Renk Fizi\u011fi Dal\u0131nda \u00c7\u00f6z\u00fcm Orta\u011f\u0131n\u0131z..\",\"publisher\":{\"@id\":\"https:\/\/www.argetek.com.tr\/#organization\"},\"potentialAction\":[{\"@type\":\"SearchAction\",\"target\":{\"@type\":\"EntryPoint\",\"urlTemplate\":\"https:\/\/www.argetek.com.tr\/?s={search_term_string}\"},\"query-input\":\"required name=search_term_string\"}],\"inLanguage\":\"en-GB\"},{\"@type\":\"Organization\",\"@id\":\"https:\/\/www.argetek.com.tr\/#organization\",\"name\":\"ARGETEK\",\"url\":\"https:\/\/www.argetek.com.tr\/\",\"logo\":{\"@type\":\"ImageObject\",\"inLanguage\":\"en-GB\",\"@id\":\"https:\/\/www.argetek.com.tr\/#\/schema\/logo\/image\/\",\"url\":\"https:\/\/www.argetek.com.tr\/wp-content\/uploads\/2021\/04\/Argetek-Logo.ico\",\"contentUrl\":\"https:\/\/www.argetek.com.tr\/wp-content\/uploads\/2021\/04\/Argetek-Logo.ico\",\"width\":1,\"height\":68,\"caption\":\"ARGETEK\"},\"image\":{\"@id\":\"https:\/\/www.argetek.com.tr\/#\/schema\/logo\/image\/\"},\"sameAs\":[\"https:\/\/www.facebook.com\/argeteklimited\",\"https:\/\/www.instagram.com\/argeteklimited\/\",\"https:\/\/tr.linkedin.com\/company\/argetek-ltd\"]}]}<\/script>\n<!-- \/ Yoast SEO plugin. -->","yoast_head_json":{"title":"Hizmetlerimiz - Argetek Ara\u015ft\u0131rma Geli\u015ftirme Ltd. \u015eti.","robots":{"index":"index","follow":"follow","max-snippet":"max-snippet:-1","max-image-preview":"max-image-preview:large","max-video-preview":"max-video-preview:-1"},"canonical":"https:\/\/www.argetek.com.tr\/en\/hizmetlerimiz\/","og_locale":"en_GB","og_type":"article","og_title":"Hizmetlerimiz - Argetek Ara\u015ft\u0131rma Geli\u015ftirme Ltd. \u015eti.","og_description":"Hizmetlerimiz Renk \u00d6l\u00e7\u00fcm Sistemleri (Kalite kontrol ve Renk Re\u00e7etesi hesaplama), otomatik boyarmadde ve kimyasal tart\u0131m ve hac\u0131msal da\u011f\u0131t\u0131m sistemleri, laboratuar boya test (IR boya makineleri, pipetleme, y\u0131kama hasl\u0131k test, fular) sistemleri, \u00f6zel tasar\u0131m pompa ve vanalar, Uluslar aras\u0131 renk kartelalar\u0131 baz\u0131nda geli\u015ftirilmi\u015f \u00fcreticiye \u00f6zel renk...","og_url":"https:\/\/www.argetek.com.tr\/en\/hizmetlerimiz\/","og_site_name":"Argetek Ara\u015ft\u0131rma Geli\u015ftirme Ltd. \u015eti.","article_publisher":"https:\/\/www.facebook.com\/argeteklimited","article_modified_time":"2018-03-23T12:09:44+00:00","twitter_card":"summary_large_image","schema":{"@context":"https:\/\/schema.org","@graph":[{"@type":"WebPage","@id":"https:\/\/www.argetek.com.tr\/en\/hizmetlerimiz\/","url":"https:\/\/www.argetek.com.tr\/en\/hizmetlerimiz\/","name":"Hizmetlerimiz - Argetek Ara\u015ft\u0131rma Geli\u015ftirme Ltd. \u015eti.","isPartOf":{"@id":"https:\/\/www.argetek.com.tr\/#website"},"datePublished":"2018-03-23T11:52:37+00:00","dateModified":"2018-03-23T12:09:44+00:00","breadcrumb":{"@id":"https:\/\/www.argetek.com.tr\/en\/hizmetlerimiz\/#breadcrumb"},"inLanguage":"en-GB","potentialAction":[{"@type":"ReadAction","target":["https:\/\/www.argetek.com.tr\/en\/hizmetlerimiz\/"]}]},{"@type":"BreadcrumbList","@id":"https:\/\/www.argetek.com.tr\/en\/hizmetlerimiz\/#breadcrumb","itemListElement":[{"@type":"ListItem","position":1,"name":"Anasayfa","item":"https:\/\/www.argetek.com.tr\/"},{"@type":"ListItem","position":2,"name":"Hizmetlerimiz"}]},{"@type":"WebSite","@id":"https:\/\/www.argetek.com.tr\/#website","url":"https:\/\/www.argetek.com.tr\/","name":"ARGETEK","description":"Renk Fizi\u011fi Dal\u0131nda \u00c7\u00f6z\u00fcm Orta\u011f\u0131n\u0131z..","publisher":{"@id":"https:\/\/www.argetek.com.tr\/#organization"},"potentialAction":[{"@type":"SearchAction","target":{"@type":"EntryPoint","urlTemplate":"https:\/\/www.argetek.com.tr\/?s={search_term_string}"},"query-input":"required name=search_term_string"}],"inLanguage":"en-GB"},{"@type":"Organization","@id":"https:\/\/www.argetek.com.tr\/#organization","name":"ARGETEK","url":"https:\/\/www.argetek.com.tr\/","logo":{"@type":"ImageObject","inLanguage":"en-GB","@id":"https:\/\/www.argetek.com.tr\/#\/schema\/logo\/image\/","url":"https:\/\/www.argetek.com.tr\/wp-content\/uploads\/2021\/04\/Argetek-Logo.ico","contentUrl":"https:\/\/www.argetek.com.tr\/wp-content\/uploads\/2021\/04\/Argetek-Logo.ico","width":1,"height":68,"caption":"ARGETEK"},"image":{"@id":"https:\/\/www.argetek.com.tr\/#\/schema\/logo\/image\/"},"sameAs":["https:\/\/www.facebook.com\/argeteklimited","https:\/\/www.instagram.com\/argeteklimited\/","https:\/\/tr.linkedin.com\/company\/argetek-ltd"]}]}},"amp_enabled":true,"_links":{"self":[{"href":"https:\/\/www.argetek.com.tr\/en\/wp-json\/wp\/v2\/pages\/22"}],"collection":[{"href":"https:\/\/www.argetek.com.tr\/en\/wp-json\/wp\/v2\/pages"}],"about":[{"href":"https:\/\/www.argetek.com.tr\/en\/wp-json\/wp\/v2\/types\/page"}],"author":[{"embeddable":true,"href":"https:\/\/www.argetek.com.tr\/en\/wp-json\/wp\/v2\/users\/1"}],"replies":[{"embeddable":true,"href":"https:\/\/www.argetek.com.tr\/en\/wp-json\/wp\/v2\/comments?post=22"}],"version-history":[{"count":2,"href":"https:\/\/www.argetek.com.tr\/en\/wp-json\/wp\/v2\/pages\/22\/revisions"}],"predecessor-version":[{"id":36,"href":"https:\/\/www.argetek.com.tr\/en\/wp-json\/wp\/v2\/pages\/22\/revisions\/36"}],"wp:attachment":[{"href":"https:\/\/www.argetek.com.tr\/en\/wp-json\/wp\/v2\/media?parent=22"}],"curies":[{"name":"wp","href":"https:\/\/api.w.org\/{rel}","templated":true}]}}