{"id":20,"date":"2018-03-23T11:52:17","date_gmt":"2018-03-23T11:52:17","guid":{"rendered":"http:\/\/www.argetek.com.tr\/?page_id=20"},"modified":"2022-05-15T07:01:02","modified_gmt":"2022-05-15T07:01:02","slug":"hakkimizda","status":"publish","type":"page","link":"https:\/\/www.argetek.com.tr\/en\/hakkimizda\/","title":{"rendered":"About Us"},"content":{"rendered":"<section class=\"sh-section sh-section-5855d0d1ecf011b04499549dc32322da fw-main-row sh-section-visibility-everywhere\">\n<div class=\"sh-section-container container\">\n<div class=\"fw-row\">\n<div class=\"sh-column sh-column-2b8102682e1284007dd6712bab812a28 fw-col-xs-12\">\n<div class=\"sh-column-wrapper\">\n<div id=\"divider-1de15e0a3bbc12c64fe8cb1fe0c29c98\" class=\"sh-divider sh-divider-center sh-divider-content-title_option\">\n<h1 class=\"sh-divider-content\"><span class=\"sh-divider-title\"><br \/>\nBiz Kimiz?<\/span><\/h1>\n<\/div>\n<div id=\"text-block-bd007d2e965ccaf90b6e3373f0171a45\" class=\"sh-text-block\">\n<p class=\"p1\"><span class=\"s1\"><a href=\"http:\/\/www.argetek.com.tr\/wp-content\/uploads\/2018\/03\/k_bizkimiz.jpg\"><img decoding=\"async\" loading=\"lazy\" class=\"size-full wp-image-82 alignleft\" src=\"http:\/\/www.argetek.com.tr\/wp-content\/uploads\/2018\/03\/k_bizkimiz.jpg\" alt=\"\" width=\"276\" height=\"135\" \/><\/a>Argetek, 1999 y\u0131l\u0131nda kurulmu\u015f tekstil, kimya ve boya alan\u0131nda faaliyet g\u00f6steren bir yaz\u0131l\u0131m ve m\u00fchendislik firmas\u0131d\u0131r. Yurt i\u00e7i ve yurt d\u0131\u015f\u0131 i\u00e7in ayr\u0131 pazarlama servisleri bulunan Argetek, gerek kendi \u00fcretti\u011fi \u00fcr\u00fcnler gerekse temsilcili\u011fini yapt\u0131\u011f\u0131 firmalar\u0131n \u00fcr\u00fcnleri i\u00e7in geni\u015f bir co\u011frafya&#8217;ya hizmet verebilecek teknik servis yap\u0131lanmas\u0131na da sahiptir.<\/span><\/p>\n<p class=\"p1\"><span class=\"s1\">Argetek&#8217;in ba\u015flang\u0131\u00e7 noktas\u0131, \u00f6ncelikle tekstil i\u00e7in renk \u00f6l\u00e7\u00fcm, kalite kontrol ve re\u00e7ete hesaplama yaz\u0131l\u0131mlar\u0131 \u00fcretimidir. Y\u0131llard\u0131r yabanc\u0131 \u00fcreticilerin cirit att\u0131\u011f\u0131 bu alanda Argetek, \u00fcretti\u011fi \u201cColorMission\u201d yaz\u0131l\u0131mlar\u0131 ile ilk ve tek yerli \u00fcretici konumunda olup bug\u00fcn bu alandaki yabanc\u0131 hakimiyetine son vermi\u015ftir. Daha sonra bu renk yaz\u0131l\u0131mlar\u0131 deri, tekstil bask\u0131, mobilya, beyaz e\u015fya, plastik, g\u0131da \u00fcr\u00fcnleri ve pigment kullanan di\u011fer b\u00fct\u00fcn sekt\u00f6rlere uygun olarak geli\u015ftirilmi\u015f ve bu sayede daha geni\u015f sekt\u00f6rlere de \u00e7\u00f6z\u00fcmler sunabilir hale gelmi\u015ftir. \u015eu an t\u00fcm markalarda renk \u00f6l\u00e7\u00fcm cihazlar\u0131 ile uyumlu olarak \u00e7al\u0131\u015fabilen bu yaz\u0131l\u0131mlar, bir \u00e7ok yurt d\u0131\u015f\u0131 firma ve kurulu\u015f taraf\u0131ndan resmen kabul ve akredite edilmi\u015ftir. Bu sebeple, rakipleri ile ayn\u0131 kalitede hizmeti daha makul fiyatlara sunabilen Argetek, gerek yurt i\u00e7i ve gerekse yurt d\u0131\u015f\u0131ndan her ge\u00e7en g\u00fcn daha da artan bir talebe cevap vermektedir.<\/span><\/p>\n<\/div>\n<\/div>\n<\/div>\n<\/div>\n<div class=\"fw-row\">\n<div class=\"sh-column sh-column-766facb227e0d8f5e89e39d2db2d1e59 fw-col-xs-12\">\n<div class=\"sh-column-wrapper\">\n<div id=\"divider-1ecd5d0889aff51b0f7374035e387e6d\" class=\"sh-divider sh-divider-center sh-divider-content-title_option\">\n<h3 class=\"sh-divider-content\"><span class=\"sh-divider-title\"><br \/>\nSa\u011fl\u0131k, \u00c7evre, G\u00fcvenlik ve Kalite De\u011ferlerimiz <\/span><\/h3>\n<\/div>\n<div id=\"text-block-0d0439cf86621c55db3e5c2d2979f12c\" class=\"sh-text-block\">\n<p class=\"p1\" style=\"text-align: left;\"><span class=\"s1\"><a href=\"http:\/\/www.argetek.com.tr\/wp-content\/uploads\/2018\/03\/k_Degerlerimiz.jpg\"><img decoding=\"async\" loading=\"lazy\" class=\"size-full wp-image-80 alignright\" src=\"http:\/\/www.argetek.com.tr\/wp-content\/uploads\/2018\/03\/k_Degerlerimiz.jpg\" alt=\"\" width=\"276\" height=\"135\" \/><\/a>Argetek&#8217;in baslang\u0131\u00e7 noktas\u0131, \u00f6ncelikle tekstil i\u00e7in renk \u00f6l\u00e7\u00fcm, kalite kontrol ve re\u00e7ete hesaplama yaz\u0131l\u0131mlar\u0131 \u00fcretimidir. Y\u0131llard\u0131r yabanc\u0131 \u00fcreticilerin cirit attigi bu alanda Argetek, \u00fcrettigi \u201cColorMission\u201d yaz\u0131l\u0131mlar\u0131 ile ilk ve tek yerli \u00fcretici konumunda olup bug\u00fcn bu alandaki yabanc\u0131 hakimiyetine son vermi\u015ftir. Daha sonra bu renk yaz\u0131l\u0131mlar\u0131 deri, tekstil bask\u0131, mobilya, beyaz e\u015fya, plastik, g\u0131da \u00fcr\u00fcnleri ve pigment kullanan diger b\u00fct\u00fcn sekt\u00f6rlere uygun olarak geli\u015ftirilmi\u015f ve bu sayede daha geni\u015f sekt\u00f6rlere de \u00e7\u00f6z\u00fcmler sunabilir hale gelmistir. \u015eu an\u00a0t\u00fcm markalarda renk \u00f6l\u00e7\u00fcm cihazlar\u0131 ile uyumlu olarak \u00e7al\u0131sabilen bu yaz\u0131l\u0131mlar, bir \u00e7ok yurt d\u0131\u015f\u0131 firma ve kurulu\u015f tarafindan resmen kabul ve akredite edilmistir. Bu sebeple, rakipleri ile ayn\u0131 kalitede hizmeti daha makul fiyatlara sunabilen Argetek, gerek yurt i\u00e7i ve gerekse yurt d\u0131\u015f\u0131ndan her ge\u00e7en g\u00fcn daha da artan bir talebe cevap vermektedir.<\/span><\/p>\n<p>While dealing with sectoral solutions, which also continues to observe what is needed in the sector, Argetek has developed systems related to fully automatic chemical, salt and soda dosing automation and paint dissolving unit, which it has introduced to the market under the name \"AutoMission\".\n\nThen, for those who are looking for a simpler but at the same time reliable system at more reasonable prices, it has developed and added semi-automatic and barcode supported dye-chemical weighing systems, which it calls \"TartMission\", to its product portfolio.<\/p>\n<p>Diger taraftan, fabrikanin \u00fc\u00e7 ana bran\u015f\u0131nda y\u00fcr\u00fcmekte olan i\u015fleri (idari k\u0131s\u0131m-\u00fcretim k\u0131sm\u0131-laboratuar) takip etmek ve bilgi payla\u015f\u0131m\u0131n\u0131 sa\u011flayarak verimliligi art\u0131rmak amac\u0131yla geli\u015ftirdigi \u201cThe Base\u201d \u00fcr\u00fcn\u00fc ile de fabrika y\u00f6netimi alan\u0131nda da varl\u0131\u011f\u0131n\u0131 hissettirmeye ba\u015flam\u0131\u015ft\u0131r. Bu \u00fcr\u00fcn hakk\u0131nda detayl\u0131 bilgi alman\u0131z\u0131 \u00f6zellikle tavsiye ederiz!<\/p>\n<\/div>\n<\/div>\n<\/div>\n<\/div>\n<div class=\"fw-row\">\n<div class=\"sh-column sh-column-f833af0e42d8abce7054e8c87e62825d fw-col-xs-12\">\n<div class=\"sh-column-wrapper\">\n<div id=\"divider-bf7f5fa45bc710c571318e6f4ad61ebc\" class=\"sh-divider sh-divider-center sh-divider-content-title_option\">\n<div class=\"sh-divider-content\">\n<h1><span class=\"sh-divider-title\"><br \/>\nPatent ve Tescillerimiz <\/span><\/h1>\n<\/div>\n<\/div>\n<\/div>\n<\/div>\n<\/div>\n<div class=\"fw-row\">\n<div class=\"sh-column sh-column-b12e4785fadd95e9f06a6d2cc6d967ac fw-col-xs-12 fw-col-sm-6\">\n<div class=\"sh-column-wrapper\">\n<div id=\"text-block-f63631f1dc074ba6897591177d7dde80\" class=\"sh-text-block\">\n<p><a href=\"http:\/\/argetek.com\/userfiles\/file\/ISO9001{4f41dafb441653bc01d5a5f77771681af348716bac706b69e401f3a7a2194a0d}20Certificate.pdf\">Minolta &#8211; ISO9001 Sertifikas\u0131<\/a><\/p>\n<p><a href=\"http:\/\/argetek.com\/userfiles\/file\/CE{4f41dafb441653bc01d5a5f77771681af348716bac706b69e401f3a7a2194a0d}20Belgesi{4f41dafb441653bc01d5a5f77771681af348716bac706b69e401f3a7a2194a0d}20CM3600{4f41dafb441653bc01d5a5f77771681af348716bac706b69e401f3a7a2194a0d}20-{4f41dafb441653bc01d5a5f77771681af348716bac706b69e401f3a7a2194a0d}20CM3610.pdf\">Minolta &#8211;\u00a0CE Belgesi ( CM3600d &#8211; CM3610d )<\/a><\/p>\n<div>\n<p><a href=\"http:\/\/argetek.com\/userfiles\/file\/CE{4f41dafb441653bc01d5a5f77771681af348716bac706b69e401f3a7a2194a0d}20Belgesi{4f41dafb441653bc01d5a5f77771681af348716bac706b69e401f3a7a2194a0d}20CM2600{4f41dafb441653bc01d5a5f77771681af348716bac706b69e401f3a7a2194a0d}20-{4f41dafb441653bc01d5a5f77771681af348716bac706b69e401f3a7a2194a0d}20CM2500.pdf\">Minolta &#8211;\u00a0CE Belgesi ( CM2500d &#8211; CM2600d )<\/a><\/p>\n<p><a href=\"http:\/\/argetek.com\/userfiles\/file\/CE{4f41dafb441653bc01d5a5f77771681af348716bac706b69e401f3a7a2194a0d}20Belgesi{4f41dafb441653bc01d5a5f77771681af348716bac706b69e401f3a7a2194a0d}20CM3500.pdf\">Minolta &#8211;\u00a0CE Belgesi ( CM3500d )<\/a><\/p>\n<p><a href=\"http:\/\/argetek.com\/userfiles\/file\/CE{4f41dafb441653bc01d5a5f77771681af348716bac706b69e401f3a7a2194a0d}20CERTI(CCK).pdf\">Daelim &#8211; CE Belgesi ( Color Focus )<\/a><\/p>\n<p><a href=\"https:\/\/www.argetek.com.tr\/wp-content\/uploads\/2022\/05\/Daelim-Starlet-CE.pdf\">Daelim &#8211; CE Belgesi ( Starlet )<\/a><\/p>\n<\/div>\n<\/div>\n<\/div>\n<\/div>\n<div class=\"sh-column sh-column-1b0cb737c00267b9b1a74e56d75869cb fw-col-xs-12 fw-col-sm-6\">\n<div class=\"sh-column-wrapper\">\n<div id=\"single-image-290a605883f0843f32b2fb75cf34b1f6\" class=\"sh-single-image sh-single-image-shadow1\">\n<div class=\"sh-element-margin\">\n<div class=\"sh-single-image-container\">\n<p><img decoding=\"async\" class=\"sh-image-url\" src=\"http:\/\/www.argetek.com.tr\/wp-content\/uploads\/2018\/03\/marka-patent.jpg\" alt=\"marka-patent\" \/><\/p>\n<\/div>\n<\/div>\n<\/div>\n<\/div>\n<\/div>\n<\/div>\n<\/div>\n<\/section>\n<h2><\/h2>\n<h2><\/h2>\n<p>&nbsp;<\/p>\n<div class=\"sh-single-image-container\">\n<h2><strong>B\u0130ZE ULA\u015eIN<\/strong><\/h2>\n<\/div>\n<p>&nbsp;<\/p>\n\n<div class=\"wpcf7 no-js\" id=\"wpcf7-f89-o1\" lang=\"tr-TR\" dir=\"ltr\">\n<div class=\"screen-reader-response\"><p role=\"status\" aria-live=\"polite\" aria-atomic=\"true\"><\/p> <ul><\/ul><\/div>\n<form action=\"\/en\/wp-json\/wp\/v2\/pages\/20#wpcf7-f89-o1\" method=\"post\" class=\"wpcf7-form init\" aria-label=\"Contact form\" novalidate=\"novalidate\" data-status=\"init\" data-trp-original-action=\"\/en\/wp-json\/wp\/v2\/pages\/20#wpcf7-f89-o1\">\n<div style=\"display: none;\">\n<input type=\"hidden\" name=\"_wpcf7\" value=\"89\" \/>\n<input type=\"hidden\" name=\"_wpcf7_version\" value=\"5.7.7\" \/>\n<input type=\"hidden\" name=\"_wpcf7_locale\" value=\"tr_TR\" \/>\n<input type=\"hidden\" name=\"_wpcf7_unit_tag\" value=\"wpcf7-f89-o1\" \/>\n<input type=\"hidden\" name=\"_wpcf7_container_post\" value=\"0\" \/>\n<input type=\"hidden\" name=\"_wpcf7_posted_data_hash\" value=\"\" \/>\n<input type=\"hidden\" name=\"_wpcf7cf_hidden_group_fields\" value=\"[]\" \/>\n<input type=\"hidden\" name=\"_wpcf7cf_hidden_groups\" value=\"[]\" \/>\n<input type=\"hidden\" name=\"_wpcf7cf_visible_groups\" value=\"[]\" \/>\n<input type=\"hidden\" name=\"_wpcf7cf_repeaters\" value=\"[]\" \/>\n<input type=\"hidden\" name=\"_wpcf7cf_steps\" value=\"{}\" \/>\n<input type=\"hidden\" name=\"_wpcf7cf_options\" value=\"{&quot;form_id&quot;:89,&quot;conditions&quot;:[],&quot;settings&quot;:{&quot;animation&quot;:&quot;yes&quot;,&quot;animation_intime&quot;:200,&quot;animation_outtime&quot;:200,&quot;conditions_ui&quot;:&quot;normal&quot;,&quot;notice_dismissed&quot;:false,&quot;notice_dismissed_update-cf7-5.6&quot;:true,&quot;notice_dismissed_update-cf7-5.6.2&quot;:true,&quot;notice_dismissed_update-cf7-5.6.4&quot;:true}}\" \/>\n<\/div>\n<div class=\"sh-cf7-body\"><p><label> Ad\u0131n\u0131z (gerekli)<br \/>\n<span class=\"wpcf7-form-control-wrap\" data-name=\"your-name\"><input size=\"40\" class=\"wpcf7-form-control wpcf7-text wpcf7-validates-as-required\" aria-required=\"true\" aria-invalid=\"false\" value=\"\" type=\"text\" name=\"your-name\" \/><\/span> <\/label>\n<\/p>\n<p><label> E-posta adresiniz (gerekli)<br \/>\n<span class=\"wpcf7-form-control-wrap\" data-name=\"your-email\"><input size=\"40\" class=\"wpcf7-form-control wpcf7-text wpcf7-email wpcf7-validates-as-required wpcf7-validates-as-email\" aria-required=\"true\" aria-invalid=\"false\" value=\"\" type=\"email\" name=\"your-email\" \/><\/span> <\/label>\n<\/p>\n<p><label> Konu<br \/>\n<span class=\"wpcf7-form-control-wrap\" data-name=\"your-subject\"><input size=\"40\" class=\"wpcf7-form-control wpcf7-text\" aria-invalid=\"false\" value=\"\" type=\"text\" name=\"your-subject\" \/><\/span> <\/label>\n<\/p>\n<p><label> \u0130letiniz<br \/>\n<span class=\"wpcf7-form-control-wrap\" data-name=\"your-message\"><textarea cols=\"40\" rows=\"10\" class=\"wpcf7-form-control wpcf7-textarea\" aria-invalid=\"false\" name=\"your-message\"><\/textarea><\/span> <\/label>\n<\/p>\n<p><input class=\"wpcf7-form-control has-spinner wpcf7-submit\" type=\"submit\" value=\"Send\" \/>\n<\/p><\/div><div class=\"wpcf7-response-output\" aria-hidden=\"true\"><\/div>\n<input type=\"hidden\" name=\"trp-form-language\" value=\"en\"\/><\/form>\n<\/div>\n\n<p><!-- eae4c64488b0fd9caa0cbe52b906f436 --><\/p>","protected":false},"excerpt":{"rendered":"<p>Biz Kimiz? Argetek, 1999 y\u0131l\u0131nda kurulmu\u015f tekstil, kimya ve boya alan\u0131nda faaliyet g\u00f6steren bir yaz\u0131l\u0131m ve m\u00fchendislik firmas\u0131d\u0131r. Yurt i\u00e7i ve yurt d\u0131\u015f\u0131 i\u00e7in ayr\u0131 pazarlama servisleri bulunan Argetek, gerek kendi \u00fcretti\u011fi \u00fcr\u00fcnler gerekse temsilcili\u011fini yapt\u0131\u011f\u0131 firmalar\u0131n \u00fcr\u00fcnleri i\u00e7in geni\u015f bir co\u011frafya&#8217;ya hizmet verebilecek teknik&#8230;<\/p>","protected":false},"author":1,"featured_media":0,"parent":0,"menu_order":0,"comment_status":"closed","ping_status":"closed","template":"","meta":[],"yoast_head":"<!-- This site is optimized with the Yoast SEO plugin v20.12 - https:\/\/yoast.com\/wordpress\/plugins\/seo\/ -->\n<title>Hakk\u0131m\u0131zda - Argetek Ara\u015ft\u0131rma Geli\u015ftirme Ltd. \u015eti.<\/title>\n<meta name=\"description\" content=\"Biz Kimiz? Argetek Ara\u015ft\u0131rma Geli\u015ftirme Ltd. \u015eti. , 1999 y\u0131l\u0131nda kurulmu\u015f tekstil, kimya ve boya alan\u0131nda faaliyet g\u00f6steren bir yaz\u0131l\u0131m ve m\u00fchendislik firmas\u0131d\u0131r. Yurt i\u00e7i ve yurt d\u0131\u015f\u0131 i\u00e7in ayr\u0131 pazarlama servisleri bulunan Argetek, gerek kendi \u00fcretti\u011fi \u00fcr\u00fcnler gerekse temsilcili\u011fini yapt\u0131\u011f\u0131 firmalar\u0131n \u00fcr\u00fcnleri i\u00e7in geni\u015f bir co\u011frafya\u2019ya hizmet verebilecek teknik servis yap\u0131lanmas\u0131na da sahiptir. Hakk\u0131m\u0131zda -\" \/>\n<meta name=\"robots\" content=\"index, follow, max-snippet:-1, max-image-preview:large, max-video-preview:-1\" \/>\n<link rel=\"canonical\" href=\"https:\/\/www.argetek.com.tr\/en\/hakkimizda\/\" \/>\n<meta property=\"og:locale\" content=\"en_GB\" \/>\n<meta property=\"og:type\" content=\"article\" \/>\n<meta property=\"og:title\" content=\"Hakk\u0131m\u0131zda - Argetek Ara\u015ft\u0131rma Geli\u015ftirme Ltd. \u015eti.\" \/>\n<meta property=\"og:description\" content=\"Biz Kimiz? Argetek Ara\u015ft\u0131rma Geli\u015ftirme Ltd. \u015eti. , 1999 y\u0131l\u0131nda kurulmu\u015f tekstil, kimya ve boya alan\u0131nda faaliyet g\u00f6steren bir yaz\u0131l\u0131m ve m\u00fchendislik firmas\u0131d\u0131r. Yurt i\u00e7i ve yurt d\u0131\u015f\u0131 i\u00e7in ayr\u0131 pazarlama servisleri bulunan Argetek, gerek kendi \u00fcretti\u011fi \u00fcr\u00fcnler gerekse temsilcili\u011fini yapt\u0131\u011f\u0131 firmalar\u0131n \u00fcr\u00fcnleri i\u00e7in geni\u015f bir co\u011frafya\u2019ya hizmet verebilecek teknik servis yap\u0131lanmas\u0131na da sahiptir. Hakk\u0131m\u0131zda -\" \/>\n<meta property=\"og:url\" content=\"https:\/\/www.argetek.com.tr\/en\/hakkimizda\/\" \/>\n<meta property=\"og:site_name\" content=\"Argetek Ara\u015ft\u0131rma Geli\u015ftirme Ltd. \u015eti.\" \/>\n<meta property=\"article:publisher\" content=\"https:\/\/www.facebook.com\/argeteklimited\" \/>\n<meta property=\"article:modified_time\" content=\"2022-05-15T07:01:02+00:00\" \/>\n<meta property=\"og:image\" content=\"http:\/\/www.argetek.com.tr\/wp-content\/uploads\/2018\/03\/k_bizkimiz.jpg\" \/>\n<meta name=\"twitter:card\" content=\"summary_large_image\" \/>\n<meta name=\"twitter:label1\" content=\"Estimated reading time\" \/>\n\t<meta name=\"twitter:data1\" content=\"4 minutes\" \/>\n<script type=\"application\/ld+json\" class=\"yoast-schema-graph\">{\"@context\":\"https:\/\/schema.org\",\"@graph\":[{\"@type\":\"WebPage\",\"@id\":\"https:\/\/www.argetek.com.tr\/hakkimizda\/\",\"url\":\"https:\/\/www.argetek.com.tr\/hakkimizda\/\",\"name\":\"Hakk\u0131m\u0131zda - Argetek Ara\u015ft\u0131rma Geli\u015ftirme Ltd. \u015eti.\",\"isPartOf\":{\"@id\":\"https:\/\/www.argetek.com.tr\/#website\"},\"datePublished\":\"2018-03-23T11:52:17+00:00\",\"dateModified\":\"2022-05-15T07:01:02+00:00\",\"description\":\"Biz Kimiz? Argetek Ara\u015ft\u0131rma Geli\u015ftirme Ltd. \u015eti. , 1999 y\u0131l\u0131nda kurulmu\u015f tekstil, kimya ve boya alan\u0131nda faaliyet g\u00f6steren bir yaz\u0131l\u0131m ve m\u00fchendislik firmas\u0131d\u0131r. Yurt i\u00e7i ve yurt d\u0131\u015f\u0131 i\u00e7in ayr\u0131 pazarlama servisleri bulunan Argetek, gerek kendi \u00fcretti\u011fi \u00fcr\u00fcnler gerekse temsilcili\u011fini yapt\u0131\u011f\u0131 firmalar\u0131n \u00fcr\u00fcnleri i\u00e7in geni\u015f bir co\u011frafya\u2019ya hizmet verebilecek teknik servis yap\u0131lanmas\u0131na da sahiptir. Hakk\u0131m\u0131zda -\",\"breadcrumb\":{\"@id\":\"https:\/\/www.argetek.com.tr\/hakkimizda\/#breadcrumb\"},\"inLanguage\":\"en-GB\",\"potentialAction\":[{\"@type\":\"ReadAction\",\"target\":[\"https:\/\/www.argetek.com.tr\/hakkimizda\/\"]}]},{\"@type\":\"BreadcrumbList\",\"@id\":\"https:\/\/www.argetek.com.tr\/hakkimizda\/#breadcrumb\",\"itemListElement\":[{\"@type\":\"ListItem\",\"position\":1,\"name\":\"Anasayfa\",\"item\":\"https:\/\/www.argetek.com.tr\/\"},{\"@type\":\"ListItem\",\"position\":2,\"name\":\"Hakk\u0131m\u0131zda\"}]},{\"@type\":\"WebSite\",\"@id\":\"https:\/\/www.argetek.com.tr\/#website\",\"url\":\"https:\/\/www.argetek.com.tr\/\",\"name\":\"ARGETEK\",\"description\":\"Renk Fizi\u011fi Dal\u0131nda \u00c7\u00f6z\u00fcm Orta\u011f\u0131n\u0131z..\",\"publisher\":{\"@id\":\"https:\/\/www.argetek.com.tr\/#organization\"},\"potentialAction\":[{\"@type\":\"SearchAction\",\"target\":{\"@type\":\"EntryPoint\",\"urlTemplate\":\"https:\/\/www.argetek.com.tr\/?s={search_term_string}\"},\"query-input\":\"required name=search_term_string\"}],\"inLanguage\":\"en-GB\"},{\"@type\":\"Organization\",\"@id\":\"https:\/\/www.argetek.com.tr\/#organization\",\"name\":\"ARGETEK\",\"url\":\"https:\/\/www.argetek.com.tr\/\",\"logo\":{\"@type\":\"ImageObject\",\"inLanguage\":\"en-GB\",\"@id\":\"https:\/\/www.argetek.com.tr\/#\/schema\/logo\/image\/\",\"url\":\"https:\/\/www.argetek.com.tr\/wp-content\/uploads\/2021\/04\/Argetek-Logo.ico\",\"contentUrl\":\"https:\/\/www.argetek.com.tr\/wp-content\/uploads\/2021\/04\/Argetek-Logo.ico\",\"width\":1,\"height\":68,\"caption\":\"ARGETEK\"},\"image\":{\"@id\":\"https:\/\/www.argetek.com.tr\/#\/schema\/logo\/image\/\"},\"sameAs\":[\"https:\/\/www.facebook.com\/argeteklimited\",\"https:\/\/www.instagram.com\/argeteklimited\/\",\"https:\/\/tr.linkedin.com\/company\/argetek-ltd\"]}]}<\/script>\n<!-- \/ Yoast SEO plugin. -->","yoast_head_json":{"title":"Hakk\u0131m\u0131zda - Argetek Ara\u015ft\u0131rma Geli\u015ftirme Ltd. \u015eti.","description":"Biz Kimiz? Argetek Ara\u015ft\u0131rma Geli\u015ftirme Ltd. \u015eti. , 1999 y\u0131l\u0131nda kurulmu\u015f tekstil, kimya ve boya alan\u0131nda faaliyet g\u00f6steren bir yaz\u0131l\u0131m ve m\u00fchendislik firmas\u0131d\u0131r. Yurt i\u00e7i ve yurt d\u0131\u015f\u0131 i\u00e7in ayr\u0131 pazarlama servisleri bulunan Argetek, gerek kendi \u00fcretti\u011fi \u00fcr\u00fcnler gerekse temsilcili\u011fini yapt\u0131\u011f\u0131 firmalar\u0131n \u00fcr\u00fcnleri i\u00e7in geni\u015f bir co\u011frafya\u2019ya hizmet verebilecek teknik servis yap\u0131lanmas\u0131na da sahiptir. Hakk\u0131m\u0131zda -","robots":{"index":"index","follow":"follow","max-snippet":"max-snippet:-1","max-image-preview":"max-image-preview:large","max-video-preview":"max-video-preview:-1"},"canonical":"https:\/\/www.argetek.com.tr\/en\/hakkimizda\/","og_locale":"en_GB","og_type":"article","og_title":"Hakk\u0131m\u0131zda - Argetek Ara\u015ft\u0131rma Geli\u015ftirme Ltd. \u015eti.","og_description":"Biz Kimiz? Argetek Ara\u015ft\u0131rma Geli\u015ftirme Ltd. \u015eti. , 1999 y\u0131l\u0131nda kurulmu\u015f tekstil, kimya ve boya alan\u0131nda faaliyet g\u00f6steren bir yaz\u0131l\u0131m ve m\u00fchendislik firmas\u0131d\u0131r. Yurt i\u00e7i ve yurt d\u0131\u015f\u0131 i\u00e7in ayr\u0131 pazarlama servisleri bulunan Argetek, gerek kendi \u00fcretti\u011fi \u00fcr\u00fcnler gerekse temsilcili\u011fini yapt\u0131\u011f\u0131 firmalar\u0131n \u00fcr\u00fcnleri i\u00e7in geni\u015f bir co\u011frafya\u2019ya hizmet verebilecek teknik servis yap\u0131lanmas\u0131na da sahiptir. Hakk\u0131m\u0131zda -","og_url":"https:\/\/www.argetek.com.tr\/en\/hakkimizda\/","og_site_name":"Argetek Ara\u015ft\u0131rma Geli\u015ftirme Ltd. \u015eti.","article_publisher":"https:\/\/www.facebook.com\/argeteklimited","article_modified_time":"2022-05-15T07:01:02+00:00","og_image":[{"url":"http:\/\/www.argetek.com.tr\/wp-content\/uploads\/2018\/03\/k_bizkimiz.jpg"}],"twitter_card":"summary_large_image","twitter_misc":{"Estimated reading time":"4 minutes"},"schema":{"@context":"https:\/\/schema.org","@graph":[{"@type":"WebPage","@id":"https:\/\/www.argetek.com.tr\/hakkimizda\/","url":"https:\/\/www.argetek.com.tr\/hakkimizda\/","name":"Hakk\u0131m\u0131zda - Argetek Ara\u015ft\u0131rma Geli\u015ftirme Ltd. \u015eti.","isPartOf":{"@id":"https:\/\/www.argetek.com.tr\/#website"},"datePublished":"2018-03-23T11:52:17+00:00","dateModified":"2022-05-15T07:01:02+00:00","description":"Biz Kimiz? Argetek Ara\u015ft\u0131rma Geli\u015ftirme Ltd. \u015eti. , 1999 y\u0131l\u0131nda kurulmu\u015f tekstil, kimya ve boya alan\u0131nda faaliyet g\u00f6steren bir yaz\u0131l\u0131m ve m\u00fchendislik firmas\u0131d\u0131r. Yurt i\u00e7i ve yurt d\u0131\u015f\u0131 i\u00e7in ayr\u0131 pazarlama servisleri bulunan Argetek, gerek kendi \u00fcretti\u011fi \u00fcr\u00fcnler gerekse temsilcili\u011fini yapt\u0131\u011f\u0131 firmalar\u0131n \u00fcr\u00fcnleri i\u00e7in geni\u015f bir co\u011frafya\u2019ya hizmet verebilecek teknik servis yap\u0131lanmas\u0131na da sahiptir. Hakk\u0131m\u0131zda -","breadcrumb":{"@id":"https:\/\/www.argetek.com.tr\/hakkimizda\/#breadcrumb"},"inLanguage":"en-GB","potentialAction":[{"@type":"ReadAction","target":["https:\/\/www.argetek.com.tr\/hakkimizda\/"]}]},{"@type":"BreadcrumbList","@id":"https:\/\/www.argetek.com.tr\/hakkimizda\/#breadcrumb","itemListElement":[{"@type":"ListItem","position":1,"name":"Anasayfa","item":"https:\/\/www.argetek.com.tr\/"},{"@type":"ListItem","position":2,"name":"Hakk\u0131m\u0131zda"}]},{"@type":"WebSite","@id":"https:\/\/www.argetek.com.tr\/#website","url":"https:\/\/www.argetek.com.tr\/","name":"ARGETEK","description":"Renk Fizi\u011fi Dal\u0131nda \u00c7\u00f6z\u00fcm Orta\u011f\u0131n\u0131z..","publisher":{"@id":"https:\/\/www.argetek.com.tr\/#organization"},"potentialAction":[{"@type":"SearchAction","target":{"@type":"EntryPoint","urlTemplate":"https:\/\/www.argetek.com.tr\/?s={search_term_string}"},"query-input":"required name=search_term_string"}],"inLanguage":"en-GB"},{"@type":"Organization","@id":"https:\/\/www.argetek.com.tr\/#organization","name":"ARGETEK","url":"https:\/\/www.argetek.com.tr\/","logo":{"@type":"ImageObject","inLanguage":"en-GB","@id":"https:\/\/www.argetek.com.tr\/#\/schema\/logo\/image\/","url":"https:\/\/www.argetek.com.tr\/wp-content\/uploads\/2021\/04\/Argetek-Logo.ico","contentUrl":"https:\/\/www.argetek.com.tr\/wp-content\/uploads\/2021\/04\/Argetek-Logo.ico","width":1,"height":68,"caption":"ARGETEK"},"image":{"@id":"https:\/\/www.argetek.com.tr\/#\/schema\/logo\/image\/"},"sameAs":["https:\/\/www.facebook.com\/argeteklimited","https:\/\/www.instagram.com\/argeteklimited\/","https:\/\/tr.linkedin.com\/company\/argetek-ltd"]}]}},"amp_enabled":true,"_links":{"self":[{"href":"https:\/\/www.argetek.com.tr\/en\/wp-json\/wp\/v2\/pages\/20"}],"collection":[{"href":"https:\/\/www.argetek.com.tr\/en\/wp-json\/wp\/v2\/pages"}],"about":[{"href":"https:\/\/www.argetek.com.tr\/en\/wp-json\/wp\/v2\/types\/page"}],"author":[{"embeddable":true,"href":"https:\/\/www.argetek.com.tr\/en\/wp-json\/wp\/v2\/users\/1"}],"replies":[{"embeddable":true,"href":"https:\/\/www.argetek.com.tr\/en\/wp-json\/wp\/v2\/comments?post=20"}],"version-history":[{"count":30,"href":"https:\/\/www.argetek.com.tr\/en\/wp-json\/wp\/v2\/pages\/20\/revisions"}],"predecessor-version":[{"id":1841,"href":"https:\/\/www.argetek.com.tr\/en\/wp-json\/wp\/v2\/pages\/20\/revisions\/1841"}],"wp:attachment":[{"href":"https:\/\/www.argetek.com.tr\/en\/wp-json\/wp\/v2\/media?parent=20"}],"curies":[{"name":"wp","href":"https:\/\/api.w.org\/{rel}","templated":true}]}}