{"id":161,"date":"2018-04-10T15:59:43","date_gmt":"2018-04-10T15:59:43","guid":{"rendered":"http:\/\/www.argetek.com.tr\/?page_id=161"},"modified":"2021-04-22T02:34:24","modified_gmt":"2021-04-22T02:34:24","slug":"p-color","status":"publish","type":"page","link":"https:\/\/www.argetek.com.tr\/en\/p-color\/","title":{"rendered":"P-Color"},"content":{"rendered":"<p><a href=\"\/\/www.argetek.com.tr\/wp-content\/uploads\/2018\/04\/PCOLOR.png\" rel=\"lightbox\"><br \/>\n<img decoding=\"async\" class=\"sh-image-url\" src=\"http:\/\/www.argetek.com.tr\/wp-content\/uploads\/2018\/04\/PCOLOR.png\" alt=\"PCOLOR\" \/><br \/>\n<\/a><\/p>\n<p>1. Yaz\u0131l\u0131m :<\/p>\n<p>Tekstil bask\u0131 Pigment re\u00e7ete hesaplama, ar\u015fivleme ve kalite kontrol yaz\u0131l\u0131m\u0131<\/p>\n<p>T\u00fcm pigmentler \/ boyar maddeler i\u00e7in\u00a0 a\u00e7\u0131l\u0131m \u00e7al\u0131\u015fmalar\u0131n\u0131n yap\u0131lmas\u0131 ve izlenmesi<\/p>\n<p>Kartela \/ pantone de bulunan t\u00fcm renkler i\u00e7in re\u00e7etelerin hesaplanmas\u0131<\/p>\n<p>Olu\u015fturulan t\u00fcm re\u00e7eteler i\u00e7in kalite kontrollerin yap\u0131lmas\u0131<\/p>\n<p>\u00d6l\u00e7\u00fclen renklerin ayr\u0131 ayr\u0131 dosyalanarak ar\u015fivlenmesi.<\/p>\n<p>2.Yaz\u0131l\u0131m :<\/p>\n<p>Pantone tipi kartela re\u00e7eteleri ar\u015fivleme ve yazd\u0131rma program\u0131 &lt;Color Matching System &gt;<\/p>\n<p>M\u00fc\u015fteriye \u00f6zel yaz\u0131l\u0131m T\u00fcrk\u00e7e \u0130ngilizce dil deste\u011fi M\u00fc\u015fteri firma logosu ile firmaya \u00f6zel ekran haz\u0131rl\u0131\u011f\u0131 Programa kaydedilen boyalar ile olu\u015fturulan re\u00e7etelerin kartela\/pantone kodlar\u0131 ile giri\u015finin yap\u0131lmas\u0131 Base \/ Serie \/ Color Group \/ Color No \/ Amount \/ Unit &#8230;vb giri\u015fler ile re\u00e7ete g\u00f6r\u00fcnt\u00fcleme ekranlar\u0131n\u0131n olu\u015fturulmas\u0131<br \/>\n<a href=\"\/\/www.argetek.com.tr\/wp-content\/uploads\/2018\/04\/5.bmp\" rel=\"lightbox\"><br \/>\n<img decoding=\"async\" class=\"sh-image-url\" src=\"http:\/\/www.argetek.com.tr\/wp-content\/uploads\/2018\/04\/5.bmp\" alt=\"5\" \/><br \/>\n<\/a><br \/>\n<a href=\"\/\/www.argetek.com.tr\/wp-content\/uploads\/2018\/04\/3.bmp\" rel=\"lightbox\"><br \/>\n<img decoding=\"async\" class=\"sh-image-url\" src=\"http:\/\/www.argetek.com.tr\/wp-content\/uploads\/2018\/04\/3.bmp\" alt=\"3\" \/><br \/>\n<\/a><br \/>\n<a href=\"\/\/www.argetek.com.tr\/wp-content\/uploads\/2018\/04\/1.bmp\" rel=\"lightbox\"><br \/>\n<img decoding=\"async\" class=\"sh-image-url\" src=\"http:\/\/www.argetek.com.tr\/wp-content\/uploads\/2018\/04\/1.bmp\" alt=\"1\" \/><br \/>\n<\/a><br \/>\n<a href=\"\/\/www.argetek.com.tr\/wp-content\/uploads\/2018\/04\/2.bmp\" rel=\"lightbox\"><br \/>\n<img decoding=\"async\" class=\"sh-image-url\" src=\"http:\/\/www.argetek.com.tr\/wp-content\/uploads\/2018\/04\/2.bmp\" alt=\"2\" \/><br \/>\n<\/a><\/p>\n<h1>T\u00fcrkiye&#8217;de ki kullan\u0131c\u0131lar :\u00c2<\/h1>\n<p><a href=\"\/\/www.argetek.com.tr\/wp-content\/uploads\/2018\/04\/11111.jpg\" rel=\"lightbox\"><br \/>\n<img decoding=\"async\" class=\"sh-image-url\" src=\"http:\/\/www.argetek.com.tr\/wp-content\/uploads\/2018\/04\/11111.jpg\" alt=\"11111\" \/><br \/>\n<\/a><br \/>\n<a href=\"\/\/www.argetek.com.tr\/wp-content\/uploads\/2018\/04\/antex-logo-e1523557384501.png\" rel=\"lightbox\"><br \/>\n<img decoding=\"async\" class=\"sh-image-url\" src=\"http:\/\/www.argetek.com.tr\/wp-content\/uploads\/2018\/04\/antex-logo-e1523557384501.png\" alt=\"antex-logo\" \/><br \/>\n<\/a><br \/>\n<a href=\"\/\/www.argetek.com.tr\/wp-content\/uploads\/2018\/04\/222222.jpg\" rel=\"lightbox\"><br \/>\n<img decoding=\"async\" class=\"sh-image-url\" src=\"http:\/\/www.argetek.com.tr\/wp-content\/uploads\/2018\/04\/222222.jpg\" alt=\"222222\" \/><br \/>\n<\/a><br \/>\n<a href=\"\/\/www.argetek.com.tr\/wp-content\/uploads\/2018\/04\/inkuin.jpg\" rel=\"lightbox\"><br \/>\n<img decoding=\"async\" class=\"sh-image-url\" src=\"http:\/\/www.argetek.com.tr\/wp-content\/uploads\/2018\/04\/inkuin.jpg\" alt=\"inkuin\" \/><br \/>\n<\/a><\/p>\n<p><!-- 8ccbc7f9a6de0470a715652eeb873b41 --><\/p>","protected":false},"excerpt":{"rendered":"<p>1. Yaz\u0131l\u0131m : Tekstil bask\u0131 Pigment re\u00e7ete hesaplama, ar\u015fivleme ve kalite kontrol yaz\u0131l\u0131m\u0131 T\u00fcm pigmentler \/ boyar maddeler i\u00e7in\u00a0 a\u00e7\u0131l\u0131m \u00e7al\u0131\u015fmalar\u0131n\u0131n yap\u0131lmas\u0131 ve izlenmesi Kartela \/ pantone de bulunan t\u00fcm renkler i\u00e7in re\u00e7etelerin hesaplanmas\u0131 Olu\u015fturulan t\u00fcm re\u00e7eteler i\u00e7in kalite kontrollerin yap\u0131lmas\u0131 \u00d6l\u00e7\u00fclen renklerin ayr\u0131 ayr\u0131&#8230;<\/p>","protected":false},"author":1,"featured_media":0,"parent":0,"menu_order":0,"comment_status":"closed","ping_status":"closed","template":"","meta":[],"yoast_head":"<!-- This site is optimized with the Yoast SEO plugin v20.12 - https:\/\/yoast.com\/wordpress\/plugins\/seo\/ -->\n<title>P-Color - Argetek Ara\u015ft\u0131rma Geli\u015ftirme Ltd. \u015eti.<\/title>\n<meta name=\"robots\" content=\"index, follow, max-snippet:-1, max-image-preview:large, max-video-preview:-1\" \/>\n<link rel=\"canonical\" href=\"https:\/\/www.argetek.com.tr\/en\/p-color\/\" \/>\n<meta property=\"og:locale\" content=\"en_GB\" \/>\n<meta property=\"og:type\" content=\"article\" \/>\n<meta property=\"og:title\" content=\"P-Color - Argetek Ara\u015ft\u0131rma Geli\u015ftirme Ltd. \u015eti.\" \/>\n<meta property=\"og:description\" content=\"1. Yaz\u0131l\u0131m : Tekstil bask\u0131 Pigment re\u00e7ete hesaplama, ar\u015fivleme ve kalite kontrol yaz\u0131l\u0131m\u0131 T\u00fcm pigmentler \/ boyar maddeler i\u00e7in\u00a0 a\u00e7\u0131l\u0131m \u00e7al\u0131\u015fmalar\u0131n\u0131n yap\u0131lmas\u0131 ve izlenmesi Kartela \/ pantone de bulunan t\u00fcm renkler i\u00e7in re\u00e7etelerin hesaplanmas\u0131 Olu\u015fturulan t\u00fcm re\u00e7eteler i\u00e7in kalite kontrollerin yap\u0131lmas\u0131 \u00d6l\u00e7\u00fclen renklerin ayr\u0131 ayr\u0131...\" \/>\n<meta property=\"og:url\" content=\"https:\/\/www.argetek.com.tr\/en\/p-color\/\" \/>\n<meta property=\"og:site_name\" content=\"Argetek Ara\u015ft\u0131rma Geli\u015ftirme Ltd. \u015eti.\" \/>\n<meta property=\"article:publisher\" content=\"https:\/\/www.facebook.com\/argeteklimited\" \/>\n<meta property=\"article:modified_time\" content=\"2021-04-22T02:34:24+00:00\" \/>\n<meta property=\"og:image\" content=\"http:\/\/www.argetek.com.tr\/wp-content\/uploads\/2018\/04\/PCOLOR.png\" \/>\n<meta name=\"twitter:card\" content=\"summary_large_image\" \/>\n<meta name=\"twitter:label1\" content=\"Estimated reading time\" \/>\n\t<meta name=\"twitter:data1\" content=\"1 minute\" \/>\n<script type=\"application\/ld+json\" class=\"yoast-schema-graph\">{\"@context\":\"https:\/\/schema.org\",\"@graph\":[{\"@type\":\"WebPage\",\"@id\":\"https:\/\/www.argetek.com.tr\/p-color\/\",\"url\":\"https:\/\/www.argetek.com.tr\/p-color\/\",\"name\":\"P-Color - Argetek Ara\u015ft\u0131rma Geli\u015ftirme Ltd. \u015eti.\",\"isPartOf\":{\"@id\":\"https:\/\/www.argetek.com.tr\/#website\"},\"datePublished\":\"2018-04-10T15:59:43+00:00\",\"dateModified\":\"2021-04-22T02:34:24+00:00\",\"breadcrumb\":{\"@id\":\"https:\/\/www.argetek.com.tr\/p-color\/#breadcrumb\"},\"inLanguage\":\"en-GB\",\"potentialAction\":[{\"@type\":\"ReadAction\",\"target\":[\"https:\/\/www.argetek.com.tr\/p-color\/\"]}]},{\"@type\":\"BreadcrumbList\",\"@id\":\"https:\/\/www.argetek.com.tr\/p-color\/#breadcrumb\",\"itemListElement\":[{\"@type\":\"ListItem\",\"position\":1,\"name\":\"Anasayfa\",\"item\":\"https:\/\/www.argetek.com.tr\/\"},{\"@type\":\"ListItem\",\"position\":2,\"name\":\"P-Color\"}]},{\"@type\":\"WebSite\",\"@id\":\"https:\/\/www.argetek.com.tr\/#website\",\"url\":\"https:\/\/www.argetek.com.tr\/\",\"name\":\"ARGETEK\",\"description\":\"Renk Fizi\u011fi Dal\u0131nda \u00c7\u00f6z\u00fcm Orta\u011f\u0131n\u0131z..\",\"publisher\":{\"@id\":\"https:\/\/www.argetek.com.tr\/#organization\"},\"potentialAction\":[{\"@type\":\"SearchAction\",\"target\":{\"@type\":\"EntryPoint\",\"urlTemplate\":\"https:\/\/www.argetek.com.tr\/?s={search_term_string}\"},\"query-input\":\"required name=search_term_string\"}],\"inLanguage\":\"en-GB\"},{\"@type\":\"Organization\",\"@id\":\"https:\/\/www.argetek.com.tr\/#organization\",\"name\":\"ARGETEK\",\"url\":\"https:\/\/www.argetek.com.tr\/\",\"logo\":{\"@type\":\"ImageObject\",\"inLanguage\":\"en-GB\",\"@id\":\"https:\/\/www.argetek.com.tr\/#\/schema\/logo\/image\/\",\"url\":\"https:\/\/www.argetek.com.tr\/wp-content\/uploads\/2021\/04\/Argetek-Logo.ico\",\"contentUrl\":\"https:\/\/www.argetek.com.tr\/wp-content\/uploads\/2021\/04\/Argetek-Logo.ico\",\"width\":1,\"height\":68,\"caption\":\"ARGETEK\"},\"image\":{\"@id\":\"https:\/\/www.argetek.com.tr\/#\/schema\/logo\/image\/\"},\"sameAs\":[\"https:\/\/www.facebook.com\/argeteklimited\",\"https:\/\/www.instagram.com\/argeteklimited\/\",\"https:\/\/tr.linkedin.com\/company\/argetek-ltd\"]}]}<\/script>\n<!-- \/ Yoast SEO plugin. -->","yoast_head_json":{"title":"P-Color - Argetek Ara\u015ft\u0131rma Geli\u015ftirme Ltd. \u015eti.","robots":{"index":"index","follow":"follow","max-snippet":"max-snippet:-1","max-image-preview":"max-image-preview:large","max-video-preview":"max-video-preview:-1"},"canonical":"https:\/\/www.argetek.com.tr\/en\/p-color\/","og_locale":"en_GB","og_type":"article","og_title":"P-Color - Argetek Ara\u015ft\u0131rma Geli\u015ftirme Ltd. \u015eti.","og_description":"1. Yaz\u0131l\u0131m : Tekstil bask\u0131 Pigment re\u00e7ete hesaplama, ar\u015fivleme ve kalite kontrol yaz\u0131l\u0131m\u0131 T\u00fcm pigmentler \/ boyar maddeler i\u00e7in\u00a0 a\u00e7\u0131l\u0131m \u00e7al\u0131\u015fmalar\u0131n\u0131n yap\u0131lmas\u0131 ve izlenmesi Kartela \/ pantone de bulunan t\u00fcm renkler i\u00e7in re\u00e7etelerin hesaplanmas\u0131 Olu\u015fturulan t\u00fcm re\u00e7eteler i\u00e7in kalite kontrollerin yap\u0131lmas\u0131 \u00d6l\u00e7\u00fclen renklerin ayr\u0131 ayr\u0131...","og_url":"https:\/\/www.argetek.com.tr\/en\/p-color\/","og_site_name":"Argetek Ara\u015ft\u0131rma Geli\u015ftirme Ltd. \u015eti.","article_publisher":"https:\/\/www.facebook.com\/argeteklimited","article_modified_time":"2021-04-22T02:34:24+00:00","og_image":[{"url":"http:\/\/www.argetek.com.tr\/wp-content\/uploads\/2018\/04\/PCOLOR.png"}],"twitter_card":"summary_large_image","twitter_misc":{"Estimated reading time":"1 minute"},"schema":{"@context":"https:\/\/schema.org","@graph":[{"@type":"WebPage","@id":"https:\/\/www.argetek.com.tr\/p-color\/","url":"https:\/\/www.argetek.com.tr\/p-color\/","name":"P-Color - Argetek Ara\u015ft\u0131rma Geli\u015ftirme Ltd. \u015eti.","isPartOf":{"@id":"https:\/\/www.argetek.com.tr\/#website"},"datePublished":"2018-04-10T15:59:43+00:00","dateModified":"2021-04-22T02:34:24+00:00","breadcrumb":{"@id":"https:\/\/www.argetek.com.tr\/p-color\/#breadcrumb"},"inLanguage":"en-GB","potentialAction":[{"@type":"ReadAction","target":["https:\/\/www.argetek.com.tr\/p-color\/"]}]},{"@type":"BreadcrumbList","@id":"https:\/\/www.argetek.com.tr\/p-color\/#breadcrumb","itemListElement":[{"@type":"ListItem","position":1,"name":"Anasayfa","item":"https:\/\/www.argetek.com.tr\/"},{"@type":"ListItem","position":2,"name":"P-Color"}]},{"@type":"WebSite","@id":"https:\/\/www.argetek.com.tr\/#website","url":"https:\/\/www.argetek.com.tr\/","name":"ARGETEK","description":"Renk Fizi\u011fi Dal\u0131nda \u00c7\u00f6z\u00fcm Orta\u011f\u0131n\u0131z..","publisher":{"@id":"https:\/\/www.argetek.com.tr\/#organization"},"potentialAction":[{"@type":"SearchAction","target":{"@type":"EntryPoint","urlTemplate":"https:\/\/www.argetek.com.tr\/?s={search_term_string}"},"query-input":"required name=search_term_string"}],"inLanguage":"en-GB"},{"@type":"Organization","@id":"https:\/\/www.argetek.com.tr\/#organization","name":"ARGETEK","url":"https:\/\/www.argetek.com.tr\/","logo":{"@type":"ImageObject","inLanguage":"en-GB","@id":"https:\/\/www.argetek.com.tr\/#\/schema\/logo\/image\/","url":"https:\/\/www.argetek.com.tr\/wp-content\/uploads\/2021\/04\/Argetek-Logo.ico","contentUrl":"https:\/\/www.argetek.com.tr\/wp-content\/uploads\/2021\/04\/Argetek-Logo.ico","width":1,"height":68,"caption":"ARGETEK"},"image":{"@id":"https:\/\/www.argetek.com.tr\/#\/schema\/logo\/image\/"},"sameAs":["https:\/\/www.facebook.com\/argeteklimited","https:\/\/www.instagram.com\/argeteklimited\/","https:\/\/tr.linkedin.com\/company\/argetek-ltd"]}]}},"amp_enabled":true,"_links":{"self":[{"href":"https:\/\/www.argetek.com.tr\/en\/wp-json\/wp\/v2\/pages\/161"}],"collection":[{"href":"https:\/\/www.argetek.com.tr\/en\/wp-json\/wp\/v2\/pages"}],"about":[{"href":"https:\/\/www.argetek.com.tr\/en\/wp-json\/wp\/v2\/types\/page"}],"author":[{"embeddable":true,"href":"https:\/\/www.argetek.com.tr\/en\/wp-json\/wp\/v2\/users\/1"}],"replies":[{"embeddable":true,"href":"https:\/\/www.argetek.com.tr\/en\/wp-json\/wp\/v2\/comments?post=161"}],"version-history":[{"count":19,"href":"https:\/\/www.argetek.com.tr\/en\/wp-json\/wp\/v2\/pages\/161\/revisions"}],"predecessor-version":[{"id":1223,"href":"https:\/\/www.argetek.com.tr\/en\/wp-json\/wp\/v2\/pages\/161\/revisions\/1223"}],"wp:attachment":[{"href":"https:\/\/www.argetek.com.tr\/en\/wp-json\/wp\/v2\/media?parent=161"}],"curies":[{"name":"wp","href":"https:\/\/api.w.org\/{rel}","templated":true}]}}