{"id":159,"date":"2018-04-10T15:59:29","date_gmt":"2018-04-10T15:59:29","guid":{"rendered":"http:\/\/www.argetek.com.tr\/?page_id=159"},"modified":"2021-04-28T11:15:43","modified_gmt":"2021-04-28T11:15:43","slug":"otomasyon","status":"publish","type":"page","link":"https:\/\/www.argetek.com.tr\/en\/otomasyon\/","title":{"rendered":"Automation"},"content":{"rendered":"<div data-elementor-type=\"wp-page\" data-elementor-id=\"159\" class=\"elementor elementor-159\">\n\t\t\t\t\t\t\t\t\t<section class=\"elementor-section elementor-top-section elementor-element elementor-element-bf1f696 elementor-section-boxed elementor-section-height-default elementor-section-height-default\" data-id=\"bf1f696\" data-element_type=\"section\">\n\t\t\t\t\t\t<div class=\"elementor-container elementor-column-gap-default\">\n\t\t\t\t\t<div class=\"elementor-column elementor-col-100 elementor-top-column elementor-element elementor-element-e69778e\" data-id=\"e69778e\" data-element_type=\"column\">\n\t\t\t<div class=\"elementor-widget-wrap elementor-element-populated\">\n\t\t\t\t\t\t\t\t<section class=\"elementor-section elementor-inner-section elementor-element elementor-element-125f4e2 elementor-section-boxed elementor-section-height-default elementor-section-height-default\" data-id=\"125f4e2\" data-element_type=\"section\">\n\t\t\t\t\t\t<div class=\"elementor-container elementor-column-gap-default\">\n\t\t\t\t\t<div class=\"elementor-column elementor-col-100 elementor-inner-column elementor-element elementor-element-da719d1\" data-id=\"da719d1\" data-element_type=\"column\">\n\t\t\t<div class=\"elementor-widget-wrap elementor-element-populated\">\n\t\t\t\t\t\t\t\t<div class=\"elementor-element elementor-element-a0fbb5a elementor-widget elementor-widget-image\" data-id=\"a0fbb5a\" data-element_type=\"widget\" data-widget_type=\"image.default\">\n\t\t\t\t<div class=\"elementor-widget-container\">\n\t\t\t\t\t\t\t\t\t\t\t\t\t\t\t\t<a href=\"https:\/\/www.argetek.com.tr\/en\/otomasyon\/\">\n\t\t\t\t\t\t\t<img decoding=\"async\" width=\"660\" height=\"420\" src=\"https:\/\/www.argetek.com.tr\/wp-content\/uploads\/2018\/03\/IMG_3921-660x420.jpg\" class=\"attachment-post-thumbnail size-post-thumbnail wp-image-15\" alt=\"\" loading=\"lazy\" \/>\t\t\t\t\t\t\t\t<\/a>\n\t\t\t\t\t\t\t\t\t\t\t\t\t\t\t<\/div>\n\t\t\t\t<\/div>\n\t\t\t\t<div class=\"elementor-element elementor-element-ca37af6 elementor-widget elementor-widget-text-editor\" data-id=\"ca37af6\" data-element_type=\"widget\" data-widget_type=\"text-editor.default\">\n\t\t\t\t<div class=\"elementor-widget-container\">\n\t\t\t\t\t\t\t<h3 style=\"text-align: center;\"><span style=\"font-size: 21px;\">Dye-Chemical Weighing and Dosing Automations<\/span><\/h3><h3 style=\"text-align: center;\"><span style=\"color: #8d8d8d; font-size: 14px; font-weight: var( --e-global-typography-text-font-weight );\">While dealing with sectoral solutions, which also continues to observe what is needed in the sector, Argetek has developed systems related to fully automatic chemical, salt and soda dosing automation and paint dissolving unit, which it has introduced to the market under the name \"AutoMission\".\n\nThen, for those who are looking for a simpler but at the same time reliable system at more reasonable prices, it has developed and added semi-automatic and barcode supported dye-chemical weighing systems, which it calls \"TartMission\", to its product portfolio.<\/span><\/h3><p><span style=\"color: var( --e-global-color-text ); font-family: var( --e-global-typography-text-font-family ), Sans-serif; font-weight: var( --e-global-typography-text-font-weight );\">&#8211; Yar\u0131\/Tam otomatik boya mutfa\u011f\u0131<\/span><\/p><p><span style=\"color: var( --e-global-color-text ); font-family: var( --e-global-typography-text-font-family ), Sans-serif; font-weight: var( --e-global-typography-text-font-weight );\">&#8211; Kimyasal otomasyonu<\/span><\/p><p><span style=\"color: var( --e-global-color-text ); font-family: var( --e-global-typography-text-font-family ), Sans-serif; font-weight: var( --e-global-typography-text-font-weight );\">&#8211; Tuz-Soda otomasyonu<\/span><\/p><p><span style=\"color: var( --e-global-color-text ); font-family: var( --e-global-typography-text-font-family ), Sans-serif; font-weight: var( --e-global-typography-text-font-weight );\">&#8211; Boya \u00e7\u00f6zme &#8211; da\u011f\u0131t\u0131m otomasyonu<\/span><\/p><p style=\"color: #7a7a7a;\">\u00a0<\/p>\t\t\t\t\t\t<\/div>\n\t\t\t\t<\/div>\n\t\t\t\t\t<\/div>\n\t\t<\/div>\n\t\t\t\t\t\t\t<\/div>\n\t\t<\/section>\n\t\t\t\t\t<\/div>\n\t\t<\/div>\n\t\t\t\t\t\t\t<\/div>\n\t\t<\/section>\n\t\t\t\t\t\t\t<\/div>","protected":false},"excerpt":{"rendered":"<p>Boya-Kimyasal Tart\u0131m ve Dozajlama Otomasyonlar\u0131 Sekt\u00f6rel \u00e7\u00f6z\u00fcmlerle ilgilenirken, sekt\u00f6rde ayr\u0131ca nelere ihtiya\u00e7 duyuldugu konusunda da g\u00f6zlemlerini s\u00fcrd\u00fcren Argetek, \u201cAutoMission\u201d ismi ile piyasaya sundu\u011fu tam otomatik kimyasal, tuz ve soda dozlama otomasyonu ve boya \u00e7\u00f6zme \u00fcnitesi ile ilgili sistemler geli\u015ftirmistir. Ard\u0131ndan, daha makul fiyatlara daha basit&#8230;<\/p>","protected":false},"author":2,"featured_media":0,"parent":0,"menu_order":0,"comment_status":"closed","ping_status":"closed","template":"","meta":[],"yoast_head":"<!-- This site is optimized with the Yoast SEO plugin v20.12 - https:\/\/yoast.com\/wordpress\/plugins\/seo\/ -->\n<title>Otomasyon - Argetek Ara\u015ft\u0131rma Geli\u015ftirme Ltd. \u015eti.<\/title>\n<meta name=\"robots\" content=\"index, follow, max-snippet:-1, max-image-preview:large, max-video-preview:-1\" \/>\n<link rel=\"canonical\" href=\"https:\/\/www.argetek.com.tr\/en\/otomasyon\/\" \/>\n<meta property=\"og:locale\" content=\"en_GB\" \/>\n<meta property=\"og:type\" content=\"article\" \/>\n<meta property=\"og:title\" content=\"Otomasyon - Argetek Ara\u015ft\u0131rma Geli\u015ftirme Ltd. \u015eti.\" \/>\n<meta property=\"og:description\" content=\"Boya-Kimyasal Tart\u0131m ve Dozajlama Otomasyonlar\u0131 Sekt\u00f6rel \u00e7\u00f6z\u00fcmlerle ilgilenirken, sekt\u00f6rde ayr\u0131ca nelere ihtiya\u00e7 duyuldugu konusunda da g\u00f6zlemlerini s\u00fcrd\u00fcren Argetek, \u201cAutoMission\u201d ismi ile piyasaya sundu\u011fu tam otomatik kimyasal, tuz ve soda dozlama otomasyonu ve boya \u00e7\u00f6zme \u00fcnitesi ile ilgili sistemler geli\u015ftirmistir. Ard\u0131ndan, daha makul fiyatlara daha basit...\" \/>\n<meta property=\"og:url\" content=\"https:\/\/www.argetek.com.tr\/en\/otomasyon\/\" \/>\n<meta property=\"og:site_name\" content=\"Argetek Ara\u015ft\u0131rma Geli\u015ftirme Ltd. \u015eti.\" \/>\n<meta property=\"article:publisher\" content=\"https:\/\/www.facebook.com\/argeteklimited\" \/>\n<meta property=\"article:modified_time\" content=\"2021-04-28T11:15:43+00:00\" \/>\n<meta property=\"og:image\" content=\"https:\/\/www.argetek.com.tr\/wp-content\/uploads\/2018\/03\/IMG_3921-660x420.jpg\" \/>\n<meta name=\"twitter:card\" content=\"summary_large_image\" \/>\n<meta name=\"twitter:label1\" content=\"Estimated reading time\" \/>\n\t<meta name=\"twitter:data1\" content=\"1 minute\" \/>\n<script type=\"application\/ld+json\" class=\"yoast-schema-graph\">{\"@context\":\"https:\/\/schema.org\",\"@graph\":[{\"@type\":\"WebPage\",\"@id\":\"https:\/\/www.argetek.com.tr\/otomasyon\/\",\"url\":\"https:\/\/www.argetek.com.tr\/otomasyon\/\",\"name\":\"Otomasyon - Argetek Ara\u015ft\u0131rma Geli\u015ftirme Ltd. \u015eti.\",\"isPartOf\":{\"@id\":\"https:\/\/www.argetek.com.tr\/#website\"},\"datePublished\":\"2018-04-10T15:59:29+00:00\",\"dateModified\":\"2021-04-28T11:15:43+00:00\",\"breadcrumb\":{\"@id\":\"https:\/\/www.argetek.com.tr\/otomasyon\/#breadcrumb\"},\"inLanguage\":\"en-GB\",\"potentialAction\":[{\"@type\":\"ReadAction\",\"target\":[\"https:\/\/www.argetek.com.tr\/otomasyon\/\"]}]},{\"@type\":\"BreadcrumbList\",\"@id\":\"https:\/\/www.argetek.com.tr\/otomasyon\/#breadcrumb\",\"itemListElement\":[{\"@type\":\"ListItem\",\"position\":1,\"name\":\"Anasayfa\",\"item\":\"https:\/\/www.argetek.com.tr\/\"},{\"@type\":\"ListItem\",\"position\":2,\"name\":\"Otomasyon\"}]},{\"@type\":\"WebSite\",\"@id\":\"https:\/\/www.argetek.com.tr\/#website\",\"url\":\"https:\/\/www.argetek.com.tr\/\",\"name\":\"ARGETEK\",\"description\":\"Renk Fizi\u011fi Dal\u0131nda \u00c7\u00f6z\u00fcm Orta\u011f\u0131n\u0131z..\",\"publisher\":{\"@id\":\"https:\/\/www.argetek.com.tr\/#organization\"},\"potentialAction\":[{\"@type\":\"SearchAction\",\"target\":{\"@type\":\"EntryPoint\",\"urlTemplate\":\"https:\/\/www.argetek.com.tr\/?s={search_term_string}\"},\"query-input\":\"required name=search_term_string\"}],\"inLanguage\":\"en-GB\"},{\"@type\":\"Organization\",\"@id\":\"https:\/\/www.argetek.com.tr\/#organization\",\"name\":\"ARGETEK\",\"url\":\"https:\/\/www.argetek.com.tr\/\",\"logo\":{\"@type\":\"ImageObject\",\"inLanguage\":\"en-GB\",\"@id\":\"https:\/\/www.argetek.com.tr\/#\/schema\/logo\/image\/\",\"url\":\"https:\/\/www.argetek.com.tr\/wp-content\/uploads\/2021\/04\/Argetek-Logo.ico\",\"contentUrl\":\"https:\/\/www.argetek.com.tr\/wp-content\/uploads\/2021\/04\/Argetek-Logo.ico\",\"width\":1,\"height\":68,\"caption\":\"ARGETEK\"},\"image\":{\"@id\":\"https:\/\/www.argetek.com.tr\/#\/schema\/logo\/image\/\"},\"sameAs\":[\"https:\/\/www.facebook.com\/argeteklimited\",\"https:\/\/www.instagram.com\/argeteklimited\/\",\"https:\/\/tr.linkedin.com\/company\/argetek-ltd\"]}]}<\/script>\n<!-- \/ Yoast SEO plugin. -->","yoast_head_json":{"title":"Otomasyon - Argetek Ara\u015ft\u0131rma Geli\u015ftirme Ltd. \u015eti.","robots":{"index":"index","follow":"follow","max-snippet":"max-snippet:-1","max-image-preview":"max-image-preview:large","max-video-preview":"max-video-preview:-1"},"canonical":"https:\/\/www.argetek.com.tr\/en\/otomasyon\/","og_locale":"en_GB","og_type":"article","og_title":"Otomasyon - Argetek Ara\u015ft\u0131rma Geli\u015ftirme Ltd. \u015eti.","og_description":"Boya-Kimyasal Tart\u0131m ve Dozajlama Otomasyonlar\u0131 Sekt\u00f6rel \u00e7\u00f6z\u00fcmlerle ilgilenirken, sekt\u00f6rde ayr\u0131ca nelere ihtiya\u00e7 duyuldugu konusunda da g\u00f6zlemlerini s\u00fcrd\u00fcren Argetek, \u201cAutoMission\u201d ismi ile piyasaya sundu\u011fu tam otomatik kimyasal, tuz ve soda dozlama otomasyonu ve boya \u00e7\u00f6zme \u00fcnitesi ile ilgili sistemler geli\u015ftirmistir. Ard\u0131ndan, daha makul fiyatlara daha basit...","og_url":"https:\/\/www.argetek.com.tr\/en\/otomasyon\/","og_site_name":"Argetek Ara\u015ft\u0131rma Geli\u015ftirme Ltd. \u015eti.","article_publisher":"https:\/\/www.facebook.com\/argeteklimited","article_modified_time":"2021-04-28T11:15:43+00:00","og_image":[{"url":"https:\/\/www.argetek.com.tr\/wp-content\/uploads\/2018\/03\/IMG_3921-660x420.jpg"}],"twitter_card":"summary_large_image","twitter_misc":{"Estimated reading time":"1 minute"},"schema":{"@context":"https:\/\/schema.org","@graph":[{"@type":"WebPage","@id":"https:\/\/www.argetek.com.tr\/otomasyon\/","url":"https:\/\/www.argetek.com.tr\/otomasyon\/","name":"Otomasyon - Argetek Ara\u015ft\u0131rma Geli\u015ftirme Ltd. \u015eti.","isPartOf":{"@id":"https:\/\/www.argetek.com.tr\/#website"},"datePublished":"2018-04-10T15:59:29+00:00","dateModified":"2021-04-28T11:15:43+00:00","breadcrumb":{"@id":"https:\/\/www.argetek.com.tr\/otomasyon\/#breadcrumb"},"inLanguage":"en-GB","potentialAction":[{"@type":"ReadAction","target":["https:\/\/www.argetek.com.tr\/otomasyon\/"]}]},{"@type":"BreadcrumbList","@id":"https:\/\/www.argetek.com.tr\/otomasyon\/#breadcrumb","itemListElement":[{"@type":"ListItem","position":1,"name":"Anasayfa","item":"https:\/\/www.argetek.com.tr\/"},{"@type":"ListItem","position":2,"name":"Otomasyon"}]},{"@type":"WebSite","@id":"https:\/\/www.argetek.com.tr\/#website","url":"https:\/\/www.argetek.com.tr\/","name":"ARGETEK","description":"Renk Fizi\u011fi Dal\u0131nda \u00c7\u00f6z\u00fcm Orta\u011f\u0131n\u0131z..","publisher":{"@id":"https:\/\/www.argetek.com.tr\/#organization"},"potentialAction":[{"@type":"SearchAction","target":{"@type":"EntryPoint","urlTemplate":"https:\/\/www.argetek.com.tr\/?s={search_term_string}"},"query-input":"required name=search_term_string"}],"inLanguage":"en-GB"},{"@type":"Organization","@id":"https:\/\/www.argetek.com.tr\/#organization","name":"ARGETEK","url":"https:\/\/www.argetek.com.tr\/","logo":{"@type":"ImageObject","inLanguage":"en-GB","@id":"https:\/\/www.argetek.com.tr\/#\/schema\/logo\/image\/","url":"https:\/\/www.argetek.com.tr\/wp-content\/uploads\/2021\/04\/Argetek-Logo.ico","contentUrl":"https:\/\/www.argetek.com.tr\/wp-content\/uploads\/2021\/04\/Argetek-Logo.ico","width":1,"height":68,"caption":"ARGETEK"},"image":{"@id":"https:\/\/www.argetek.com.tr\/#\/schema\/logo\/image\/"},"sameAs":["https:\/\/www.facebook.com\/argeteklimited","https:\/\/www.instagram.com\/argeteklimited\/","https:\/\/tr.linkedin.com\/company\/argetek-ltd"]}]}},"amp_enabled":true,"_links":{"self":[{"href":"https:\/\/www.argetek.com.tr\/en\/wp-json\/wp\/v2\/pages\/159"}],"collection":[{"href":"https:\/\/www.argetek.com.tr\/en\/wp-json\/wp\/v2\/pages"}],"about":[{"href":"https:\/\/www.argetek.com.tr\/en\/wp-json\/wp\/v2\/types\/page"}],"author":[{"embeddable":true,"href":"https:\/\/www.argetek.com.tr\/en\/wp-json\/wp\/v2\/users\/2"}],"replies":[{"embeddable":true,"href":"https:\/\/www.argetek.com.tr\/en\/wp-json\/wp\/v2\/comments?post=159"}],"version-history":[{"count":7,"href":"https:\/\/www.argetek.com.tr\/en\/wp-json\/wp\/v2\/pages\/159\/revisions"}],"predecessor-version":[{"id":1262,"href":"https:\/\/www.argetek.com.tr\/en\/wp-json\/wp\/v2\/pages\/159\/revisions\/1262"}],"wp:attachment":[{"href":"https:\/\/www.argetek.com.tr\/en\/wp-json\/wp\/v2\/media?parent=159"}],"curies":[{"name":"wp","href":"https:\/\/api.w.org\/{rel}","templated":true}]}}