{"id":157,"date":"2018-04-10T15:59:12","date_gmt":"2018-04-10T15:59:12","guid":{"rendered":"http:\/\/www.argetek.com.tr\/?page_id=157"},"modified":"2021-10-23T02:54:05","modified_gmt":"2021-10-23T02:54:05","slug":"spektrofotometre","status":"publish","type":"page","link":"https:\/\/www.argetek.com.tr\/en\/spektrofotometre\/","title":{"rendered":"Spectrophotometer"},"content":{"rendered":"<div data-elementor-type=\"wp-page\" data-elementor-id=\"157\" class=\"elementor elementor-157\">\n\t\t\t\t\t\t\t\t\t<section class=\"elementor-section elementor-top-section elementor-element elementor-element-6dfecdf elementor-section-boxed elementor-section-height-default elementor-section-height-default\" data-id=\"6dfecdf\" data-element_type=\"section\">\n\t\t\t\t\t\t<div class=\"elementor-container elementor-column-gap-default\">\n\t\t\t\t\t<div class=\"elementor-column elementor-col-100 elementor-top-column elementor-element elementor-element-d782600\" data-id=\"d782600\" data-element_type=\"column\">\n\t\t\t<div class=\"elementor-widget-wrap elementor-element-populated\">\n\t\t\t\t\t\t\t\t<section class=\"elementor-section elementor-inner-section elementor-element elementor-element-6c03709 elementor-section-boxed elementor-section-height-default elementor-section-height-default\" data-id=\"6c03709\" data-element_type=\"section\">\n\t\t\t\t\t\t<div class=\"elementor-container elementor-column-gap-default\">\n\t\t\t\t\t<div class=\"elementor-column elementor-col-50 elementor-inner-column elementor-element elementor-element-e143cef\" data-id=\"e143cef\" data-element_type=\"column\">\n\t\t\t<div class=\"elementor-widget-wrap elementor-element-populated\">\n\t\t\t\t\t\t\t\t<div class=\"elementor-element elementor-element-2411cf5 elementor-widget elementor-widget-image\" data-id=\"2411cf5\" data-element_type=\"widget\" data-widget_type=\"image.default\">\n\t\t\t\t<div class=\"elementor-widget-container\">\n\t\t\t\t\t\t\t\t\t\t\t\t\t\t\t<img decoding=\"async\" width=\"300\" height=\"300\" src=\"https:\/\/www.argetek.com.tr\/wp-content\/uploads\/2021\/09\/cm36dG-300x300.png\" class=\"attachment-medium size-medium wp-image-1637\" alt=\"\" loading=\"lazy\" srcset=\"https:\/\/www.argetek.com.tr\/wp-content\/uploads\/2021\/09\/cm36dG-300x300.png 300w, https:\/\/www.argetek.com.tr\/wp-content\/uploads\/2021\/09\/cm36dG-1024x1024.png 1024w, https:\/\/www.argetek.com.tr\/wp-content\/uploads\/2021\/09\/cm36dG-150x150.png 150w, https:\/\/www.argetek.com.tr\/wp-content\/uploads\/2021\/09\/cm36dG-768x768.png 768w, https:\/\/www.argetek.com.tr\/wp-content\/uploads\/2021\/09\/cm36dG-12x12.png 12w, https:\/\/www.argetek.com.tr\/wp-content\/uploads\/2021\/09\/cm36dG-660x660.png 660w, https:\/\/www.argetek.com.tr\/wp-content\/uploads\/2021\/09\/cm36dG.png 1405w\" sizes=\"(max-width: 300px) 100vw, 300px\" \/>\t\t\t\t\t\t\t\t\t\t\t\t\t\t\t<\/div>\n\t\t\t\t<\/div>\n\t\t\t\t<div class=\"elementor-element elementor-element-14c8c9a elementor-widget elementor-widget-text-editor\" data-id=\"14c8c9a\" data-element_type=\"widget\" data-widget_type=\"text-editor.default\">\n\t\t\t\t<div class=\"elementor-widget-container\">\n\t\t\t\t\t\t\t<h2>Bench-top Spectrophotometer CM-36dG<\/h2><p style=\"margin-bottom: 10px; color: #8d8d8d; font-family: Montserrat;\">The CM-36dG Spectrophotometer is widely used in plastics, paints, ceramics, chemicals, etc. It is a high-precision and high-reliability benchtop instrument that can measure color on the principles of reflectance or transmittance, suitable for a wide variety of applications<\/p>\t\t\t\t\t\t<\/div>\n\t\t\t\t<\/div>\n\t\t\t\t\t<\/div>\n\t\t<\/div>\n\t\t\t\t<div class=\"elementor-column elementor-col-50 elementor-inner-column elementor-element elementor-element-f3794b7\" data-id=\"f3794b7\" data-element_type=\"column\">\n\t\t\t<div class=\"elementor-widget-wrap elementor-element-populated\">\n\t\t\t\t\t\t\t\t<div class=\"elementor-element elementor-element-62a0a8b elementor-widget elementor-widget-image\" data-id=\"62a0a8b\" data-element_type=\"widget\" data-widget_type=\"image.default\">\n\t\t\t\t<div class=\"elementor-widget-container\">\n\t\t\t\t\t\t\t\t\t\t\t\t\t\t\t<img decoding=\"async\" width=\"660\" height=\"420\" src=\"https:\/\/www.argetek.com.tr\/wp-content\/uploads\/2018\/08\/3600a-e1456390195174-660x420.jpg\" class=\"attachment-post-thumbnail size-post-thumbnail wp-image-484\" alt=\"\" loading=\"lazy\" \/>\t\t\t\t\t\t\t\t\t\t\t\t\t\t\t<\/div>\n\t\t\t\t<\/div>\n\t\t\t\t<div class=\"elementor-element elementor-element-af708c7 elementor-widget elementor-widget-text-editor\" data-id=\"af708c7\" data-element_type=\"widget\" data-widget_type=\"text-editor.default\">\n\t\t\t\t<div class=\"elementor-widget-container\">\n\t\t\t\t\t\t\t<h2>Bench-top Spectrophotometer CM-3600A<\/h2><p style=\"margin-bottom: 10px; color: #8d8d8d; font-family: Montserrat;\">The CM-3600A is a versatile benchtop spectrophotometer designed to meet the color measurement needs of laboratory, R&amp;D and production users. The instrument provides precise color data on solid and liquid samples of all varieties; it can even measure turbidity.<\/p>\t\t\t\t\t\t<\/div>\n\t\t\t\t<\/div>\n\t\t\t\t\t<\/div>\n\t\t<\/div>\n\t\t\t\t\t\t\t<\/div>\n\t\t<\/section>\n\t\t\t\t<section class=\"elementor-section elementor-inner-section elementor-element elementor-element-32a1a78 elementor-section-boxed elementor-section-height-default elementor-section-height-default\" data-id=\"32a1a78\" data-element_type=\"section\">\n\t\t\t\t\t\t<div class=\"elementor-container elementor-column-gap-default\">\n\t\t\t\t\t<div class=\"elementor-column elementor-col-50 elementor-inner-column elementor-element elementor-element-62493ca\" data-id=\"62493ca\" data-element_type=\"column\">\n\t\t\t<div class=\"elementor-widget-wrap elementor-element-populated\">\n\t\t\t\t\t\t\t\t<div class=\"elementor-element elementor-element-1310b6c elementor-widget elementor-widget-image\" data-id=\"1310b6c\" data-element_type=\"widget\" data-widget_type=\"image.default\">\n\t\t\t\t<div class=\"elementor-widget-container\">\n\t\t\t\t\t\t\t\t\t\t\t\t\t\t\t<img decoding=\"async\" width=\"660\" height=\"420\" src=\"https:\/\/www.argetek.com.tr\/wp-content\/uploads\/2018\/04\/CM-2300d-660x420.jpg\" class=\"attachment-post-thumbnail size-post-thumbnail wp-image-357\" alt=\"\" loading=\"lazy\" \/>\t\t\t\t\t\t\t\t\t\t\t\t\t\t\t<\/div>\n\t\t\t\t<\/div>\n\t\t\t\t<div class=\"elementor-element elementor-element-e93f4f3 elementor-widget elementor-widget-text-editor\" data-id=\"e93f4f3\" data-element_type=\"widget\" data-widget_type=\"text-editor.default\">\n\t\t\t\t<div class=\"elementor-widget-container\">\n\t\t\t\t\t\t\t<h2>Portable Spectrophotometers CM-2600d \/ 2500d<\/h2><p style=\"margin-bottom: 10px; color: #8d8d8d; font-family: Montserrat;\">The CM-2600d and CM-2500d, reliable and precise portable spectrophotometers with sample viewing window for easy sample selection, perform color measurement in a single measurement, with and without the effect of gloss. The instruments are ideal for color measurements of optically bright samples such as paper, cardboard and fabrics for their digital UV control, which is a unique feature in portable color measurement devices.<\/p>\t\t\t\t\t\t<\/div>\n\t\t\t\t<\/div>\n\t\t\t\t\t<\/div>\n\t\t<\/div>\n\t\t\t\t<div class=\"elementor-column elementor-col-50 elementor-inner-column elementor-element elementor-element-82da795\" data-id=\"82da795\" data-element_type=\"column\">\n\t\t\t<div class=\"elementor-widget-wrap elementor-element-populated\">\n\t\t\t\t\t\t\t\t<div class=\"elementor-element elementor-element-c2a6a0e elementor-widget elementor-widget-image\" data-id=\"c2a6a0e\" data-element_type=\"widget\" data-widget_type=\"image.default\">\n\t\t\t\t<div class=\"elementor-widget-container\">\n\t\t\t\t\t\t\t\t\t\t\t\t\t\t\t<img decoding=\"async\" width=\"660\" height=\"419\" src=\"https:\/\/www.argetek.com.tr\/wp-content\/uploads\/2018\/04\/CM-2600d_1-1-660x419.jpg\" class=\"attachment-post-thumbnail size-post-thumbnail wp-image-358\" alt=\"\" loading=\"lazy\" \/>\t\t\t\t\t\t\t\t\t\t\t\t\t\t\t<\/div>\n\t\t\t\t<\/div>\n\t\t\t\t<div class=\"elementor-element elementor-element-d08ef32 elementor-widget elementor-widget-text-editor\" data-id=\"d08ef32\" data-element_type=\"widget\" data-widget_type=\"text-editor.default\">\n\t\t\t\t<div class=\"elementor-widget-container\">\n\t\t\t\t\t\t\t<h2>Portable Spectrophotometers CM-2300d<\/h2><div>\u00a0<\/div><p style=\"color: #8d8d8d; font-family: Montserrat;\">The CM-2300d are portable spherical spectrophotometers with horizontal alignment, best suited for color measurement of flat or large samples. This model uses the patented numerical gloss control (NGC) that presents measurement data with both inclusive (SCI) and excluding (SCE) surface conditions in a single measurement sequence.<\/p><p style=\"margin-bottom: 10px; color: #8d8d8d; font-family: Montserrat;\">One-handed operation is provided by the \u201cnavigation wheel\u201d, while the sample observation port allows for perfect sample positioning. The large information display shows the measurement data numerically or graphically.<\/p>\t\t\t\t\t\t<\/div>\n\t\t\t\t<\/div>\n\t\t\t\t\t<\/div>\n\t\t<\/div>\n\t\t\t\t\t\t\t<\/div>\n\t\t<\/section>\n\t\t\t\t<section class=\"elementor-section elementor-inner-section elementor-element elementor-element-5a1beb5 elementor-section-boxed elementor-section-height-default elementor-section-height-default\" data-id=\"5a1beb5\" data-element_type=\"section\">\n\t\t\t\t\t\t<div class=\"elementor-container elementor-column-gap-default\">\n\t\t\t\t\t<div class=\"elementor-column elementor-col-100 elementor-inner-column elementor-element elementor-element-1cf2c8a\" data-id=\"1cf2c8a\" data-element_type=\"column\">\n\t\t\t<div class=\"elementor-widget-wrap elementor-element-populated\">\n\t\t\t\t\t\t\t\t<div class=\"elementor-element elementor-element-ada2f8a elementor-widget elementor-widget-image\" data-id=\"ada2f8a\" data-element_type=\"widget\" data-widget_type=\"image.default\">\n\t\t\t\t<div class=\"elementor-widget-container\">\n\t\t\t\t\t\t\t\t\t\t\t\t\t\t\t<img decoding=\"async\" width=\"560\" height=\"420\" src=\"https:\/\/www.argetek.com.tr\/wp-content\/uploads\/2018\/04\/csm_CM-700_3_01_579c38a34d-560x420.jpg\" class=\"attachment-post-thumbnail size-post-thumbnail wp-image-341\" alt=\"\" loading=\"lazy\" \/>\t\t\t\t\t\t\t\t\t\t\t\t\t\t\t<\/div>\n\t\t\t\t<\/div>\n\t\t\t\t<div class=\"elementor-element elementor-element-e30af6a elementor-widget elementor-widget-text-editor\" data-id=\"e30af6a\" data-element_type=\"widget\" data-widget_type=\"text-editor.default\">\n\t\t\t\t<div class=\"elementor-widget-container\">\n\t\t\t\t\t\t\t<h1>CM-700d\/CM-600d Portable Spectrophotometers<\/h1><p style=\"margin-bottom: 10px; color: #8d8d8d; font-family: Montserrat;\">Ideal for color measurements of solid samples. The vertical construction of this portable spectrophotometer has a small footprint, perfect for small and curved surfaces. The device communicates via Bluetooth so it can be used for accurate color data measurement at the factory or at a supplier across the world.<\/p>\t\t\t\t\t\t<\/div>\n\t\t\t\t<\/div>\n\t\t\t\t\t<\/div>\n\t\t<\/div>\n\t\t\t\t\t\t\t<\/div>\n\t\t<\/section>\n\t\t\t\t\t<\/div>\n\t\t<\/div>\n\t\t\t\t\t\t\t<\/div>\n\t\t<\/section>\n\t\t\t\t<section class=\"elementor-section elementor-top-section elementor-element elementor-element-54430a0f elementor-section-boxed elementor-section-height-default elementor-section-height-default\" data-id=\"54430a0f\" data-element_type=\"section\">\n\t\t\t\t\t\t<div class=\"elementor-container elementor-column-gap-default\">\n\t\t\t\t\t<div class=\"elementor-column elementor-col-100 elementor-top-column elementor-element elementor-element-4f0f423a\" data-id=\"4f0f423a\" data-element_type=\"column\">\n\t\t\t<div class=\"elementor-widget-wrap elementor-element-populated\">\n\t\t\t\t\t\t\t\t<div class=\"elementor-element elementor-element-36cca60c elementor-widget elementor-widget-text-editor\" data-id=\"36cca60c\" data-element_type=\"widget\" data-widget_type=\"text-editor.default\">\n\t\t\t\t<div class=\"elementor-widget-container\">\n\t\t\t\t\t\t\t<a href=\"\/\/www.argetek.com.tr\/wp-content\/uploads\/2018\/04\/minolta-\u00e7\u00f6z\u00fcm-orta\u011f\u0131-e1523559250826.png\" rel=\"lightbox\">\n <img decoding=\"async\" class=\"sh-image-url\" src=\"http:\/\/www.argetek.com.tr\/wp-content\/uploads\/2018\/04\/minolta-\u00e7\u00f6z\u00fcm-orta\u011f\u0131-e1523559250826.png\" alt=\"minolta \u00e7\u00f6z\u00fcm orta\u011f\u0131\" \/>\n <\/a>\n <a href=\"\/\/www.argetek.com.tr\/wp-content\/uploads\/2018\/04\/xr_gl_c_rgb.jpg\" rel=\"lightbox\">\n <img decoding=\"async\" class=\"sh-image-url\" src=\"http:\/\/www.argetek.com.tr\/wp-content\/uploads\/2018\/04\/xr_gl_c_rgb-1024x361.jpg\" alt=\"xr_gl_c_rgb\" \/>\n <\/a>\n <a href=\"\/\/www.argetek.com.tr\/wp-content\/uploads\/2018\/04\/Datacolor.jpg\" rel=\"lightbox\">\n <img decoding=\"async\" class=\"sh-image-url\" src=\"http:\/\/www.argetek.com.tr\/wp-content\/uploads\/2018\/04\/Datacolor-1024x372.jpg\" alt=\"Datacolor\" \/>\n <\/a>\n <a href=\"\/\/www.argetek.com.tr\/wp-content\/uploads\/2018\/04\/jlkhjkhkjhkjhkj.png\" rel=\"lightbox\">\n <img decoding=\"async\" class=\"sh-image-url\" src=\"http:\/\/www.argetek.com.tr\/wp-content\/uploads\/2018\/04\/jlkhjkhkjhkjhkj.png\" alt=\"jlkhjkhkjhkjhkj\" \/>\n <\/a>\n\n<!-- 80bd91ce8a8a1c15819f0905daeaa7f6 -->\t\t\t\t\t\t<\/div>\n\t\t\t\t<\/div>\n\t\t\t\t\t<\/div>\n\t\t<\/div>\n\t\t\t\t\t\t\t<\/div>\n\t\t<\/section>\n\t\t\t\t\t\t\t<\/div>","protected":false},"excerpt":{"rendered":"Masa\u00fcst\u00fc spektrofotometre CM-36dGCM-36dG Spektrofotometre, Plastikler, Boyalar, Seramikler, Kimyasallar vb. gibi \u00e7ok \u00e7e\u015fitli uygulamalar i\u00e7in uygun olan, rengi yans\u0131tma veya ge\u00e7irgenlik prensiplerinde \u00f6l\u00e7ebilen, y\u00fcksek hassasiyetli ve y\u00fcksek g\u00fcvenilirli\u011fe sahip bir masa \u00fcst\u00fc cihazd\u0131r. Masa\u00fcst\u00fc spektrofotometre CM-3600ACM-3600A laboratuvar, ARGE ve \u00fcretim kullan\u0131c\u0131lar\u0131n\u0131n renk \u00f6l\u00e7\u00fcm ihtiya\u00e7lar\u0131n\u0131 kar\u015f\u0131lamak \u00fczere...","protected":false},"author":1,"featured_media":0,"parent":0,"menu_order":0,"comment_status":"closed","ping_status":"closed","template":"","meta":[],"yoast_head":"<!-- This site is optimized with the Yoast SEO plugin v20.12 - https:\/\/yoast.com\/wordpress\/plugins\/seo\/ -->\n<title>Spektrofotometre - Argetek Ara\u015ft\u0131rma Geli\u015ftirme Ltd. \u015eti.<\/title>\n<meta name=\"description\" content=\"Laboratuvar, ARGE ve \u00fcretim kullan\u0131c\u0131lar\u0131n\u0131n renk \u00f6l\u00e7\u00fcm ihtiya\u00e7lar\u0131n\u0131 kar\u015f\u0131lamak i\u00e7in tasarlanm\u0131\u015f \u00e7ok y\u00f6nl\u00fc bir masa\u00fcst\u00fc spektrofotometredir.\" \/>\n<meta name=\"robots\" content=\"index, follow, max-snippet:-1, max-image-preview:large, max-video-preview:-1\" \/>\n<link rel=\"canonical\" href=\"https:\/\/www.argetek.com.tr\/en\/spektrofotometre\/\" \/>\n<meta property=\"og:locale\" content=\"en_GB\" \/>\n<meta property=\"og:type\" content=\"article\" \/>\n<meta property=\"og:title\" content=\"Spektrofotometre - Argetek Ara\u015ft\u0131rma Geli\u015ftirme Ltd. \u015eti.\" \/>\n<meta property=\"og:description\" content=\"Laboratuvar, ARGE ve \u00fcretim kullan\u0131c\u0131lar\u0131n\u0131n renk \u00f6l\u00e7\u00fcm ihtiya\u00e7lar\u0131n\u0131 kar\u015f\u0131lamak i\u00e7in tasarlanm\u0131\u015f \u00e7ok y\u00f6nl\u00fc bir masa\u00fcst\u00fc spektrofotometredir.\" \/>\n<meta property=\"og:url\" content=\"https:\/\/www.argetek.com.tr\/en\/spektrofotometre\/\" \/>\n<meta property=\"og:site_name\" content=\"Argetek Ara\u015ft\u0131rma Geli\u015ftirme Ltd. \u015eti.\" \/>\n<meta property=\"article:publisher\" content=\"https:\/\/www.facebook.com\/argeteklimited\" \/>\n<meta property=\"article:modified_time\" content=\"2021-10-23T02:54:05+00:00\" \/>\n<meta property=\"og:image\" content=\"https:\/\/www.argetek.com.tr\/wp-content\/uploads\/2021\/09\/cm36dG-300x300.png\" \/>\n<meta name=\"twitter:card\" content=\"summary_large_image\" \/>\n<meta name=\"twitter:label1\" content=\"Estimated reading time\" \/>\n\t<meta name=\"twitter:data1\" content=\"3 minutes\" \/>\n<script type=\"application\/ld+json\" class=\"yoast-schema-graph\">{\"@context\":\"https:\/\/schema.org\",\"@graph\":[{\"@type\":[\"WebPage\",\"CollectionPage\"],\"@id\":\"https:\/\/www.argetek.com.tr\/spektrofotometre\/\",\"url\":\"https:\/\/www.argetek.com.tr\/spektrofotometre\/\",\"name\":\"Spektrofotometre - Argetek Ara\u015ft\u0131rma Geli\u015ftirme Ltd. \u015eti.\",\"isPartOf\":{\"@id\":\"https:\/\/www.argetek.com.tr\/#website\"},\"datePublished\":\"2018-04-10T15:59:12+00:00\",\"dateModified\":\"2021-10-23T02:54:05+00:00\",\"description\":\"Laboratuvar, ARGE ve \u00fcretim kullan\u0131c\u0131lar\u0131n\u0131n renk \u00f6l\u00e7\u00fcm ihtiya\u00e7lar\u0131n\u0131 kar\u015f\u0131lamak i\u00e7in tasarlanm\u0131\u015f \u00e7ok y\u00f6nl\u00fc bir masa\u00fcst\u00fc spektrofotometredir.\",\"breadcrumb\":{\"@id\":\"https:\/\/www.argetek.com.tr\/spektrofotometre\/#breadcrumb\"},\"inLanguage\":\"en-GB\"},{\"@type\":\"BreadcrumbList\",\"@id\":\"https:\/\/www.argetek.com.tr\/spektrofotometre\/#breadcrumb\",\"itemListElement\":[{\"@type\":\"ListItem\",\"position\":1,\"name\":\"Anasayfa\",\"item\":\"https:\/\/www.argetek.com.tr\/\"},{\"@type\":\"ListItem\",\"position\":2,\"name\":\"Spektrofotometre\"}]},{\"@type\":\"WebSite\",\"@id\":\"https:\/\/www.argetek.com.tr\/#website\",\"url\":\"https:\/\/www.argetek.com.tr\/\",\"name\":\"ARGETEK\",\"description\":\"Renk Fizi\u011fi Dal\u0131nda \u00c7\u00f6z\u00fcm Orta\u011f\u0131n\u0131z..\",\"publisher\":{\"@id\":\"https:\/\/www.argetek.com.tr\/#organization\"},\"potentialAction\":[{\"@type\":\"SearchAction\",\"target\":{\"@type\":\"EntryPoint\",\"urlTemplate\":\"https:\/\/www.argetek.com.tr\/?s={search_term_string}\"},\"query-input\":\"required name=search_term_string\"}],\"inLanguage\":\"en-GB\"},{\"@type\":\"Organization\",\"@id\":\"https:\/\/www.argetek.com.tr\/#organization\",\"name\":\"ARGETEK\",\"url\":\"https:\/\/www.argetek.com.tr\/\",\"logo\":{\"@type\":\"ImageObject\",\"inLanguage\":\"en-GB\",\"@id\":\"https:\/\/www.argetek.com.tr\/#\/schema\/logo\/image\/\",\"url\":\"https:\/\/www.argetek.com.tr\/wp-content\/uploads\/2021\/04\/Argetek-Logo.ico\",\"contentUrl\":\"https:\/\/www.argetek.com.tr\/wp-content\/uploads\/2021\/04\/Argetek-Logo.ico\",\"width\":1,\"height\":68,\"caption\":\"ARGETEK\"},\"image\":{\"@id\":\"https:\/\/www.argetek.com.tr\/#\/schema\/logo\/image\/\"},\"sameAs\":[\"https:\/\/www.facebook.com\/argeteklimited\",\"https:\/\/www.instagram.com\/argeteklimited\/\",\"https:\/\/tr.linkedin.com\/company\/argetek-ltd\"]}]}<\/script>\n<!-- \/ Yoast SEO plugin. -->","yoast_head_json":{"title":"Spektrofotometre - Argetek Ara\u015ft\u0131rma Geli\u015ftirme Ltd. \u015eti.","description":"Laboratuvar, ARGE ve \u00fcretim kullan\u0131c\u0131lar\u0131n\u0131n renk \u00f6l\u00e7\u00fcm ihtiya\u00e7lar\u0131n\u0131 kar\u015f\u0131lamak i\u00e7in tasarlanm\u0131\u015f \u00e7ok y\u00f6nl\u00fc bir masa\u00fcst\u00fc spektrofotometredir.","robots":{"index":"index","follow":"follow","max-snippet":"max-snippet:-1","max-image-preview":"max-image-preview:large","max-video-preview":"max-video-preview:-1"},"canonical":"https:\/\/www.argetek.com.tr\/en\/spektrofotometre\/","og_locale":"en_GB","og_type":"article","og_title":"Spektrofotometre - Argetek Ara\u015ft\u0131rma Geli\u015ftirme Ltd. \u015eti.","og_description":"Laboratuvar, ARGE ve \u00fcretim kullan\u0131c\u0131lar\u0131n\u0131n renk \u00f6l\u00e7\u00fcm ihtiya\u00e7lar\u0131n\u0131 kar\u015f\u0131lamak i\u00e7in tasarlanm\u0131\u015f \u00e7ok y\u00f6nl\u00fc bir masa\u00fcst\u00fc spektrofotometredir.","og_url":"https:\/\/www.argetek.com.tr\/en\/spektrofotometre\/","og_site_name":"Argetek Ara\u015ft\u0131rma Geli\u015ftirme Ltd. \u015eti.","article_publisher":"https:\/\/www.facebook.com\/argeteklimited","article_modified_time":"2021-10-23T02:54:05+00:00","og_image":[{"url":"https:\/\/www.argetek.com.tr\/wp-content\/uploads\/2021\/09\/cm36dG-300x300.png"}],"twitter_card":"summary_large_image","twitter_misc":{"Estimated reading time":"3 minutes"},"schema":{"@context":"https:\/\/schema.org","@graph":[{"@type":["WebPage","CollectionPage"],"@id":"https:\/\/www.argetek.com.tr\/spektrofotometre\/","url":"https:\/\/www.argetek.com.tr\/spektrofotometre\/","name":"Spektrofotometre - Argetek Ara\u015ft\u0131rma Geli\u015ftirme Ltd. \u015eti.","isPartOf":{"@id":"https:\/\/www.argetek.com.tr\/#website"},"datePublished":"2018-04-10T15:59:12+00:00","dateModified":"2021-10-23T02:54:05+00:00","description":"Laboratuvar, ARGE ve \u00fcretim kullan\u0131c\u0131lar\u0131n\u0131n renk \u00f6l\u00e7\u00fcm ihtiya\u00e7lar\u0131n\u0131 kar\u015f\u0131lamak i\u00e7in tasarlanm\u0131\u015f \u00e7ok y\u00f6nl\u00fc bir masa\u00fcst\u00fc spektrofotometredir.","breadcrumb":{"@id":"https:\/\/www.argetek.com.tr\/spektrofotometre\/#breadcrumb"},"inLanguage":"en-GB"},{"@type":"BreadcrumbList","@id":"https:\/\/www.argetek.com.tr\/spektrofotometre\/#breadcrumb","itemListElement":[{"@type":"ListItem","position":1,"name":"Anasayfa","item":"https:\/\/www.argetek.com.tr\/"},{"@type":"ListItem","position":2,"name":"Spektrofotometre"}]},{"@type":"WebSite","@id":"https:\/\/www.argetek.com.tr\/#website","url":"https:\/\/www.argetek.com.tr\/","name":"ARGETEK","description":"Renk Fizi\u011fi Dal\u0131nda \u00c7\u00f6z\u00fcm Orta\u011f\u0131n\u0131z..","publisher":{"@id":"https:\/\/www.argetek.com.tr\/#organization"},"potentialAction":[{"@type":"SearchAction","target":{"@type":"EntryPoint","urlTemplate":"https:\/\/www.argetek.com.tr\/?s={search_term_string}"},"query-input":"required name=search_term_string"}],"inLanguage":"en-GB"},{"@type":"Organization","@id":"https:\/\/www.argetek.com.tr\/#organization","name":"ARGETEK","url":"https:\/\/www.argetek.com.tr\/","logo":{"@type":"ImageObject","inLanguage":"en-GB","@id":"https:\/\/www.argetek.com.tr\/#\/schema\/logo\/image\/","url":"https:\/\/www.argetek.com.tr\/wp-content\/uploads\/2021\/04\/Argetek-Logo.ico","contentUrl":"https:\/\/www.argetek.com.tr\/wp-content\/uploads\/2021\/04\/Argetek-Logo.ico","width":1,"height":68,"caption":"ARGETEK"},"image":{"@id":"https:\/\/www.argetek.com.tr\/#\/schema\/logo\/image\/"},"sameAs":["https:\/\/www.facebook.com\/argeteklimited","https:\/\/www.instagram.com\/argeteklimited\/","https:\/\/tr.linkedin.com\/company\/argetek-ltd"]}]}},"amp_enabled":true,"_links":{"self":[{"href":"https:\/\/www.argetek.com.tr\/en\/wp-json\/wp\/v2\/pages\/157"}],"collection":[{"href":"https:\/\/www.argetek.com.tr\/en\/wp-json\/wp\/v2\/pages"}],"about":[{"href":"https:\/\/www.argetek.com.tr\/en\/wp-json\/wp\/v2\/types\/page"}],"author":[{"embeddable":true,"href":"https:\/\/www.argetek.com.tr\/en\/wp-json\/wp\/v2\/users\/1"}],"replies":[{"embeddable":true,"href":"https:\/\/www.argetek.com.tr\/en\/wp-json\/wp\/v2\/comments?post=157"}],"version-history":[{"count":22,"href":"https:\/\/www.argetek.com.tr\/en\/wp-json\/wp\/v2\/pages\/157\/revisions"}],"predecessor-version":[{"id":1716,"href":"https:\/\/www.argetek.com.tr\/en\/wp-json\/wp\/v2\/pages\/157\/revisions\/1716"}],"wp:attachment":[{"href":"https:\/\/www.argetek.com.tr\/en\/wp-json\/wp\/v2\/media?parent=157"}],"curies":[{"name":"wp","href":"https:\/\/api.w.org\/{rel}","templated":true}]}}