{"id":153,"date":"2018-04-10T15:58:36","date_gmt":"2018-04-10T15:58:36","guid":{"rendered":"http:\/\/www.argetek.com.tr\/?page_id=153"},"modified":"2021-09-05T21:20:13","modified_gmt":"2021-09-05T21:20:13","slug":"daelim","status":"publish","type":"page","link":"https:\/\/www.argetek.com.tr\/en\/daelim\/","title":{"rendered":"Daelim"},"content":{"rendered":"<div data-elementor-type=\"wp-page\" data-elementor-id=\"153\" class=\"elementor elementor-153\">\n\t\t\t\t\t\t\t\t\t<section class=\"elementor-section elementor-top-section elementor-element elementor-element-37fef65 elementor-section-boxed elementor-section-height-default elementor-section-height-default\" data-id=\"37fef65\" data-element_type=\"section\">\n\t\t\t\t\t\t<div class=\"elementor-container elementor-column-gap-default\">\n\t\t\t\t\t<div class=\"elementor-column elementor-col-100 elementor-top-column elementor-element elementor-element-019722f\" data-id=\"019722f\" data-element_type=\"column\">\n\t\t\t<div class=\"elementor-widget-wrap elementor-element-populated\">\n\t\t\t\t\t\t\t\t<div class=\"elementor-element elementor-element-dc55add elementor-widget elementor-widget-image\" data-id=\"dc55add\" data-element_type=\"widget\" data-widget_type=\"image.default\">\n\t\t\t\t<div class=\"elementor-widget-container\">\n\t\t\t\t\t\t\t\t\t\t\t\t\t\t\t\t<a href=\"https:\/\/www.argetek.com.tr\/en\/otomatik-pipetleme-mak\/\">\n\t\t\t\t\t\t\t<img decoding=\"async\" width=\"1024\" height=\"428\" src=\"https:\/\/www.argetek.com.tr\/wp-content\/uploads\/2021\/09\/daelim1-1024x428.png\" class=\"attachment-large size-large wp-image-1512\" alt=\"\" loading=\"lazy\" srcset=\"https:\/\/www.argetek.com.tr\/wp-content\/uploads\/2021\/09\/daelim1-1024x428.png 1024w, https:\/\/www.argetek.com.tr\/wp-content\/uploads\/2021\/09\/daelim1-300x125.png 300w, https:\/\/www.argetek.com.tr\/wp-content\/uploads\/2021\/09\/daelim1-768x321.png 768w, https:\/\/www.argetek.com.tr\/wp-content\/uploads\/2021\/09\/daelim1-1536x642.png 1536w, https:\/\/www.argetek.com.tr\/wp-content\/uploads\/2021\/09\/daelim1-2048x856.png 2048w, https:\/\/www.argetek.com.tr\/wp-content\/uploads\/2021\/09\/daelim1-18x8.png 18w\" sizes=\"(max-width: 1024px) 100vw, 1024px\" \/>\t\t\t\t\t\t\t\t<\/a>\n\t\t\t\t\t\t\t\t\t\t\t\t\t\t\t<\/div>\n\t\t\t\t<\/div>\n\t\t\t\t\t<\/div>\n\t\t<\/div>\n\t\t\t\t\t\t\t<\/div>\n\t\t<\/section>\n\t\t\t\t<section class=\"elementor-section elementor-top-section elementor-element elementor-element-a418b38 elementor-section-boxed elementor-section-height-default elementor-section-height-default\" data-id=\"a418b38\" data-element_type=\"section\">\n\t\t\t\t\t\t<div class=\"elementor-container elementor-column-gap-default\">\n\t\t\t\t\t<div class=\"elementor-column elementor-col-16 elementor-top-column elementor-element elementor-element-22b72fd\" data-id=\"22b72fd\" data-element_type=\"column\">\n\t\t\t<div class=\"elementor-widget-wrap elementor-element-populated\">\n\t\t\t\t\t\t\t\t<div class=\"elementor-element elementor-element-07207f7 elementor-widget elementor-widget-image\" data-id=\"07207f7\" data-element_type=\"widget\" data-widget_type=\"image.default\">\n\t\t\t\t<div class=\"elementor-widget-container\">\n\t\t\t\t\t\t\t\t\t\t\t\t\t\t\t<img decoding=\"async\" width=\"231\" height=\"300\" src=\"https:\/\/www.argetek.com.tr\/wp-content\/uploads\/2021\/09\/Water-PermeabilityN-231x300.png\" class=\"attachment-medium size-medium wp-image-1507\" alt=\"\" loading=\"lazy\" srcset=\"https:\/\/www.argetek.com.tr\/wp-content\/uploads\/2021\/09\/Water-PermeabilityN-231x300.png 231w, https:\/\/www.argetek.com.tr\/wp-content\/uploads\/2021\/09\/Water-PermeabilityN-9x12.png 9w, https:\/\/www.argetek.com.tr\/wp-content\/uploads\/2021\/09\/Water-PermeabilityN.png 461w\" sizes=\"(max-width: 231px) 100vw, 231px\" \/>\t\t\t\t\t\t\t\t\t\t\t\t\t\t\t<\/div>\n\t\t\t\t<\/div>\n\t\t\t\t\t<\/div>\n\t\t<\/div>\n\t\t\t\t<div class=\"elementor-column elementor-col-16 elementor-top-column elementor-element elementor-element-ddb1b6b\" data-id=\"ddb1b6b\" data-element_type=\"column\">\n\t\t\t<div class=\"elementor-widget-wrap elementor-element-populated\">\n\t\t\t\t\t\t\t\t<div class=\"elementor-element elementor-element-08d5d9a elementor-widget elementor-widget-image\" data-id=\"08d5d9a\" data-element_type=\"widget\" data-widget_type=\"image.default\">\n\t\t\t\t<div class=\"elementor-widget-container\">\n\t\t\t\t\t\t\t\t\t\t\t\t\t\t\t<img decoding=\"async\" width=\"300\" height=\"300\" src=\"https:\/\/www.argetek.com.tr\/wp-content\/uploads\/2021\/09\/Vertical-Padder-300x300.jpg\" class=\"attachment-medium size-medium wp-image-1504\" alt=\"\" loading=\"lazy\" srcset=\"https:\/\/www.argetek.com.tr\/wp-content\/uploads\/2021\/09\/Vertical-Padder-300x300.jpg 300w, https:\/\/www.argetek.com.tr\/wp-content\/uploads\/2021\/09\/Vertical-Padder-150x150.jpg 150w, https:\/\/www.argetek.com.tr\/wp-content\/uploads\/2021\/09\/Vertical-Padder-12x12.jpg 12w, https:\/\/www.argetek.com.tr\/wp-content\/uploads\/2021\/09\/Vertical-Padder.jpg 600w\" sizes=\"(max-width: 300px) 100vw, 300px\" \/>\t\t\t\t\t\t\t\t\t\t\t\t\t\t\t<\/div>\n\t\t\t\t<\/div>\n\t\t\t\t\t<\/div>\n\t\t<\/div>\n\t\t\t\t<div class=\"elementor-column elementor-col-16 elementor-top-column elementor-element elementor-element-6406f73\" data-id=\"6406f73\" data-element_type=\"column\">\n\t\t\t<div class=\"elementor-widget-wrap elementor-element-populated\">\n\t\t\t\t\t\t\t\t<div class=\"elementor-element elementor-element-13da917 elementor-widget elementor-widget-image\" data-id=\"13da917\" data-element_type=\"widget\" data-widget_type=\"image.default\">\n\t\t\t\t<div class=\"elementor-widget-container\">\n\t\t\t\t\t\t\t\t\t\t\t\t\t\t\t<img decoding=\"async\" width=\"600\" height=\"600\" src=\"https:\/\/www.argetek.com.tr\/wp-content\/uploads\/2021\/09\/Xenon-Arc-Tester.jpg\" class=\"attachment-large size-large wp-image-1509\" alt=\"\" loading=\"lazy\" srcset=\"https:\/\/www.argetek.com.tr\/wp-content\/uploads\/2021\/09\/Xenon-Arc-Tester.jpg 600w, https:\/\/www.argetek.com.tr\/wp-content\/uploads\/2021\/09\/Xenon-Arc-Tester-300x300.jpg 300w, https:\/\/www.argetek.com.tr\/wp-content\/uploads\/2021\/09\/Xenon-Arc-Tester-150x150.jpg 150w, https:\/\/www.argetek.com.tr\/wp-content\/uploads\/2021\/09\/Xenon-Arc-Tester-12x12.jpg 12w\" sizes=\"(max-width: 600px) 100vw, 600px\" \/>\t\t\t\t\t\t\t\t\t\t\t\t\t\t\t<\/div>\n\t\t\t\t<\/div>\n\t\t\t\t\t<\/div>\n\t\t<\/div>\n\t\t\t\t<div class=\"elementor-column elementor-col-16 elementor-top-column elementor-element elementor-element-132eeb5\" data-id=\"132eeb5\" data-element_type=\"column\">\n\t\t\t<div class=\"elementor-widget-wrap elementor-element-populated\">\n\t\t\t\t\t\t\t\t<div class=\"elementor-element elementor-element-17e60fc elementor-widget elementor-widget-image\" data-id=\"17e60fc\" data-element_type=\"widget\" data-widget_type=\"image.default\">\n\t\t\t\t<div class=\"elementor-widget-container\">\n\t\t\t\t\t\t\t\t\t\t\t\t\t\t\t<img decoding=\"async\" width=\"600\" height=\"600\" src=\"https:\/\/www.argetek.com.tr\/wp-content\/uploads\/2021\/09\/Wash-Fastness-Tester.jpg\" class=\"attachment-large size-large wp-image-1505\" alt=\"\" loading=\"lazy\" srcset=\"https:\/\/www.argetek.com.tr\/wp-content\/uploads\/2021\/09\/Wash-Fastness-Tester.jpg 600w, https:\/\/www.argetek.com.tr\/wp-content\/uploads\/2021\/09\/Wash-Fastness-Tester-300x300.jpg 300w, https:\/\/www.argetek.com.tr\/wp-content\/uploads\/2021\/09\/Wash-Fastness-Tester-150x150.jpg 150w, https:\/\/www.argetek.com.tr\/wp-content\/uploads\/2021\/09\/Wash-Fastness-Tester-12x12.jpg 12w\" sizes=\"(max-width: 600px) 100vw, 600px\" \/>\t\t\t\t\t\t\t\t\t\t\t\t\t\t\t<\/div>\n\t\t\t\t<\/div>\n\t\t\t\t\t<\/div>\n\t\t<\/div>\n\t\t\t\t<div class=\"elementor-column elementor-col-16 elementor-top-column elementor-element elementor-element-baf6619\" data-id=\"baf6619\" data-element_type=\"column\">\n\t\t\t<div class=\"elementor-widget-wrap elementor-element-populated\">\n\t\t\t\t\t\t\t\t<div class=\"elementor-element elementor-element-b4f01fa elementor-widget elementor-widget-image\" data-id=\"b4f01fa\" data-element_type=\"widget\" data-widget_type=\"image.default\">\n\t\t\t\t<div class=\"elementor-widget-container\">\n\t\t\t\t\t\t\t\t\t\t\t\t\t\t\t<img decoding=\"async\" width=\"600\" height=\"414\" src=\"https:\/\/www.argetek.com.tr\/wp-content\/uploads\/2021\/09\/Sublimation-Tester300x300.png\" class=\"attachment-post-thumbnail size-post-thumbnail wp-image-1499\" alt=\"\" loading=\"lazy\" srcset=\"https:\/\/www.argetek.com.tr\/wp-content\/uploads\/2021\/09\/Sublimation-Tester300x300.png 600w, https:\/\/www.argetek.com.tr\/wp-content\/uploads\/2021\/09\/Sublimation-Tester300x300-300x207.png 300w, https:\/\/www.argetek.com.tr\/wp-content\/uploads\/2021\/09\/Sublimation-Tester300x300-18x12.png 18w\" sizes=\"(max-width: 600px) 100vw, 600px\" \/>\t\t\t\t\t\t\t\t\t\t\t\t\t\t\t<\/div>\n\t\t\t\t<\/div>\n\t\t\t\t\t<\/div>\n\t\t<\/div>\n\t\t\t\t<div class=\"elementor-column elementor-col-16 elementor-top-column elementor-element elementor-element-0219a15\" data-id=\"0219a15\" data-element_type=\"column\">\n\t\t\t<div class=\"elementor-widget-wrap elementor-element-populated\">\n\t\t\t\t\t\t\t\t<div class=\"elementor-element elementor-element-efa7e7c elementor-widget elementor-widget-image\" data-id=\"efa7e7c\" data-element_type=\"widget\" data-widget_type=\"image.default\">\n\t\t\t\t<div class=\"elementor-widget-container\">\n\t\t\t\t\t\t\t\t\t\t\t\t\t\t\t<img decoding=\"async\" width=\"229\" height=\"300\" src=\"https:\/\/www.argetek.com.tr\/wp-content\/uploads\/2021\/09\/Universal-Wear-Tester-229x300.png\" class=\"attachment-medium size-medium wp-image-1503\" alt=\"\" loading=\"lazy\" srcset=\"https:\/\/www.argetek.com.tr\/wp-content\/uploads\/2021\/09\/Universal-Wear-Tester-229x300.png 229w, https:\/\/www.argetek.com.tr\/wp-content\/uploads\/2021\/09\/Universal-Wear-Tester-9x12.png 9w, https:\/\/www.argetek.com.tr\/wp-content\/uploads\/2021\/09\/Universal-Wear-Tester.png 458w\" sizes=\"(max-width: 229px) 100vw, 229px\" \/>\t\t\t\t\t\t\t\t\t\t\t\t\t\t\t<\/div>\n\t\t\t\t<\/div>\n\t\t\t\t\t<\/div>\n\t\t<\/div>\n\t\t\t\t\t\t\t<\/div>\n\t\t<\/section>\n\t\t\t\t<section class=\"elementor-section elementor-top-section elementor-element elementor-element-1940f9bd elementor-section-boxed elementor-section-height-default elementor-section-height-default\" data-id=\"1940f9bd\" data-element_type=\"section\">\n\t\t\t\t\t\t<div class=\"elementor-container elementor-column-gap-default\">\n\t\t\t\t\t<div class=\"elementor-column elementor-col-100 elementor-top-column elementor-element elementor-element-11eafa24\" data-id=\"11eafa24\" data-element_type=\"column\">\n\t\t\t<div class=\"elementor-widget-wrap elementor-element-populated\">\n\t\t\t\t\t\t\t\t<div class=\"elementor-element elementor-element-1d44c5e0 elementor-widget elementor-widget-text-editor\" data-id=\"1d44c5e0\" data-element_type=\"widget\" data-widget_type=\"text-editor.default\">\n\t\t\t\t<div class=\"elementor-widget-container\">\n\t\t\t\t\t\t\t<p>\u00a0<\/p><div class=\"sh-column sh-column-cb72942b9abf546b46aff81067774913 fw-col-xs-12 fw-col-sm-6\" >\r\n\r\n\t\r\n\t<div class=\"sh-column-wrapper\">\r\n\t\t\r\n<div id=\"video-player-f528a9adabd5549c877373a0141bac31\" class=\"sh-video-player sh-video-player-style1 sh-placement-left\">\r\n\t<div class=\"sh-video-player-container\">\r\n\t\t<div class=\"sh-video-player-content\">\r\n\t\t\t<iframe loading=\"lazy\" title=\"Daelim Starlet Color Dispenser CCK-3\" width=\"500\" height=\"281\" src=\"https:\/\/www.youtube.com\/embed\/91xO-I75qbY?feature=oembed\" frameborder=\"0\" allow=\"accelerometer; autoplay; clipboard-write; encrypted-media; gyroscope; picture-in-picture; web-share\" referrerpolicy=\"strict-origin-when-cross-origin\" allowfullscreen><\/iframe>\t\t<\/div>\r\n\t<\/div>\r\n\r\n\t<\/div>\r\n\t<\/div>\r\n\r\n\r\n\t\t\r\n\r\n<\/div>\t\t\t\t\t\t<\/div>\n\t\t\t\t<\/div>\n\t\t\t\t\t<\/div>\n\t\t<\/div>\n\t\t\t\t\t\t\t<\/div>\n\t\t<\/section>\n\t\t\t\t\t\t\t<\/div>","protected":false},"excerpt":{"rendered":"<p>Lorem ipsum dolor sit amet, consectetur adipiscing elit.<\/p>","protected":false},"author":2,"featured_media":0,"parent":0,"menu_order":0,"comment_status":"closed","ping_status":"closed","template":"","meta":[],"yoast_head":"<!-- This site is optimized with the Yoast SEO plugin v20.12 - https:\/\/yoast.com\/wordpress\/plugins\/seo\/ -->\n<title>Daelim - Argetek Ara\u015ft\u0131rma Geli\u015ftirme Ltd. \u015eti.<\/title>\n<meta name=\"robots\" content=\"index, follow, max-snippet:-1, max-image-preview:large, max-video-preview:-1\" \/>\n<link rel=\"canonical\" href=\"https:\/\/www.argetek.com.tr\/en\/daelim\/\" \/>\n<meta property=\"og:locale\" content=\"en_GB\" \/>\n<meta property=\"og:type\" content=\"article\" \/>\n<meta property=\"og:title\" content=\"Daelim - Argetek Ara\u015ft\u0131rma Geli\u015ftirme Ltd. \u015eti.\" \/>\n<meta property=\"og:description\" content=\"Lorem ipsum dolor sit amet, consectetur adipiscing elit.\" \/>\n<meta property=\"og:url\" content=\"https:\/\/www.argetek.com.tr\/en\/daelim\/\" \/>\n<meta property=\"og:site_name\" content=\"Argetek Ara\u015ft\u0131rma Geli\u015ftirme Ltd. \u015eti.\" \/>\n<meta property=\"article:publisher\" content=\"https:\/\/www.facebook.com\/argeteklimited\" \/>\n<meta property=\"article:modified_time\" content=\"2021-09-05T21:20:13+00:00\" \/>\n<meta property=\"og:image\" content=\"https:\/\/www.argetek.com.tr\/wp-content\/uploads\/2021\/09\/daelim1-1024x428.png\" \/>\n<meta name=\"twitter:card\" content=\"summary_large_image\" \/>\n<meta name=\"twitter:label1\" content=\"Estimated reading time\" \/>\n\t<meta name=\"twitter:data1\" content=\"2 minutes\" \/>\n<script type=\"application\/ld+json\" class=\"yoast-schema-graph\">{\"@context\":\"https:\/\/schema.org\",\"@graph\":[{\"@type\":\"WebPage\",\"@id\":\"https:\/\/www.argetek.com.tr\/daelim\/\",\"url\":\"https:\/\/www.argetek.com.tr\/daelim\/\",\"name\":\"Daelim - Argetek Ara\u015ft\u0131rma Geli\u015ftirme Ltd. \u015eti.\",\"isPartOf\":{\"@id\":\"https:\/\/www.argetek.com.tr\/#website\"},\"datePublished\":\"2018-04-10T15:58:36+00:00\",\"dateModified\":\"2021-09-05T21:20:13+00:00\",\"breadcrumb\":{\"@id\":\"https:\/\/www.argetek.com.tr\/daelim\/#breadcrumb\"},\"inLanguage\":\"en-GB\",\"potentialAction\":[{\"@type\":\"ReadAction\",\"target\":[\"https:\/\/www.argetek.com.tr\/daelim\/\"]}]},{\"@type\":\"BreadcrumbList\",\"@id\":\"https:\/\/www.argetek.com.tr\/daelim\/#breadcrumb\",\"itemListElement\":[{\"@type\":\"ListItem\",\"position\":1,\"name\":\"Anasayfa\",\"item\":\"https:\/\/www.argetek.com.tr\/\"},{\"@type\":\"ListItem\",\"position\":2,\"name\":\"Daelim\"}]},{\"@type\":\"WebSite\",\"@id\":\"https:\/\/www.argetek.com.tr\/#website\",\"url\":\"https:\/\/www.argetek.com.tr\/\",\"name\":\"ARGETEK\",\"description\":\"Renk Fizi\u011fi Dal\u0131nda \u00c7\u00f6z\u00fcm Orta\u011f\u0131n\u0131z..\",\"publisher\":{\"@id\":\"https:\/\/www.argetek.com.tr\/#organization\"},\"potentialAction\":[{\"@type\":\"SearchAction\",\"target\":{\"@type\":\"EntryPoint\",\"urlTemplate\":\"https:\/\/www.argetek.com.tr\/?s={search_term_string}\"},\"query-input\":\"required name=search_term_string\"}],\"inLanguage\":\"en-GB\"},{\"@type\":\"Organization\",\"@id\":\"https:\/\/www.argetek.com.tr\/#organization\",\"name\":\"ARGETEK\",\"url\":\"https:\/\/www.argetek.com.tr\/\",\"logo\":{\"@type\":\"ImageObject\",\"inLanguage\":\"en-GB\",\"@id\":\"https:\/\/www.argetek.com.tr\/#\/schema\/logo\/image\/\",\"url\":\"https:\/\/www.argetek.com.tr\/wp-content\/uploads\/2021\/04\/Argetek-Logo.ico\",\"contentUrl\":\"https:\/\/www.argetek.com.tr\/wp-content\/uploads\/2021\/04\/Argetek-Logo.ico\",\"width\":1,\"height\":68,\"caption\":\"ARGETEK\"},\"image\":{\"@id\":\"https:\/\/www.argetek.com.tr\/#\/schema\/logo\/image\/\"},\"sameAs\":[\"https:\/\/www.facebook.com\/argeteklimited\",\"https:\/\/www.instagram.com\/argeteklimited\/\",\"https:\/\/tr.linkedin.com\/company\/argetek-ltd\"]}]}<\/script>\n<!-- \/ Yoast SEO plugin. -->","yoast_head_json":{"title":"Daelim - Argetek Ara\u015ft\u0131rma Geli\u015ftirme Ltd. \u015eti.","robots":{"index":"index","follow":"follow","max-snippet":"max-snippet:-1","max-image-preview":"max-image-preview:large","max-video-preview":"max-video-preview:-1"},"canonical":"https:\/\/www.argetek.com.tr\/en\/daelim\/","og_locale":"en_GB","og_type":"article","og_title":"Daelim - Argetek Ara\u015ft\u0131rma Geli\u015ftirme Ltd. \u015eti.","og_description":"Lorem ipsum dolor sit amet, consectetur adipiscing elit.","og_url":"https:\/\/www.argetek.com.tr\/en\/daelim\/","og_site_name":"Argetek Ara\u015ft\u0131rma Geli\u015ftirme Ltd. \u015eti.","article_publisher":"https:\/\/www.facebook.com\/argeteklimited","article_modified_time":"2021-09-05T21:20:13+00:00","og_image":[{"url":"https:\/\/www.argetek.com.tr\/wp-content\/uploads\/2021\/09\/daelim1-1024x428.png"}],"twitter_card":"summary_large_image","twitter_misc":{"Estimated reading time":"2 minutes"},"schema":{"@context":"https:\/\/schema.org","@graph":[{"@type":"WebPage","@id":"https:\/\/www.argetek.com.tr\/daelim\/","url":"https:\/\/www.argetek.com.tr\/daelim\/","name":"Daelim - Argetek Ara\u015ft\u0131rma Geli\u015ftirme Ltd. \u015eti.","isPartOf":{"@id":"https:\/\/www.argetek.com.tr\/#website"},"datePublished":"2018-04-10T15:58:36+00:00","dateModified":"2021-09-05T21:20:13+00:00","breadcrumb":{"@id":"https:\/\/www.argetek.com.tr\/daelim\/#breadcrumb"},"inLanguage":"en-GB","potentialAction":[{"@type":"ReadAction","target":["https:\/\/www.argetek.com.tr\/daelim\/"]}]},{"@type":"BreadcrumbList","@id":"https:\/\/www.argetek.com.tr\/daelim\/#breadcrumb","itemListElement":[{"@type":"ListItem","position":1,"name":"Anasayfa","item":"https:\/\/www.argetek.com.tr\/"},{"@type":"ListItem","position":2,"name":"Daelim"}]},{"@type":"WebSite","@id":"https:\/\/www.argetek.com.tr\/#website","url":"https:\/\/www.argetek.com.tr\/","name":"ARGETEK","description":"Renk Fizi\u011fi Dal\u0131nda \u00c7\u00f6z\u00fcm Orta\u011f\u0131n\u0131z..","publisher":{"@id":"https:\/\/www.argetek.com.tr\/#organization"},"potentialAction":[{"@type":"SearchAction","target":{"@type":"EntryPoint","urlTemplate":"https:\/\/www.argetek.com.tr\/?s={search_term_string}"},"query-input":"required name=search_term_string"}],"inLanguage":"en-GB"},{"@type":"Organization","@id":"https:\/\/www.argetek.com.tr\/#organization","name":"ARGETEK","url":"https:\/\/www.argetek.com.tr\/","logo":{"@type":"ImageObject","inLanguage":"en-GB","@id":"https:\/\/www.argetek.com.tr\/#\/schema\/logo\/image\/","url":"https:\/\/www.argetek.com.tr\/wp-content\/uploads\/2021\/04\/Argetek-Logo.ico","contentUrl":"https:\/\/www.argetek.com.tr\/wp-content\/uploads\/2021\/04\/Argetek-Logo.ico","width":1,"height":68,"caption":"ARGETEK"},"image":{"@id":"https:\/\/www.argetek.com.tr\/#\/schema\/logo\/image\/"},"sameAs":["https:\/\/www.facebook.com\/argeteklimited","https:\/\/www.instagram.com\/argeteklimited\/","https:\/\/tr.linkedin.com\/company\/argetek-ltd"]}]}},"amp_enabled":true,"_links":{"self":[{"href":"https:\/\/www.argetek.com.tr\/en\/wp-json\/wp\/v2\/pages\/153"}],"collection":[{"href":"https:\/\/www.argetek.com.tr\/en\/wp-json\/wp\/v2\/pages"}],"about":[{"href":"https:\/\/www.argetek.com.tr\/en\/wp-json\/wp\/v2\/types\/page"}],"author":[{"embeddable":true,"href":"https:\/\/www.argetek.com.tr\/en\/wp-json\/wp\/v2\/users\/2"}],"replies":[{"embeddable":true,"href":"https:\/\/www.argetek.com.tr\/en\/wp-json\/wp\/v2\/comments?post=153"}],"version-history":[{"count":14,"href":"https:\/\/www.argetek.com.tr\/en\/wp-json\/wp\/v2\/pages\/153\/revisions"}],"predecessor-version":[{"id":1759,"href":"https:\/\/www.argetek.com.tr\/en\/wp-json\/wp\/v2\/pages\/153\/revisions\/1759"}],"wp:attachment":[{"href":"https:\/\/www.argetek.com.tr\/en\/wp-json\/wp\/v2\/media?parent=153"}],"curies":[{"name":"wp","href":"https:\/\/api.w.org\/{rel}","templated":true}]}}