{"id":149,"date":"2018-04-10T15:58:02","date_gmt":"2018-04-10T15:58:02","guid":{"rendered":"http:\/\/www.argetek.com.tr\/?page_id=149"},"modified":"2021-04-28T13:30:08","modified_gmt":"2021-04-28T13:30:08","slug":"c-tex","status":"publish","type":"page","link":"https:\/\/www.argetek.com.tr\/en\/c-tex\/","title":{"rendered":"C \u2013 Tex"},"content":{"rendered":"<div data-elementor-type=\"wp-page\" data-elementor-id=\"149\" class=\"elementor elementor-149\">\n\t\t\t\t\t\t\t\t\t<section class=\"elementor-section elementor-top-section elementor-element elementor-element-a69a376 elementor-section-boxed elementor-section-height-default elementor-section-height-default\" data-id=\"a69a376\" data-element_type=\"section\">\n\t\t\t\t\t\t<div class=\"elementor-container elementor-column-gap-default\">\n\t\t\t\t\t<div class=\"elementor-column elementor-col-100 elementor-top-column elementor-element elementor-element-819dea9\" data-id=\"819dea9\" data-element_type=\"column\">\n\t\t\t<div class=\"elementor-widget-wrap elementor-element-populated\">\n\t\t\t\t\t\t\t\t<div class=\"elementor-element elementor-element-b0e1012 elementor-widget elementor-widget-image\" data-id=\"b0e1012\" data-element_type=\"widget\" data-widget_type=\"image.default\">\n\t\t\t\t<div class=\"elementor-widget-container\">\n\t\t\t\t\t\t\t\t\t\t\t\t\t\t\t<img decoding=\"async\" width=\"612\" height=\"119\" src=\"https:\/\/www.argetek.com.tr\/wp-content\/uploads\/2018\/08\/unnamed.png\" class=\"attachment-large size-large wp-image-485\" alt=\"\" loading=\"lazy\" srcset=\"https:\/\/www.argetek.com.tr\/wp-content\/uploads\/2018\/08\/unnamed.png 612w, https:\/\/www.argetek.com.tr\/wp-content\/uploads\/2018\/08\/unnamed-300x58.png 300w\" sizes=\"(max-width: 612px) 100vw, 612px\" \/>\t\t\t\t\t\t\t\t\t\t\t\t\t\t\t<\/div>\n\t\t\t\t<\/div>\n\t\t\t\t\t<\/div>\n\t\t<\/div>\n\t\t\t\t\t\t\t<\/div>\n\t\t<\/section>\n\t\t\t\t<section class=\"elementor-section elementor-top-section elementor-element elementor-element-541adc8 elementor-section-boxed elementor-section-height-default elementor-section-height-default\" data-id=\"541adc8\" data-element_type=\"section\">\n\t\t\t\t\t\t<div class=\"elementor-container elementor-column-gap-default\">\n\t\t\t\t\t<div class=\"elementor-column elementor-col-33 elementor-top-column elementor-element elementor-element-b18f26b\" data-id=\"b18f26b\" data-element_type=\"column\">\n\t\t\t<div class=\"elementor-widget-wrap elementor-element-populated\">\n\t\t\t\t\t\t\t\t<div class=\"elementor-element elementor-element-c3babf2 elementor-widget elementor-widget-image\" data-id=\"c3babf2\" data-element_type=\"widget\" data-widget_type=\"image.default\">\n\t\t\t\t<div class=\"elementor-widget-container\">\n\t\t\t\t\t\t\t\t\t\t\t\t\t\t\t<img decoding=\"async\" width=\"150\" height=\"150\" src=\"https:\/\/www.argetek.com.tr\/wp-content\/uploads\/2018\/04\/c-tex-logo-150x150.png\" class=\"attachment-thumbnail size-thumbnail wp-image-204\" alt=\"\" loading=\"lazy\" srcset=\"https:\/\/www.argetek.com.tr\/wp-content\/uploads\/2018\/04\/c-tex-logo-150x150.png 150w, https:\/\/www.argetek.com.tr\/wp-content\/uploads\/2018\/04\/c-tex-logo-660x660.png 660w\" sizes=\"(max-width: 150px) 100vw, 150px\" \/>\t\t\t\t\t\t\t\t\t\t\t\t\t\t\t<\/div>\n\t\t\t\t<\/div>\n\t\t\t\t<div class=\"elementor-element elementor-element-eb2d4a6 elementor-widget elementor-widget-text-editor\" data-id=\"eb2d4a6\" data-element_type=\"widget\" data-widget_type=\"text-editor.default\">\n\t\t\t\t<div class=\"elementor-widget-container\">\n\t\t\t\t\t\t\t<p>We aim to provide color consistency with color fastening and mathematical calculation methods for various fiber types, textile structures and coloring techniques.<\/p><p>*COLOR CHANGE CAN OCCUR BETWEEN THE BATCH ROLLS AT THE PARTY.<\/p><p>*COLOR CHANGE MAY OCCUR IN EACH OF THE BATCH ROLLS IN THE PARTY.<\/p><p>C-tex Colour control system monitors the color along the length of the fabric as well as controls the color from 3 points along its width.\nIt can be used in quality control machines or any continuous process machine.<\/p><p>3 color reader sensors on the system; fixed in the middle and movable on both sides, adjustable according to the width of the fabric to be given to the machine.<\/p><p>C-tex color makes automatic lotting of all your fabric balls according to the color differences that occur in the lot.<\/p><p>With C-tex colour, we can see individual color maps for each roll. We use red (remaining) \/ yellow (control) \/ green (pass) traffic light protocol in color maps and c-tex color system detects and reports color errors online throughout the entire fabric with the specified DE limits. As a result, we can also obtain a cuting map.<\/p><p>\u00c7al\u0131\u015fma h\u0131z\u0131 : 200m\/dk<\/p>\t\t\t\t\t\t<\/div>\n\t\t\t\t<\/div>\n\t\t\t\t\t<\/div>\n\t\t<\/div>\n\t\t\t\t<div class=\"elementor-column elementor-col-66 elementor-top-column elementor-element elementor-element-6bf5e31\" data-id=\"6bf5e31\" data-element_type=\"column\">\n\t\t\t<div class=\"elementor-widget-wrap elementor-element-populated\">\n\t\t\t\t\t\t\t\t<div class=\"elementor-element elementor-element-39ae837 elementor-widget elementor-widget-image\" data-id=\"39ae837\" data-element_type=\"widget\" data-widget_type=\"image.default\">\n\t\t\t\t<div class=\"elementor-widget-container\">\n\t\t\t\t\t\t\t\t\t\t\t\t\t\t\t<img decoding=\"async\" width=\"660\" height=\"420\" src=\"https:\/\/www.argetek.com.tr\/wp-content\/uploads\/2021\/04\/20200108_133426-660x420.jpg\" class=\"attachment-post-thumbnail size-post-thumbnail wp-image-1246\" alt=\"\" loading=\"lazy\" \/>\t\t\t\t\t\t\t\t\t\t\t\t\t\t\t<\/div>\n\t\t\t\t<\/div>\n\t\t\t\t<div class=\"elementor-element elementor-element-6d86af7 elementor-widget elementor-widget-image\" data-id=\"6d86af7\" data-element_type=\"widget\" data-widget_type=\"image.default\">\n\t\t\t\t<div class=\"elementor-widget-container\">\n\t\t\t\t\t\t\t\t\t\t\t\t\t\t\t<img decoding=\"async\" width=\"660\" height=\"420\" src=\"https:\/\/www.argetek.com.tr\/wp-content\/uploads\/2018\/04\/20180403_162513-e1533292670551-660x420.jpg\" class=\"attachment-post-thumbnail size-post-thumbnail wp-image-469\" alt=\"\" loading=\"lazy\" \/>\t\t\t\t\t\t\t\t\t\t\t\t\t\t\t<\/div>\n\t\t\t\t<\/div>\n\t\t\t\t\t<\/div>\n\t\t<\/div>\n\t\t\t\t\t\t\t<\/div>\n\t\t<\/section>\n\t\t\t\t<section class=\"elementor-section elementor-top-section elementor-element elementor-element-644184b elementor-section-boxed elementor-section-height-default elementor-section-height-default\" data-id=\"644184b\" data-element_type=\"section\">\n\t\t\t\t\t\t<div class=\"elementor-container elementor-column-gap-default\">\n\t\t\t\t\t<div class=\"elementor-column elementor-col-100 elementor-top-column elementor-element elementor-element-6ba2ede\" data-id=\"6ba2ede\" data-element_type=\"column\">\n\t\t\t<div class=\"elementor-widget-wrap elementor-element-populated\">\n\t\t\t\t\t\t\t\t<div class=\"elementor-element elementor-element-1149723 elementor-widget elementor-widget-image\" data-id=\"1149723\" data-element_type=\"widget\" data-widget_type=\"image.default\">\n\t\t\t\t<div class=\"elementor-widget-container\">\n\t\t\t\t\t\t\t\t\t\t\t\t\t\t\t<img decoding=\"async\" width=\"623\" height=\"351\" src=\"https:\/\/www.argetek.com.tr\/wp-content\/uploads\/2018\/04\/Resim2.jpg\" class=\"attachment-post-thumbnail size-post-thumbnail wp-image-465\" alt=\"\" loading=\"lazy\" srcset=\"https:\/\/www.argetek.com.tr\/wp-content\/uploads\/2018\/04\/Resim2.jpg 623w, https:\/\/www.argetek.com.tr\/wp-content\/uploads\/2018\/04\/Resim2-300x169.jpg 300w\" sizes=\"(max-width: 623px) 100vw, 623px\" \/>\t\t\t\t\t\t\t\t\t\t\t\t\t\t\t<\/div>\n\t\t\t\t<\/div>\n\t\t\t\t<div class=\"elementor-element elementor-element-a355ea3 elementor-widget elementor-widget-image\" data-id=\"a355ea3\" data-element_type=\"widget\" data-widget_type=\"image.default\">\n\t\t\t\t<div class=\"elementor-widget-container\">\n\t\t\t\t\t\t\t\t\t\t\t\t\t\t\t<img decoding=\"async\" width=\"660\" height=\"420\" src=\"https:\/\/www.argetek.com.tr\/wp-content\/uploads\/2018\/04\/20171010_200143-660x420.jpg\" class=\"attachment-post-thumbnail size-post-thumbnail wp-image-468\" alt=\"\" loading=\"lazy\" \/>\t\t\t\t\t\t\t\t\t\t\t\t\t\t\t<\/div>\n\t\t\t\t<\/div>\n\t\t\t\t\t<\/div>\n\t\t<\/div>\n\t\t\t\t\t\t\t<\/div>\n\t\t<\/section>\n\t\t\t\t\t\t\t<\/div>","protected":false},"excerpt":{"rendered":"<p>\u00c7e\u015fitli elyaf tipleri, tekstil yap\u0131lar\u0131 ve renklendirme teknikleri i\u00e7in renk tutturma ve matematiksel hesaplama y\u00f6ntemleri ile renk de tutarl\u0131l\u0131\u011f\u0131 sa\u011flamay\u0131 hedefliyoruz. *RENK DE\u011e\u0130\u015e\u0130M\u0130 PART\u0130DE YER ALAN TOPLARIN KEND\u0130 ARASINDA MEYDANA GELEB\u0130L\u0130R. *RENK DE\u011e\u0130\u015e\u0130M\u0130 PART\u0130DE YER ALAN TOPLARIN HER B\u0130R\u0130N\u0130N KEND\u0130 \u0130\u00c7\u0130NDE MEYDANA GELEB\u0130L\u0130R. C-tex colour&#8230;<\/p>","protected":false},"author":1,"featured_media":0,"parent":0,"menu_order":0,"comment_status":"closed","ping_status":"closed","template":"","meta":[],"yoast_head":"<!-- This site is optimized with the Yoast SEO plugin v20.12 - https:\/\/yoast.com\/wordpress\/plugins\/seo\/ -->\n<title>C - Tex - Argetek Ara\u015ft\u0131rma Geli\u015ftirme Ltd. \u015eti.<\/title>\n<meta name=\"robots\" content=\"index, follow, max-snippet:-1, max-image-preview:large, max-video-preview:-1\" \/>\n<link rel=\"canonical\" href=\"https:\/\/www.argetek.com.tr\/en\/c-tex\/\" \/>\n<meta property=\"og:locale\" content=\"en_GB\" \/>\n<meta property=\"og:type\" content=\"article\" \/>\n<meta property=\"og:title\" content=\"C - Tex - Argetek Ara\u015ft\u0131rma Geli\u015ftirme Ltd. \u015eti.\" \/>\n<meta property=\"og:description\" content=\"\u00c7e\u015fitli elyaf tipleri, tekstil yap\u0131lar\u0131 ve renklendirme teknikleri i\u00e7in renk tutturma ve matematiksel hesaplama y\u00f6ntemleri ile renk de tutarl\u0131l\u0131\u011f\u0131 sa\u011flamay\u0131 hedefliyoruz. *RENK DE\u011e\u0130\u015e\u0130M\u0130 PART\u0130DE YER ALAN TOPLARIN KEND\u0130 ARASINDA MEYDANA GELEB\u0130L\u0130R. *RENK DE\u011e\u0130\u015e\u0130M\u0130 PART\u0130DE YER ALAN TOPLARIN HER B\u0130R\u0130N\u0130N KEND\u0130 \u0130\u00c7\u0130NDE MEYDANA GELEB\u0130L\u0130R. C-tex colour...\" \/>\n<meta property=\"og:url\" content=\"https:\/\/www.argetek.com.tr\/en\/c-tex\/\" \/>\n<meta property=\"og:site_name\" content=\"Argetek Ara\u015ft\u0131rma Geli\u015ftirme Ltd. \u015eti.\" \/>\n<meta property=\"article:publisher\" content=\"https:\/\/www.facebook.com\/argeteklimited\" \/>\n<meta property=\"article:modified_time\" content=\"2021-04-28T13:30:08+00:00\" \/>\n<meta property=\"og:image\" content=\"https:\/\/www.argetek.com.tr\/wp-content\/uploads\/2018\/08\/unnamed.png\" \/>\n<meta name=\"twitter:card\" content=\"summary_large_image\" \/>\n<meta name=\"twitter:label1\" content=\"Estimated reading time\" \/>\n\t<meta name=\"twitter:data1\" content=\"2 minutes\" \/>\n<script type=\"application\/ld+json\" class=\"yoast-schema-graph\">{\"@context\":\"https:\/\/schema.org\",\"@graph\":[{\"@type\":\"WebPage\",\"@id\":\"https:\/\/www.argetek.com.tr\/c-tex\/\",\"url\":\"https:\/\/www.argetek.com.tr\/c-tex\/\",\"name\":\"C - Tex - Argetek Ara\u015ft\u0131rma Geli\u015ftirme Ltd. \u015eti.\",\"isPartOf\":{\"@id\":\"https:\/\/www.argetek.com.tr\/#website\"},\"datePublished\":\"2018-04-10T15:58:02+00:00\",\"dateModified\":\"2021-04-28T13:30:08+00:00\",\"breadcrumb\":{\"@id\":\"https:\/\/www.argetek.com.tr\/c-tex\/#breadcrumb\"},\"inLanguage\":\"en-GB\",\"potentialAction\":[{\"@type\":\"ReadAction\",\"target\":[\"https:\/\/www.argetek.com.tr\/c-tex\/\"]}]},{\"@type\":\"BreadcrumbList\",\"@id\":\"https:\/\/www.argetek.com.tr\/c-tex\/#breadcrumb\",\"itemListElement\":[{\"@type\":\"ListItem\",\"position\":1,\"name\":\"Anasayfa\",\"item\":\"https:\/\/www.argetek.com.tr\/\"},{\"@type\":\"ListItem\",\"position\":2,\"name\":\"C &#8211; Tex\"}]},{\"@type\":\"WebSite\",\"@id\":\"https:\/\/www.argetek.com.tr\/#website\",\"url\":\"https:\/\/www.argetek.com.tr\/\",\"name\":\"ARGETEK\",\"description\":\"Renk Fizi\u011fi Dal\u0131nda \u00c7\u00f6z\u00fcm Orta\u011f\u0131n\u0131z..\",\"publisher\":{\"@id\":\"https:\/\/www.argetek.com.tr\/#organization\"},\"potentialAction\":[{\"@type\":\"SearchAction\",\"target\":{\"@type\":\"EntryPoint\",\"urlTemplate\":\"https:\/\/www.argetek.com.tr\/?s={search_term_string}\"},\"query-input\":\"required name=search_term_string\"}],\"inLanguage\":\"en-GB\"},{\"@type\":\"Organization\",\"@id\":\"https:\/\/www.argetek.com.tr\/#organization\",\"name\":\"ARGETEK\",\"url\":\"https:\/\/www.argetek.com.tr\/\",\"logo\":{\"@type\":\"ImageObject\",\"inLanguage\":\"en-GB\",\"@id\":\"https:\/\/www.argetek.com.tr\/#\/schema\/logo\/image\/\",\"url\":\"https:\/\/www.argetek.com.tr\/wp-content\/uploads\/2021\/04\/Argetek-Logo.ico\",\"contentUrl\":\"https:\/\/www.argetek.com.tr\/wp-content\/uploads\/2021\/04\/Argetek-Logo.ico\",\"width\":1,\"height\":68,\"caption\":\"ARGETEK\"},\"image\":{\"@id\":\"https:\/\/www.argetek.com.tr\/#\/schema\/logo\/image\/\"},\"sameAs\":[\"https:\/\/www.facebook.com\/argeteklimited\",\"https:\/\/www.instagram.com\/argeteklimited\/\",\"https:\/\/tr.linkedin.com\/company\/argetek-ltd\"]}]}<\/script>\n<!-- \/ Yoast SEO plugin. -->","yoast_head_json":{"title":"C - Tex - Argetek Ara\u015ft\u0131rma Geli\u015ftirme Ltd. \u015eti.","robots":{"index":"index","follow":"follow","max-snippet":"max-snippet:-1","max-image-preview":"max-image-preview:large","max-video-preview":"max-video-preview:-1"},"canonical":"https:\/\/www.argetek.com.tr\/en\/c-tex\/","og_locale":"en_GB","og_type":"article","og_title":"C - Tex - Argetek Ara\u015ft\u0131rma Geli\u015ftirme Ltd. \u015eti.","og_description":"\u00c7e\u015fitli elyaf tipleri, tekstil yap\u0131lar\u0131 ve renklendirme teknikleri i\u00e7in renk tutturma ve matematiksel hesaplama y\u00f6ntemleri ile renk de tutarl\u0131l\u0131\u011f\u0131 sa\u011flamay\u0131 hedefliyoruz. *RENK DE\u011e\u0130\u015e\u0130M\u0130 PART\u0130DE YER ALAN TOPLARIN KEND\u0130 ARASINDA MEYDANA GELEB\u0130L\u0130R. *RENK DE\u011e\u0130\u015e\u0130M\u0130 PART\u0130DE YER ALAN TOPLARIN HER B\u0130R\u0130N\u0130N KEND\u0130 \u0130\u00c7\u0130NDE MEYDANA GELEB\u0130L\u0130R. C-tex colour...","og_url":"https:\/\/www.argetek.com.tr\/en\/c-tex\/","og_site_name":"Argetek Ara\u015ft\u0131rma Geli\u015ftirme Ltd. \u015eti.","article_publisher":"https:\/\/www.facebook.com\/argeteklimited","article_modified_time":"2021-04-28T13:30:08+00:00","og_image":[{"url":"https:\/\/www.argetek.com.tr\/wp-content\/uploads\/2018\/08\/unnamed.png"}],"twitter_card":"summary_large_image","twitter_misc":{"Estimated reading time":"2 minutes"},"schema":{"@context":"https:\/\/schema.org","@graph":[{"@type":"WebPage","@id":"https:\/\/www.argetek.com.tr\/c-tex\/","url":"https:\/\/www.argetek.com.tr\/c-tex\/","name":"C - Tex - Argetek Ara\u015ft\u0131rma Geli\u015ftirme Ltd. \u015eti.","isPartOf":{"@id":"https:\/\/www.argetek.com.tr\/#website"},"datePublished":"2018-04-10T15:58:02+00:00","dateModified":"2021-04-28T13:30:08+00:00","breadcrumb":{"@id":"https:\/\/www.argetek.com.tr\/c-tex\/#breadcrumb"},"inLanguage":"en-GB","potentialAction":[{"@type":"ReadAction","target":["https:\/\/www.argetek.com.tr\/c-tex\/"]}]},{"@type":"BreadcrumbList","@id":"https:\/\/www.argetek.com.tr\/c-tex\/#breadcrumb","itemListElement":[{"@type":"ListItem","position":1,"name":"Anasayfa","item":"https:\/\/www.argetek.com.tr\/"},{"@type":"ListItem","position":2,"name":"C &#8211; Tex"}]},{"@type":"WebSite","@id":"https:\/\/www.argetek.com.tr\/#website","url":"https:\/\/www.argetek.com.tr\/","name":"ARGETEK","description":"Renk Fizi\u011fi Dal\u0131nda \u00c7\u00f6z\u00fcm Orta\u011f\u0131n\u0131z..","publisher":{"@id":"https:\/\/www.argetek.com.tr\/#organization"},"potentialAction":[{"@type":"SearchAction","target":{"@type":"EntryPoint","urlTemplate":"https:\/\/www.argetek.com.tr\/?s={search_term_string}"},"query-input":"required name=search_term_string"}],"inLanguage":"en-GB"},{"@type":"Organization","@id":"https:\/\/www.argetek.com.tr\/#organization","name":"ARGETEK","url":"https:\/\/www.argetek.com.tr\/","logo":{"@type":"ImageObject","inLanguage":"en-GB","@id":"https:\/\/www.argetek.com.tr\/#\/schema\/logo\/image\/","url":"https:\/\/www.argetek.com.tr\/wp-content\/uploads\/2021\/04\/Argetek-Logo.ico","contentUrl":"https:\/\/www.argetek.com.tr\/wp-content\/uploads\/2021\/04\/Argetek-Logo.ico","width":1,"height":68,"caption":"ARGETEK"},"image":{"@id":"https:\/\/www.argetek.com.tr\/#\/schema\/logo\/image\/"},"sameAs":["https:\/\/www.facebook.com\/argeteklimited","https:\/\/www.instagram.com\/argeteklimited\/","https:\/\/tr.linkedin.com\/company\/argetek-ltd"]}]}},"amp_enabled":true,"_links":{"self":[{"href":"https:\/\/www.argetek.com.tr\/en\/wp-json\/wp\/v2\/pages\/149"}],"collection":[{"href":"https:\/\/www.argetek.com.tr\/en\/wp-json\/wp\/v2\/pages"}],"about":[{"href":"https:\/\/www.argetek.com.tr\/en\/wp-json\/wp\/v2\/types\/page"}],"author":[{"embeddable":true,"href":"https:\/\/www.argetek.com.tr\/en\/wp-json\/wp\/v2\/users\/1"}],"replies":[{"embeddable":true,"href":"https:\/\/www.argetek.com.tr\/en\/wp-json\/wp\/v2\/comments?post=149"}],"version-history":[{"count":22,"href":"https:\/\/www.argetek.com.tr\/en\/wp-json\/wp\/v2\/pages\/149\/revisions"}],"predecessor-version":[{"id":1326,"href":"https:\/\/www.argetek.com.tr\/en\/wp-json\/wp\/v2\/pages\/149\/revisions\/1326"}],"wp:attachment":[{"href":"https:\/\/www.argetek.com.tr\/en\/wp-json\/wp\/v2\/media?parent=149"}],"curies":[{"name":"wp","href":"https:\/\/api.w.org\/{rel}","templated":true}]}}