{"id":1187,"date":"2021-04-13T11:50:06","date_gmt":"2021-04-13T11:50:06","guid":{"rendered":"http:\/\/www.argetek.com.tr\/?page_id=1187"},"modified":"2021-06-09T20:22:12","modified_gmt":"2021-06-09T20:22:12","slug":"argetek","status":"publish","type":"page","link":"https:\/\/www.argetek.com.tr\/en\/argetek\/","title":{"rendered":"ARGETEK"},"content":{"rendered":"<figure><img decoding=\"async\" src=\"https:\/\/www.argetek.com.tr\/wp-content\/uploads\/2018\/08\/2017-02-22-10.35.38-660x420.png\" alt=\"2017-02-22 10.35.38\"><\/figure>\n<figure><img decoding=\"async\" src=\"https:\/\/www.argetek.com.tr\/wp-content\/uploads\/2018\/04\/20180403_162513-e1533292670551-660x420.jpg\" alt=\"20180403_162513\"><\/figure>\n<figure><img decoding=\"async\" src=\"https:\/\/www.argetek.com.tr\/wp-content\/uploads\/2018\/04\/20171010_200143-660x420.jpg\" alt=\"20171010_200143\"><\/figure>\n<figure><img decoding=\"async\" src=\"https:\/\/www.argetek.com.tr\/wp-content\/uploads\/2018\/04\/20161024_142755-660x420.jpg\" alt=\"20161024_142755\"><\/figure>\n<figure><img decoding=\"async\" src=\"https:\/\/www.argetek.com.tr\/wp-content\/uploads\/2018\/04\/maxresdefault-660x420.jpg\" alt=\"maxresdefault\"><\/figure>\n<p>Previous<br \/>\nNext<br \/>\n<a href=\"https:\/\/www.argetek.com.tr\/en\/spektrofotometre\/\"><br \/>\n<img decoding=\"async\" width=\"660\" height=\"420\" src=\"https:\/\/www.argetek.com.tr\/wp-content\/uploads\/2018\/08\/3600a-e1456390195174-660x420.jpg\" alt=\"\" loading=\"lazy\">\t\t\t\t\t\t\t\t<\/a><\/p>\n<h3>Desktop &amp; Portable Spectrophotometers&nbsp;<\/h3>\n<p style=\"color: #8d8d8d; font-family: Montserrat;\">\n<p style=\"color: #7a7a7a;\">\n<h2>&nbsp;It is a versatile benchtop spectrophotometer designed to meet the color measurement needs of R&amp;D and production users. The instrument offers precise color data on solid and liquid samples of all varieties; it can even measure turbidity. Portable spherical spectrophotometers with horizontal alignment, best suited for color measurement of flat or large samples. This model uses the patented numerical gloss control (NGC) that presents measurement data with both inclusive (SCI) and excluding (SCE) surface conditions in a single measurement sequence.<\/h2>\n<p><a href=\"https:\/\/www.argetek.com.tr\/en\/colormission-plus\/\"><br \/>\n<img decoding=\"async\" width=\"660\" height=\"420\" src=\"https:\/\/www.argetek.com.tr\/wp-content\/uploads\/2018\/04\/42-D\u00fczeltme-Re\u00e7etesi-660x420.jpg\" alt=\"\" loading=\"lazy\">\t\t\t\t\t\t\t\t<\/a><\/p>\n<h3 style=\"text-align: center;\">Argetek \/ ColorMission Plus<\/h3>\n<h4 style=\"text-align: center;\"><i>Recipe and Formulation Software<\/i><\/h4>\n<h2>ColorMission, Argetek taraf\u0131ndan \u00fcretilen bir yaz\u0131l\u0131mlar grubunun genel ad\u0131d\u0131r.&nbsp;Otomatik Re\u00e7ete hesaplama \u00f6zelli\u011fi, laboratuvar i\u00e7in d\u00fczeltme re\u00e7etesi hesaplama \u00f6zelli\u011fi,&nbsp;\u0130\u015fletme i\u00e7in ilave \/ tamir re\u00e7etesi hesaplama \u00f6zelli\u011fi, el ile re\u00e7ete d\u00fczenleme ekran\u0131,&nbsp;\u201cSmart Recipe\u201d \u00f6zelli\u011fi,&nbsp;s\u0131n\u0131rs\u0131z Ar\u015fivleme, ar\u015fivden renk yada re\u00e7ete taramas\u0131 yapabilme, el ile ile ar\u015five re\u00e7ete kayd\u0131 yapabilme \u00f6zelli\u011fi gibi bir \u00e7ok \u00f6zellik mevcuttur.&nbsp;<\/h2>\n<p><a href=\"https:\/\/www.argetek.com.tr\/en\/p-color\/\"><br \/>\n<img decoding=\"async\" width=\"660\" height=\"321\" src=\"https:\/\/www.argetek.com.tr\/wp-content\/uploads\/2018\/04\/5.bmp\" alt=\"\" loading=\"lazy\">\t\t\t\t\t\t\t\t<\/a><\/p>\n<h3>P-Color<\/h3>\n<h3>Textile printing, pigment recipe calculation, archiving and quality control software, making and monitoring opening studies for all pigments \/ dyestuffs, calculating recipes for all colors in the color chart \/ pantone, performing quality controls for all recipes created, archiving measured colors by filing separately. Customer-specific software, Turkish English language support, company-specific screen preparation with the customer's company logo, entering the recipes created with the dyes saved in the program with the color chart\/pantone codes, displaying the recipe with Base \/ Serie \/ Color Group \/ Color No \/ Amount \/ Unit  and more\u2026 P-Color is our program that produces solutions in many areas such as the creation of screens.<\/h3>\n<p><a href=\"https:\/\/www.argetek.com.tr\/en\/otomasyon\/\"><br \/>\n<img decoding=\"async\" width=\"660\" height=\"420\" src=\"https:\/\/www.argetek.com.tr\/wp-content\/uploads\/2018\/03\/IMG_3921-660x420.jpg\" alt=\"\" loading=\"lazy\">\t\t\t\t\t\t\t\t<\/a><\/p>\n<h3 style=\"text-align: center;\">Dye-Chemical Weighing and Dosing Automations<\/h3>\n<h3 style=\"text-align: center;\">While dealing with sectoral solutions, which also continues to observe what is needed in the sector, Argetek has developed systems related to fully automatic chemical, salt and soda dosing automation and paint dissolving unit, which it has introduced to the market under the name \"AutoMission\".\n\nThen, for those who are looking for a simpler but at the same time reliable system at more reasonable prices, it has developed and added semi-automatic and barcode supported dye-chemical weighing systems, which it calls \"TartMission\", to its product portfolio.<\/h3>\n<p style=\"color: rgb(122, 122, 122);\">\n<p>\t\t\t\t\t\t\t\t\t\t\t\t\t\t\t\t<a href=\"https:\/\/www.argetek.com.tr\/en\/c-tex\/\"><br \/>\n<img decoding=\"async\" width=\"660\" height=\"420\" src=\"https:\/\/www.argetek.com.tr\/wp-content\/uploads\/2018\/08\/2017-02-22-10.35.38-660x420.png\" alt=\"\" loading=\"lazy\">\t\t\t\t\t\t\t\t<\/a><\/p>\n<h3>C-Tex<\/h3>\n<p style=\"margin-bottom: 10px; color: #8d8d8d; font-size: 14px; font-weight: 400;\">We aim to provide color consistency with color fastening and mathematical calculation methods for various fiber types, textile structures and coloring techniques.<\/p>\n<p style=\"margin-bottom: 10px; color: #8d8d8d; font-size: 14px; font-weight: 400;\">C-tex Colour control system monitors the color along the length of the fabric as well as controls the color from 3 points along its width.\nIt can be used in quality control machines or any continuous process machine.<\/p>\n<p style=\"margin-bottom: 10px; color: #8d8d8d; font-size: 14px; font-weight: 400;\">C-tex color makes automatic lotting of all your fabric balls according to the color differences that occur in the lot. We can see individual color maps for each ball with C-tex colour. We use red (remaining) \/ yellow (control) \/ green (pass) traffic light protocol in color maps and c-tex color system detects and reports color errors online throughout the entire fabric with the specified DE limits. As a result, we can also obtain a cut map.<\/p>\n<p style=\"margin-bottom: 10px; color: #8d8d8d; font-size: 14px; font-weight: 400;\">\n<p style=\"margin-bottom: 10px; color: #8d8d8d; font-size: 14px; font-weight: 400;\">\n<p>\t\t\t\t\t\t\t\t\t\t\t\t<a href=\"\">Spectrophotometer<\/a><\/p>\n<p>&nbsp;It is a versatile benchtop spectrophotometer designed to meet the color measurement needs of R&amp;D and production users. The instrument offers precise color data on solid and liquid samples of all varieties; it can even measure turbidity. Portable spherical spectrophotometers with horizontal alignment, best suited for color measurement of flat or large samples. This model uses the patented numerical gloss control (NGC) that presents measurement data with both inclusive (SCI) and excluding (SCE) surface conditions in a single measurement sequence.<\/p>\n<blockquote data-secret=\"A63k48p4Um\"><p><a href=\"https:\/\/www.argetek.com.tr\/en\/spektrofotometre\/\">Spectrophotometer<\/a><\/p><\/blockquote>\n<p><iframe sandbox=\"allow-scripts\" security=\"restricted\" style=\"position: absolute; clip: rect(1px, 1px, 1px, 1px);\" title=\"\u201cSpektrofotometre\u201d \u2014 ARGETEK\" src=\"http:\/\/www.argetek.com.tr\/spektrofotometre\/embed\/#?secret=A63k48p4Um\" data-secret=\"A63k48p4Um\" width=\"500\" height=\"282\" frameborder=\"0\" marginwidth=\"0\" marginheight=\"0\" scrolling=\"no\"><\/iframe><\/p>\n<p><a href=\"\">ColorMission<\/a><\/p>\n<p>ColorMission, Argetek taraf\u0131ndan \u00fcretilen bir yaz\u0131l\u0131mlar grubunun genel ad\u0131d\u0131r.&nbsp;Otomatik Re\u00e7ete hesaplama \u00f6zelli\u011fi, laboratuvar i\u00e7in d\u00fczeltme re\u00e7etesi hesaplama \u00f6zelli\u011fi,&nbsp;\u0130\u015fletme i\u00e7in ilave \/ tamir re\u00e7etesi hesaplama \u00f6zelli\u011fi, el ile re\u00e7ete d\u00fczenleme ekran\u0131,&nbsp;\u201cSmart Recipe\u201d \u00f6zelli\u011fi,&nbsp;s\u0131n\u0131rs\u0131z Ar\u015fivleme, ar\u015fivden renk yada re\u00e7ete taramas\u0131 yapabilme, el ile ile ar\u015five re\u00e7ete kayd\u0131 yapabilme \u00f6zelli\u011fi gibi bir \u00e7ok \u00f6zellik mevcuttur.&nbsp;<\/p>\n<p>&nbsp;http:\/\/www.argetek.com.tr\/colormission\/<\/p>\n<p><a href=\"\">P &#8211; Color<\/a><\/p>\n<p>Textile printing, pigment recipe calculation, archiving and quality control software, making and monitoring opening studies for all pigments \/ dyestuffs, calculating recipes for all colors in the color chart \/ pantone, performing quality controls for all recipes created, archiving measured colors by filing separately. Customer-specific software, Turkish English language support, company-specific screen preparation with the customer's company logo, entering the recipes created with the dyes saved in the program with the color chart\/pantone codes, displaying the recipe with Base \/ Serie \/ Color Group \/ Color No \/ Amount \/ Unit  and more\u2026 P-Color is our program that produces solutions in many areas such as the creation of screens.<\/p>\n<blockquote data-secret=\"WNC51FQ4uv\"><p><a href=\"https:\/\/www.argetek.com.tr\/en\/p-color\/\">P-Color<\/a><\/p><\/blockquote>\n<p><iframe sandbox=\"allow-scripts\" security=\"restricted\" style=\"position: absolute; clip: rect(1px, 1px, 1px, 1px);\" title=\"\u201cP-Color\u201d \u2014 ARGETEK\" src=\"http:\/\/www.argetek.com.tr\/p-color\/embed\/#?secret=WNC51FQ4uv\" data-secret=\"WNC51FQ4uv\" width=\"500\" height=\"282\" frameborder=\"0\" marginwidth=\"0\" marginheight=\"0\" scrolling=\"no\"><\/iframe><\/p>\n<p><a href=\"\">Automation<\/a><\/p>\n<p>While dealing with sectoral solutions, which also continues to observe what is needed in the sector, Argetek has developed systems related to fully automatic chemical, salt and soda dosing automation and paint dissolving unit, which it has introduced to the market under the name \"AutoMission\".\n\nThen, for those who are looking for a simpler but at the same time reliable system at more reasonable prices, it has developed and added semi-automatic and barcode supported dye-chemical weighing systems, which it calls \"TartMission\", to its product portfolio.<\/p>\n<p>\u2013 Yar\u0131\/Tam otomatik boya mutfa\u011f\u0131<\/p>\n<p>\u2013 Kimyasal otomasyonu<\/p>\n<p>\u2013 Tuz-Soda otomasyonu<\/p>\n<p>\u2013 Boya \u00e7\u00f6zme \u2013 da\u011f\u0131t\u0131m otomasyonu<\/p>\n<blockquote class=\"wp-embedded-content\" data-secret=\"3OSjHz1UIf\"><p><a href=\"https:\/\/www.argetek.com.tr\/en\/otomasyon\/\">Automation<\/a><\/p><\/blockquote>\n<p><iframe class=\"wp-embedded-content\" sandbox=\"allow-scripts\" security=\"restricted\" style=\"position: absolute; clip: rect(1px, 1px, 1px, 1px);\" title=\"&#8220;Otomasyon&#8221; &#8212; ARGETEK\" src=\"http:\/\/www.argetek.com.tr\/otomasyon\/embed\/#?secret=3OSjHz1UIf\" data-secret=\"3OSjHz1UIf\" width=\"500\" height=\"282\" frameborder=\"0\" marginwidth=\"0\" marginheight=\"0\" scrolling=\"no\"><\/iframe><\/p>\n<p><a href=\"https:\/\/www.argetek.com.tr\/en\/spektrofotometre\/\"><br \/>\n<img decoding=\"async\" width=\"660\" height=\"420\" src=\"https:\/\/www.argetek.com.tr\/wp-content\/uploads\/2018\/08\/3600a-e1456390195174-660x420.jpg\" alt=\"\" loading=\"lazy\">\t\t\t\t\t\t\t\t<\/a><\/p>\n<h3>Desktop &amp; Portable Spectrophotometers&nbsp;<\/h3>\n<h2>&nbsp;It is a versatile benchtop spectrophotometer designed to meet the color measurement needs of R&amp;D and production users. The instrument offers precise color data on solid and liquid samples of all varieties; it can even measure turbidity. Portable spherical spectrophotometers with horizontal alignment, best suited for color measurement of flat or large samples. This model uses the patented numerical gloss control (NGC) that presents measurement data with both inclusive (SCI) and excluding (SCE) surface conditions in a single measurement sequence.<\/h2>\n<p><a href=\"https:\/\/www.argetek.com.tr\/en\/colormission-plus\/\"><br \/>\n<img decoding=\"async\" width=\"660\" height=\"420\" src=\"https:\/\/www.argetek.com.tr\/wp-content\/uploads\/2018\/04\/42-D\u00fczeltme-Re\u00e7etesi-660x420.jpg\" alt=\"\" loading=\"lazy\">\t\t\t\t\t\t\t\t<\/a><\/p>\n<h3 style=\"text-align: center;\">Argetek \/ ColorMission<\/h3>\n<h4 style=\"text-align: center;\"><i>Recipe and Formulation Software<\/i><\/h4>\n<h2>ColorMission, Argetek taraf\u0131ndan \u00fcretilen bir yaz\u0131l\u0131mlar grubunun genel ad\u0131d\u0131r.&nbsp;Otomatik Re\u00e7ete hesaplama \u00f6zelli\u011fi, laboratuvar i\u00e7in d\u00fczeltme re\u00e7etesi hesaplama \u00f6zelli\u011fi,&nbsp;\u0130\u015fletme i\u00e7in ilave \/ tamir re\u00e7etesi hesaplama \u00f6zelli\u011fi, el ile re\u00e7ete d\u00fczenleme ekran\u0131,&nbsp;\u201cSmart Recipe\u201d \u00f6zelli\u011fi,&nbsp;s\u0131n\u0131rs\u0131z Ar\u015fivleme, ar\u015fivden renk yada re\u00e7ete taramas\u0131 yapabilme, el ile ile ar\u015five re\u00e7ete kayd\u0131 yapabilme \u00f6zelli\u011fi gibi bir \u00e7ok \u00f6zellik mevcuttur.&nbsp;<\/h2>\n<p><a href=\"https:\/\/www.argetek.com.tr\/en\/c-tex\/\"><br \/>\n<img decoding=\"async\" width=\"660\" height=\"420\" src=\"https:\/\/www.argetek.com.tr\/wp-content\/uploads\/2018\/08\/2017-02-22-10.35.38-660x420.png\" alt=\"\" loading=\"lazy\">\t\t\t\t\t\t\t\t<\/a><\/p>\n<h3>C-Tex<\/h3>\n<p style=\"margin-bottom: 10px; color: #8d8d8d; font-size: 14px; font-weight: 400;\">We aim to provide color consistency with color fastening and mathematical calculation methods for various fiber types, textile structures and coloring techniques.<\/p>\n<p style=\"margin-bottom: 10px; color: #8d8d8d; font-size: 14px; font-weight: 400;\">C-tex Colour control system monitors the color along the length of the fabric as well as controls the color from 3 points along its width.\nIt can be used in quality control machines or any continuous process machine.<\/p>\n<p style=\"margin-bottom: 10px; color: #8d8d8d; font-size: 14px; font-weight: 400;\">C-tex color makes automatic lotting of all your fabric balls according to the color differences that occur in the lot. We can see individual color maps for each ball with C-tex colour. We use red (remaining) \/ yellow (control) \/ green (pass) traffic light protocol in color maps and c-tex color system detects and reports color errors online throughout the entire fabric with the specified DE limits. As a result, we can also obtain a cut map.<\/p>\n<p style=\"margin-bottom: 10px; color: #8d8d8d; font-size: 14px; font-weight: 400;\">\n<p style=\"margin-bottom: 10px; color: #8d8d8d; font-size: 14px; font-weight: 400;\">","protected":false},"excerpt":{"rendered":"<p>Previous Next Masa\u00fcst\u00fc ve Ta\u015f\u0131nabilir Spektrofotometreler&nbsp; &nbsp;ARGE ve \u00fcretim kullan\u0131c\u0131lar\u0131n\u0131n renk \u00f6l\u00e7\u00fcm ihtiya\u00e7lar\u0131n\u0131 kar\u015f\u0131lamak \u00fczere tasarlanm\u0131\u015f, \u00e7ok y\u00f6nl\u00fc bir masa\u00fcst\u00fc spektrofotometredir. Cihaz t\u00fcm \u00e7e\u015fitlerde kat\u0131 ve s\u0131v\u0131 numunelerinde hassas renk verisi sunar; hatta bulan\u0131kl\u0131k \u00f6l\u00e7\u00fcm\u00fc bile yapabilir. D\u00fcz veya geni\u015f numunelerin renk \u00f6l\u00e7\u00fcm\u00fc i\u00e7in en&#8230;<\/p>","protected":false},"author":3,"featured_media":0,"parent":0,"menu_order":0,"comment_status":"closed","ping_status":"closed","template":"","meta":[],"yoast_head":"<!-- This site is optimized with the Yoast SEO plugin v20.12 - https:\/\/yoast.com\/wordpress\/plugins\/seo\/ -->\n<title>ARGETEK - Argetek Ara\u015ft\u0131rma Geli\u015ftirme Ltd. \u015eti.<\/title>\n<meta name=\"robots\" content=\"index, follow, max-snippet:-1, max-image-preview:large, max-video-preview:-1\" \/>\n<link rel=\"canonical\" href=\"https:\/\/www.argetek.com.tr\/en\/argetek\/\" \/>\n<meta property=\"og:locale\" content=\"en_GB\" \/>\n<meta property=\"og:type\" content=\"article\" \/>\n<meta property=\"og:title\" content=\"ARGETEK - Argetek Ara\u015ft\u0131rma Geli\u015ftirme Ltd. \u015eti.\" \/>\n<meta property=\"og:description\" content=\"Previous Next Masa\u00fcst\u00fc ve Ta\u015f\u0131nabilir Spektrofotometreler&nbsp; &nbsp;ARGE ve \u00fcretim kullan\u0131c\u0131lar\u0131n\u0131n renk \u00f6l\u00e7\u00fcm ihtiya\u00e7lar\u0131n\u0131 kar\u015f\u0131lamak \u00fczere tasarlanm\u0131\u015f, \u00e7ok y\u00f6nl\u00fc bir masa\u00fcst\u00fc spektrofotometredir. Cihaz t\u00fcm \u00e7e\u015fitlerde kat\u0131 ve s\u0131v\u0131 numunelerinde hassas renk verisi sunar; hatta bulan\u0131kl\u0131k \u00f6l\u00e7\u00fcm\u00fc bile yapabilir. D\u00fcz veya geni\u015f numunelerin renk \u00f6l\u00e7\u00fcm\u00fc i\u00e7in en...\" \/>\n<meta property=\"og:url\" content=\"https:\/\/www.argetek.com.tr\/en\/argetek\/\" \/>\n<meta property=\"og:site_name\" content=\"Argetek Ara\u015ft\u0131rma Geli\u015ftirme Ltd. \u015eti.\" \/>\n<meta property=\"article:publisher\" content=\"https:\/\/www.facebook.com\/argeteklimited\" \/>\n<meta property=\"article:modified_time\" content=\"2021-06-09T20:22:12+00:00\" \/>\n<meta property=\"og:image\" content=\"https:\/\/www.argetek.com.tr\/wp-content\/uploads\/2018\/08\/2017-02-22-10.35.38-660x420.png\" \/>\n<meta name=\"twitter:card\" content=\"summary_large_image\" \/>\n<meta name=\"twitter:label1\" content=\"Estimated reading time\" \/>\n\t<meta name=\"twitter:data1\" content=\"7 minutes\" \/>\n<script type=\"application\/ld+json\" class=\"yoast-schema-graph\">{\"@context\":\"https:\/\/schema.org\",\"@graph\":[{\"@type\":\"WebPage\",\"@id\":\"https:\/\/www.argetek.com.tr\/argetek\/\",\"url\":\"https:\/\/www.argetek.com.tr\/argetek\/\",\"name\":\"ARGETEK - Argetek Ara\u015ft\u0131rma Geli\u015ftirme Ltd. \u015eti.\",\"isPartOf\":{\"@id\":\"https:\/\/www.argetek.com.tr\/#website\"},\"datePublished\":\"2021-04-13T11:50:06+00:00\",\"dateModified\":\"2021-06-09T20:22:12+00:00\",\"breadcrumb\":{\"@id\":\"https:\/\/www.argetek.com.tr\/argetek\/#breadcrumb\"},\"inLanguage\":\"en-GB\",\"potentialAction\":[{\"@type\":\"ReadAction\",\"target\":[\"https:\/\/www.argetek.com.tr\/argetek\/\"]}]},{\"@type\":\"BreadcrumbList\",\"@id\":\"https:\/\/www.argetek.com.tr\/argetek\/#breadcrumb\",\"itemListElement\":[{\"@type\":\"ListItem\",\"position\":1,\"name\":\"Anasayfa\",\"item\":\"https:\/\/www.argetek.com.tr\/\"},{\"@type\":\"ListItem\",\"position\":2,\"name\":\"ARGETEK\"}]},{\"@type\":\"WebSite\",\"@id\":\"https:\/\/www.argetek.com.tr\/#website\",\"url\":\"https:\/\/www.argetek.com.tr\/\",\"name\":\"ARGETEK\",\"description\":\"Renk Fizi\u011fi Dal\u0131nda \u00c7\u00f6z\u00fcm Orta\u011f\u0131n\u0131z..\",\"publisher\":{\"@id\":\"https:\/\/www.argetek.com.tr\/#organization\"},\"potentialAction\":[{\"@type\":\"SearchAction\",\"target\":{\"@type\":\"EntryPoint\",\"urlTemplate\":\"https:\/\/www.argetek.com.tr\/?s={search_term_string}\"},\"query-input\":\"required name=search_term_string\"}],\"inLanguage\":\"en-GB\"},{\"@type\":\"Organization\",\"@id\":\"https:\/\/www.argetek.com.tr\/#organization\",\"name\":\"ARGETEK\",\"url\":\"https:\/\/www.argetek.com.tr\/\",\"logo\":{\"@type\":\"ImageObject\",\"inLanguage\":\"en-GB\",\"@id\":\"https:\/\/www.argetek.com.tr\/#\/schema\/logo\/image\/\",\"url\":\"https:\/\/www.argetek.com.tr\/wp-content\/uploads\/2021\/04\/Argetek-Logo.ico\",\"contentUrl\":\"https:\/\/www.argetek.com.tr\/wp-content\/uploads\/2021\/04\/Argetek-Logo.ico\",\"width\":1,\"height\":68,\"caption\":\"ARGETEK\"},\"image\":{\"@id\":\"https:\/\/www.argetek.com.tr\/#\/schema\/logo\/image\/\"},\"sameAs\":[\"https:\/\/www.facebook.com\/argeteklimited\",\"https:\/\/www.instagram.com\/argeteklimited\/\",\"https:\/\/tr.linkedin.com\/company\/argetek-ltd\"]}]}<\/script>\n<!-- \/ Yoast SEO plugin. -->","yoast_head_json":{"title":"ARGETEK - Argetek Ara\u015ft\u0131rma Geli\u015ftirme Ltd. \u015eti.","robots":{"index":"index","follow":"follow","max-snippet":"max-snippet:-1","max-image-preview":"max-image-preview:large","max-video-preview":"max-video-preview:-1"},"canonical":"https:\/\/www.argetek.com.tr\/en\/argetek\/","og_locale":"en_GB","og_type":"article","og_title":"ARGETEK - Argetek Ara\u015ft\u0131rma Geli\u015ftirme Ltd. \u015eti.","og_description":"Previous Next Masa\u00fcst\u00fc ve Ta\u015f\u0131nabilir Spektrofotometreler&nbsp; &nbsp;ARGE ve \u00fcretim kullan\u0131c\u0131lar\u0131n\u0131n renk \u00f6l\u00e7\u00fcm ihtiya\u00e7lar\u0131n\u0131 kar\u015f\u0131lamak \u00fczere tasarlanm\u0131\u015f, \u00e7ok y\u00f6nl\u00fc bir masa\u00fcst\u00fc spektrofotometredir. Cihaz t\u00fcm \u00e7e\u015fitlerde kat\u0131 ve s\u0131v\u0131 numunelerinde hassas renk verisi sunar; hatta bulan\u0131kl\u0131k \u00f6l\u00e7\u00fcm\u00fc bile yapabilir. D\u00fcz veya geni\u015f numunelerin renk \u00f6l\u00e7\u00fcm\u00fc i\u00e7in en...","og_url":"https:\/\/www.argetek.com.tr\/en\/argetek\/","og_site_name":"Argetek Ara\u015ft\u0131rma Geli\u015ftirme Ltd. \u015eti.","article_publisher":"https:\/\/www.facebook.com\/argeteklimited","article_modified_time":"2021-06-09T20:22:12+00:00","og_image":[{"url":"https:\/\/www.argetek.com.tr\/wp-content\/uploads\/2018\/08\/2017-02-22-10.35.38-660x420.png"}],"twitter_card":"summary_large_image","twitter_misc":{"Estimated reading time":"7 minutes"},"schema":{"@context":"https:\/\/schema.org","@graph":[{"@type":"WebPage","@id":"https:\/\/www.argetek.com.tr\/argetek\/","url":"https:\/\/www.argetek.com.tr\/argetek\/","name":"ARGETEK - Argetek Ara\u015ft\u0131rma Geli\u015ftirme Ltd. \u015eti.","isPartOf":{"@id":"https:\/\/www.argetek.com.tr\/#website"},"datePublished":"2021-04-13T11:50:06+00:00","dateModified":"2021-06-09T20:22:12+00:00","breadcrumb":{"@id":"https:\/\/www.argetek.com.tr\/argetek\/#breadcrumb"},"inLanguage":"en-GB","potentialAction":[{"@type":"ReadAction","target":["https:\/\/www.argetek.com.tr\/argetek\/"]}]},{"@type":"BreadcrumbList","@id":"https:\/\/www.argetek.com.tr\/argetek\/#breadcrumb","itemListElement":[{"@type":"ListItem","position":1,"name":"Anasayfa","item":"https:\/\/www.argetek.com.tr\/"},{"@type":"ListItem","position":2,"name":"ARGETEK"}]},{"@type":"WebSite","@id":"https:\/\/www.argetek.com.tr\/#website","url":"https:\/\/www.argetek.com.tr\/","name":"ARGETEK","description":"Renk Fizi\u011fi Dal\u0131nda \u00c7\u00f6z\u00fcm Orta\u011f\u0131n\u0131z..","publisher":{"@id":"https:\/\/www.argetek.com.tr\/#organization"},"potentialAction":[{"@type":"SearchAction","target":{"@type":"EntryPoint","urlTemplate":"https:\/\/www.argetek.com.tr\/?s={search_term_string}"},"query-input":"required name=search_term_string"}],"inLanguage":"en-GB"},{"@type":"Organization","@id":"https:\/\/www.argetek.com.tr\/#organization","name":"ARGETEK","url":"https:\/\/www.argetek.com.tr\/","logo":{"@type":"ImageObject","inLanguage":"en-GB","@id":"https:\/\/www.argetek.com.tr\/#\/schema\/logo\/image\/","url":"https:\/\/www.argetek.com.tr\/wp-content\/uploads\/2021\/04\/Argetek-Logo.ico","contentUrl":"https:\/\/www.argetek.com.tr\/wp-content\/uploads\/2021\/04\/Argetek-Logo.ico","width":1,"height":68,"caption":"ARGETEK"},"image":{"@id":"https:\/\/www.argetek.com.tr\/#\/schema\/logo\/image\/"},"sameAs":["https:\/\/www.facebook.com\/argeteklimited","https:\/\/www.instagram.com\/argeteklimited\/","https:\/\/tr.linkedin.com\/company\/argetek-ltd"]}]}},"amp_enabled":true,"_links":{"self":[{"href":"https:\/\/www.argetek.com.tr\/en\/wp-json\/wp\/v2\/pages\/1187"}],"collection":[{"href":"https:\/\/www.argetek.com.tr\/en\/wp-json\/wp\/v2\/pages"}],"about":[{"href":"https:\/\/www.argetek.com.tr\/en\/wp-json\/wp\/v2\/types\/page"}],"author":[{"embeddable":true,"href":"https:\/\/www.argetek.com.tr\/en\/wp-json\/wp\/v2\/users\/3"}],"replies":[{"embeddable":true,"href":"https:\/\/www.argetek.com.tr\/en\/wp-json\/wp\/v2\/comments?post=1187"}],"version-history":[{"count":20,"href":"https:\/\/www.argetek.com.tr\/en\/wp-json\/wp\/v2\/pages\/1187\/revisions"}],"predecessor-version":[{"id":1358,"href":"https:\/\/www.argetek.com.tr\/en\/wp-json\/wp\/v2\/pages\/1187\/revisions\/1358"}],"wp:attachment":[{"href":"https:\/\/www.argetek.com.tr\/en\/wp-json\/wp\/v2\/media?parent=1187"}],"curies":[{"name":"wp","href":"https:\/\/api.w.org\/{rel}","templated":true}]}}